{"id":14492,"date":"2026-02-14T00:52:40","date_gmt":"2026-02-13T23:52:40","guid":{"rendered":"https:\/\/parapharmacieenligne.ma\/?post_type=product&#038;p=14492"},"modified":"2026-02-14T00:52:48","modified_gmt":"2026-02-13T23:52:48","slug":"gleamy-super-collagene-30-gelules","status":"publish","type":"product","link":"https:\/\/parapharmacieenligne.ma\/en\/product\/gleamy-super-collagene-30-gelules\/","title":{"rendered":"GLEAMY SUPER COLLAGENE 30 GELULES"},"content":{"rendered":"<p>Les Cl\u00e9s de la R\u00e9ussite de Gleamy Super Collag\u00e8ne:<\/p>\n<p>Collag\u00e8ne de Qualit\u00e9 Sup\u00e9rieure: Lib\u00e9rez le potentiel r\u00e9g\u00e9n\u00e9rant du collag\u00e8ne, cette prot\u00e9ine essentielle \u00e0 la sant\u00e9 de la peau. R\u00e9duisez l&rsquo;apparence des rides et redonnez \u00e0 votre peau son \u00e9lasticit\u00e9 naturelle.<\/p>\n<p>Vitamine C Int\u00e9grale: La vitamine C, reine des antioxydants, illumine votre teint tout en contribuant \u00e0 la pr\u00e9vention des signes de vieillissement. Une peau \u00e9clatante et rajeunie est \u00e0 port\u00e9e de main.<\/p>\n<p>Zinc, l&rsquo;\u00c9lixir de R\u00e9g\u00e9n\u00e9ration: Nourrissez vos cellules cutan\u00e9es en profondeur avec le zinc, un oligo-\u00e9l\u00e9ment essentiel qui favorise la r\u00e9g\u00e9n\u00e9ration cellulaire. Obtenez une peau radieuse qui respire la vitalit\u00e9.<\/p>\n<p>Biotine, le Secret de la Jeunesse: La biotine (B8) apporte sa contribution pr\u00e9cieuse en prot\u00e9geant votre peau contre l&rsquo;oxydation cellulaire. Att\u00e9nuez les signes du temps pour une peau visiblement plus jeune.<\/p>\n<p>COMPOSITION<\/p>\n<p>GLEAMY SUPER COLLAGENE 30 G\u00c9LULES contient une formulation sp\u00e9cialement con\u00e7ue pour am\u00e9liorer la sant\u00e9 de la peau. Chaque g\u00e9lule de 300 mg comprend les ingr\u00e9dients suivants :<\/p>\n<p>Collag\u00e8ne Marin: 150mg<\/p>\n<p>Vitamine C: 80mg<\/p>\n<p>Gluconate de Zinc: 7mg<\/p>\n<p>Biotine: 200mcg<\/p>\n<p>MCC102, G\u00e9lule Halal<\/p>\n<p>Ces composants sont s\u00e9lectionn\u00e9s pour leurs bienfaits synergiques, visant \u00e0 repulper la peau, am\u00e9liorer son \u00e9clat et maintenir une apparence jeune. Le collag\u00e8ne marin aide \u00e0 la structure et \u00e0 la fermet\u00e9 de la peau, la vitamine C favorise la synth\u00e8se de collag\u00e8ne, le gluconate de zinc contribue \u00e0 la sant\u00e9 de la peau et la biotine soutient la r\u00e9g\u00e9n\u00e9ration cellulaire.<\/p>\n<p>CONSEILS D&rsquo;UTILISATION <\/p>\n<p>Cure Active (2 mois): Prenez 2 g\u00e9lules par jour le soir avec un grand verre d&rsquo;eau pour une r\u00e9g\u00e9n\u00e9ration intense et une peau transform\u00e9e.<\/p>\n<p>Cure d\u2019Entretien (3 mois): Prolongez les bienfaits avec 1 \u00e0 2 g\u00e9lules par jour le soir, pour maintenir la vitalit\u00e9 de votre peau.<\/p>","protected":false},"excerpt":{"rendered":"<p>Les Cl\u00e9s de la R\u00e9ussite de Gleamy Super Collag\u00e8ne: Collag\u00e8ne de Qualit\u00e9 Sup\u00e9rieure: Lib\u00e9rez le potentiel r\u00e9g\u00e9n\u00e9rant du collag\u00e8ne, cette prot\u00e9ine essentielle&hellip;<\/p>","protected":false},"featured_media":14491,"comment_status":"open","ping_status":"closed","template":"","meta":[],"product_cat":[92],"product_tag":[],"yith_product_brand":[190],"class_list":{"0":"post-14492","1":"product","2":"type-product","3":"status-publish","4":"has-post-thumbnail","6":"product_cat-complements-alimentaires","7":"yith_product_brand-gleamy","9":"first","10":"instock","11":"sale","12":"shipping-taxable","13":"purchasable","14":"product-type-simple"},"_links":{"self":[{"href":"https:\/\/parapharmacieenligne.ma\/en\/wp-json\/wp\/v2\/product\/14492","targetHints":{"allow":["GET"]}}],"collection":[{"href":"https:\/\/parapharmacieenligne.ma\/en\/wp-json\/wp\/v2\/product"}],"about":[{"href":"https:\/\/parapharmacieenligne.ma\/en\/wp-json\/wp\/v2\/types\/product"}],"replies":[{"embeddable":true,"href":"https:\/\/parapharmacieenligne.ma\/en\/wp-json\/wp\/v2\/comments?post=14492"}],"version-history":[{"count":1,"href":"https:\/\/parapharmacieenligne.ma\/en\/wp-json\/wp\/v2\/product\/14492\/revisions"}],"predecessor-version":[{"id":14493,"href":"https:\/\/parapharmacieenligne.ma\/en\/wp-json\/wp\/v2\/product\/14492\/revisions\/14493"}],"wp:featuredmedia":[{"embeddable":true,"href":"https:\/\/parapharmacieenligne.ma\/en\/wp-json\/wp\/v2\/media\/14491"}],"wp:attachment":[{"href":"https:\/\/parapharmacieenligne.ma\/en\/wp-json\/wp\/v2\/media?parent=14492"}],"wp:term":[{"taxonomy":"product_cat","embeddable":true,"href":"https:\/\/parapharmacieenligne.ma\/en\/wp-json\/wp\/v2\/product_cat?post=14492"},{"taxonomy":"product_tag","embeddable":true,"href":"https:\/\/parapharmacieenligne.ma\/en\/wp-json\/wp\/v2\/product_tag?post=14492"},{"taxonomy":"yith_product_brand","embeddable":true,"href":"https:\/\/parapharmacieenligne.ma\/en\/wp-json\/wp\/v2\/yith_product_brand?post=14492"}],"curies":[{"name":"wp","href":"https:\/\/api.w.org\/{rel}","templated":true}]}}