{"id":14495,"date":"2026-02-14T00:52:58","date_gmt":"2026-02-13T23:52:58","guid":{"rendered":"https:\/\/parapharmacieenligne.ma\/?post_type=product&#038;p=14495"},"modified":"2026-02-14T00:53:10","modified_gmt":"2026-02-13T23:53:10","slug":"gleamy-super-melatonine-30-gelules","status":"publish","type":"product","link":"https:\/\/parapharmacieenligne.ma\/en\/product\/gleamy-super-melatonine-30-gelules\/","title":{"rendered":"GLEAMY SUPER MELATONINE 30 GELULES"},"content":{"rendered":"<p>Les Cl\u00e9s de la R\u00e9ussite de Gleamy Super M\u00e9latonine:<\/p>\n<p>M\u00e9latonine de Qualit\u00e9 Sup\u00e9rieure: R\u00e9duisez efficacement le temps d&rsquo;endormissement et att\u00e9nuez les effets du d\u00e9calage horaire gr\u00e2ce \u00e0 cette hormone naturelle. Profitez d&rsquo;un sommeil r\u00e9parateur chaque nuit.<\/p>\n<p>Magn\u00e9sium Marin: Le magn\u00e9sium contribue \u00e0 la r\u00e9duction de la fatigue et au bon fonctionnement du syst\u00e8me nerveux. Retrouvez votre vitalit\u00e9 pour des journ\u00e9es pleines d&rsquo;\u00e9nergie.<\/p>\n<p>Millepertuis, l&rsquo;Alli\u00e9 Bien \u00eatre: Cette plante traditionnelle est reconnue pour favoriser la bonne humeur et le bien-\u00eatre g\u00e9n\u00e9ral. D\u00e9marrez chaque journ\u00e9e avec une positive attitude.<\/p>\n<p>COMPOSITION<\/p>\n<p>GLEAMY SUPER MELATONINE 30 G\u00c9LULES se compose des \u00e9l\u00e9ments suivants par g\u00e9lule de 300mg :<\/p>\n<p>M\u00e9latonine: 2mg<\/p>\n<p>Millepertuis: 150mg<\/p>\n<p>Magn\u00e9sium Marin: 100mg<\/p>\n<p>MCC102<\/p>\n<p>G\u00e9lule Halal<\/p>\n<p>Gleamy Super M\u00e9latonine est formul\u00e9 pour favoriser un sommeil apais\u00e9 et r\u00e9duire le stress quotidien.<\/p>\n<p>CONSEILS D&rsquo;UTILISATION :<\/p>\n<p>Cure Active (2 mois) : Prenez 1 g\u00e9lule par jour le soir, 30 minutes avant le coucher, pour optimiser la qualit\u00e9 du sommeil et r\u00e9duire le temps d&rsquo;endormissement.<\/p>\n<p>Cure d\u2019Entretien (3 mois) : Continuez avec 1 g\u00e9lule chaque soir avant de dormir pour maintenir les effets b\u00e9n\u00e9fiques sur le sommeil et la gestion du stress quotidien.<\/p>","protected":false},"excerpt":{"rendered":"<p>Les Cl\u00e9s de la R\u00e9ussite de Gleamy Super M\u00e9latonine: M\u00e9latonine de Qualit\u00e9 Sup\u00e9rieure: R\u00e9duisez efficacement le temps d&rsquo;endormissement et att\u00e9nuez les effets&hellip;<\/p>","protected":false},"featured_media":14494,"comment_status":"open","ping_status":"closed","template":"","meta":[],"product_cat":[92],"product_tag":[],"yith_product_brand":[190],"class_list":{"0":"post-14495","1":"product","2":"type-product","3":"status-publish","4":"has-post-thumbnail","6":"product_cat-complements-alimentaires","7":"yith_product_brand-gleamy","9":"first","10":"instock","11":"sale","12":"shipping-taxable","13":"purchasable","14":"product-type-simple"},"_links":{"self":[{"href":"https:\/\/parapharmacieenligne.ma\/en\/wp-json\/wp\/v2\/product\/14495","targetHints":{"allow":["GET"]}}],"collection":[{"href":"https:\/\/parapharmacieenligne.ma\/en\/wp-json\/wp\/v2\/product"}],"about":[{"href":"https:\/\/parapharmacieenligne.ma\/en\/wp-json\/wp\/v2\/types\/product"}],"replies":[{"embeddable":true,"href":"https:\/\/parapharmacieenligne.ma\/en\/wp-json\/wp\/v2\/comments?post=14495"}],"version-history":[{"count":1,"href":"https:\/\/parapharmacieenligne.ma\/en\/wp-json\/wp\/v2\/product\/14495\/revisions"}],"predecessor-version":[{"id":14496,"href":"https:\/\/parapharmacieenligne.ma\/en\/wp-json\/wp\/v2\/product\/14495\/revisions\/14496"}],"wp:featuredmedia":[{"embeddable":true,"href":"https:\/\/parapharmacieenligne.ma\/en\/wp-json\/wp\/v2\/media\/14494"}],"wp:attachment":[{"href":"https:\/\/parapharmacieenligne.ma\/en\/wp-json\/wp\/v2\/media?parent=14495"}],"wp:term":[{"taxonomy":"product_cat","embeddable":true,"href":"https:\/\/parapharmacieenligne.ma\/en\/wp-json\/wp\/v2\/product_cat?post=14495"},{"taxonomy":"product_tag","embeddable":true,"href":"https:\/\/parapharmacieenligne.ma\/en\/wp-json\/wp\/v2\/product_tag?post=14495"},{"taxonomy":"yith_product_brand","embeddable":true,"href":"https:\/\/parapharmacieenligne.ma\/en\/wp-json\/wp\/v2\/yith_product_brand?post=14495"}],"curies":[{"name":"wp","href":"https:\/\/api.w.org\/{rel}","templated":true}]}}