{"id":14498,"date":"2026-02-14T00:53:19","date_gmt":"2026-02-13T23:53:19","guid":{"rendered":"https:\/\/parapharmacieenligne.ma\/?post_type=product&#038;p=14498"},"modified":"2026-02-14T00:53:28","modified_gmt":"2026-02-13T23:53:28","slug":"gleamy-toner-exfoliant-booster-eclat-anti-imperfections-reparateur-100-ml","status":"publish","type":"product","link":"https:\/\/parapharmacieenligne.ma\/en\/product\/gleamy-toner-exfoliant-booster-eclat-anti-imperfections-reparateur-100-ml\/","title":{"rendered":"GLEAMY TONER EXFOLIANT BOOSTER ECLAT ANTI IMPERFECTIONS REPARATEUR 100 ML"},"content":{"rendered":"<p>Bienfaits cl\u00e9s <\/p>\n<p>Acide Salicylique : Exfolie en douceur pour \u00e9liminer les cellules mortes, assainir la peau et r\u00e9duire les imperfections.<\/p>\n<p>Vitamine C : Illumine le teint et r\u00e9duit l&rsquo;apparence des taches brunes pour un \u00e9clat naturel.<\/p>\n<p>Acide Hyaluronique : Hydrate en profondeur, repulpe la peau et att\u00e9nue les rides, laissant une texture lisse et soyeuse.<\/p>\n<p>Niacinamide : R\u00e9gule la production de s\u00e9bum, apaise les rougeurs, att\u00e9nue les imperfections et affine le grain de peau.<\/p>\n<p>Sa texture l\u00e9g\u00e8re et non collante p\u00e9n\u00e8tre rapidement, rendant votre routine soin simple et efficace. Ce toner est id\u00e9al pour les peaux sujettes aux imperfections, qu&rsquo;elles soient grasses, mixtes ou d\u00e9shydrat\u00e9es.<\/p>\n<p>Composition<\/p>\n<p>Aqua, Glycolic Acid, Propylene Glycol, Alcohol Denat., Niacinamide, Glycerin, Polysorbate 80, Sodium Hyaluronate, 3-O-Ethyl Ascorbic Acid, Aloe Barbadensis Leaf Juice, Panthenol, Camellia Sinensis Leaf Extract, Calendula Officinalis Flower Extract, Salicylic Acid, Menthol, Phenoxyethanol, Disodium EDTA.<\/p>\n<p>Conseil d&rsquo;utilisation<\/p>\n<p>Pour profiter de tous ses bienfaits, utilisez le toner matin et soir :<\/p>\n<p>Sur une peau propre, appliquez directement sur le visage ou \u00e0 l&rsquo;aide d&rsquo;un coton imbib\u00e9.<\/p>\n<p>Passez le d\u00e9licatement sur l&rsquo;ensemble du visage en \u00e9vitant le contour des yeux.<\/p>\n<p>Poursuivez avec votre s\u00e9rum et cr\u00e8me hydratante habituels.<\/p>\n<p>Pour des r\u00e9sultats optimaux, int\u00e9grez ce toner \u00e0 votre routine quotidienne et prot\u00e9gez votre peau avec un \u00e9cran solaire en journ\u00e9e.<\/p>","protected":false},"excerpt":{"rendered":"<p>Bienfaits cl\u00e9s Acide Salicylique : Exfolie en douceur pour \u00e9liminer les cellules mortes, assainir la peau et r\u00e9duire les imperfections. Vitamine C&hellip;<\/p>","protected":false},"featured_media":14497,"comment_status":"open","ping_status":"closed","template":"","meta":[],"product_cat":[83],"product_tag":[],"yith_product_brand":[190],"class_list":{"0":"post-14498","1":"product","2":"type-product","3":"status-publish","4":"has-post-thumbnail","6":"product_cat-soins-visage","7":"yith_product_brand-gleamy","9":"first","10":"instock","11":"sale","12":"shipping-taxable","13":"purchasable","14":"product-type-simple"},"_links":{"self":[{"href":"https:\/\/parapharmacieenligne.ma\/en\/wp-json\/wp\/v2\/product\/14498","targetHints":{"allow":["GET"]}}],"collection":[{"href":"https:\/\/parapharmacieenligne.ma\/en\/wp-json\/wp\/v2\/product"}],"about":[{"href":"https:\/\/parapharmacieenligne.ma\/en\/wp-json\/wp\/v2\/types\/product"}],"replies":[{"embeddable":true,"href":"https:\/\/parapharmacieenligne.ma\/en\/wp-json\/wp\/v2\/comments?post=14498"}],"version-history":[{"count":1,"href":"https:\/\/parapharmacieenligne.ma\/en\/wp-json\/wp\/v2\/product\/14498\/revisions"}],"predecessor-version":[{"id":14499,"href":"https:\/\/parapharmacieenligne.ma\/en\/wp-json\/wp\/v2\/product\/14498\/revisions\/14499"}],"wp:featuredmedia":[{"embeddable":true,"href":"https:\/\/parapharmacieenligne.ma\/en\/wp-json\/wp\/v2\/media\/14497"}],"wp:attachment":[{"href":"https:\/\/parapharmacieenligne.ma\/en\/wp-json\/wp\/v2\/media?parent=14498"}],"wp:term":[{"taxonomy":"product_cat","embeddable":true,"href":"https:\/\/parapharmacieenligne.ma\/en\/wp-json\/wp\/v2\/product_cat?post=14498"},{"taxonomy":"product_tag","embeddable":true,"href":"https:\/\/parapharmacieenligne.ma\/en\/wp-json\/wp\/v2\/product_tag?post=14498"},{"taxonomy":"yith_product_brand","embeddable":true,"href":"https:\/\/parapharmacieenligne.ma\/en\/wp-json\/wp\/v2\/yith_product_brand?post=14498"}],"curies":[{"name":"wp","href":"https:\/\/api.w.org\/{rel}","templated":true}]}}