{"id":14501,"date":"2026-02-14T00:53:37","date_gmt":"2026-02-13T23:53:37","guid":{"rendered":"https:\/\/parapharmacieenligne.ma\/?post_type=product&#038;p=14501"},"modified":"2026-02-14T00:53:44","modified_gmt":"2026-02-13T23:53:44","slug":"gleamy-creme-hydratante-anti-lumiere-bleu-aux-5-ceramides-50-ml","status":"publish","type":"product","link":"https:\/\/parapharmacieenligne.ma\/en\/product\/gleamy-creme-hydratante-anti-lumiere-bleu-aux-5-ceramides-50-ml\/","title":{"rendered":"GLEAMY CREME HYDRATANTE ANTI LUMIERE BLEU AUX 5 CERAMIDES 50 ML"},"content":{"rendered":"<p>Sa formule exclusive associe 5 c\u00e9ramides essentiels \u00e0 des filtres anti lumi\u00e8re bleue, cr\u00e9ant un bouclier contre les agressions digitales et la pollution urbaine. Les antioxydants puissants neutralisent les radicaux libres, pr\u00e9venant ainsi le vieillissement pr\u00e9matur\u00e9 et les signes de fatigue visibles. L\u2019acide hyaluronique hydrate profond\u00e9ment la peau, laissant un toucher doux et soyeux. Enrichie en vitamines C et E, la cr\u00e8me stimule l\u2019\u00e9clat naturel du teint, unifiant la peau et r\u00e9v\u00e9lant sa luminosit\u00e9.<\/p>\n<p>Le complexe d\u2019agents apaisants procure une sensation imm\u00e9diate de confort, tout en renfor\u00e7ant la barri\u00e8re cutan\u00e9e et en pr\u00e9venant l\u2019apparition des ridules li\u00e9es au stress environnemental. Les actifs anti-\u00e2ge travaillent en synergie pour retarder les signes de vieillissement et maintenir la jeunesse de la peau au quotidien.<\/p>\n<p>Parfaite pour tous les types de peau, m\u00eame sensibles, la GLEAMY Cr\u00e8me Hydratante Anti Lumi\u00e8re Bleue s\u2019int\u00e8gre facilement \u00e0 votre routine beaut\u00e9. Elle est id\u00e9ale matin et soir, offrant protection, hydratation et \u00e9clat durable.<\/p>\n<p>Conseils d&rsquo;utilisation:<br \/>\nAppliquer une noisette sur visage et cou propres.<\/p>\n<p>Masser d\u00e9licatement jusqu\u2019\u00e0 absorption compl\u00e8te.<\/p>\n<p>Utiliser quotidiennement, matin et soir, avant votre cr\u00e8me solaire le matin.<\/p>\n<p>Peut \u00eatre combin\u00e9e avec vos s\u00e9rums habituels pour un effet renforc\u00e9.<\/p>","protected":false},"excerpt":{"rendered":"<p>Sa formule exclusive associe 5 c\u00e9ramides essentiels \u00e0 des filtres anti lumi\u00e8re bleue, cr\u00e9ant un bouclier contre les agressions digitales et la&hellip;<\/p>","protected":false},"featured_media":14500,"comment_status":"open","ping_status":"closed","template":"","meta":[],"product_cat":[83],"product_tag":[],"yith_product_brand":[190],"class_list":{"0":"post-14501","1":"product","2":"type-product","3":"status-publish","4":"has-post-thumbnail","6":"product_cat-soins-visage","7":"yith_product_brand-gleamy","9":"first","10":"instock","11":"sale","12":"shipping-taxable","13":"purchasable","14":"product-type-simple"},"_links":{"self":[{"href":"https:\/\/parapharmacieenligne.ma\/en\/wp-json\/wp\/v2\/product\/14501","targetHints":{"allow":["GET"]}}],"collection":[{"href":"https:\/\/parapharmacieenligne.ma\/en\/wp-json\/wp\/v2\/product"}],"about":[{"href":"https:\/\/parapharmacieenligne.ma\/en\/wp-json\/wp\/v2\/types\/product"}],"replies":[{"embeddable":true,"href":"https:\/\/parapharmacieenligne.ma\/en\/wp-json\/wp\/v2\/comments?post=14501"}],"version-history":[{"count":1,"href":"https:\/\/parapharmacieenligne.ma\/en\/wp-json\/wp\/v2\/product\/14501\/revisions"}],"predecessor-version":[{"id":14502,"href":"https:\/\/parapharmacieenligne.ma\/en\/wp-json\/wp\/v2\/product\/14501\/revisions\/14502"}],"wp:featuredmedia":[{"embeddable":true,"href":"https:\/\/parapharmacieenligne.ma\/en\/wp-json\/wp\/v2\/media\/14500"}],"wp:attachment":[{"href":"https:\/\/parapharmacieenligne.ma\/en\/wp-json\/wp\/v2\/media?parent=14501"}],"wp:term":[{"taxonomy":"product_cat","embeddable":true,"href":"https:\/\/parapharmacieenligne.ma\/en\/wp-json\/wp\/v2\/product_cat?post=14501"},{"taxonomy":"product_tag","embeddable":true,"href":"https:\/\/parapharmacieenligne.ma\/en\/wp-json\/wp\/v2\/product_tag?post=14501"},{"taxonomy":"yith_product_brand","embeddable":true,"href":"https:\/\/parapharmacieenligne.ma\/en\/wp-json\/wp\/v2\/yith_product_brand?post=14501"}],"curies":[{"name":"wp","href":"https:\/\/api.w.org\/{rel}","templated":true}]}}