{"id":14541,"date":"2026-02-15T01:15:47","date_gmt":"2026-02-15T00:15:47","guid":{"rendered":"https:\/\/parapharmacieenligne.ma\/?post_type=product&#038;p=14541"},"modified":"2026-02-15T01:15:55","modified_gmt":"2026-02-15T00:15:55","slug":"maelys-spiruline-vitamine-c-60-gelules","status":"publish","type":"product","link":"https:\/\/parapharmacieenligne.ma\/en\/product\/maelys-spiruline-vitamine-c-60-gelules\/","title":{"rendered":"MAELYS SPIRULINE &amp; VITAMINE C 60 G\u00c9LULES"},"content":{"rendered":"<p>La spiruline : est une algue microscopique tr\u00e8s riche en prot\u00e9ines \u00e0 grande valeur nutritive .De ce fait,elle est propos\u00e9e pour l&rsquo;apport prot\u00e9ique alternatif.<\/p>\n<p>La spiruline est par ailleurs riche en acides gras essentiels,en carot\u00e9no\u00efdes,en acides amin\u00e9s essentiels ,en fer,en calcium,en magn\u00e9sium et en vitamines A,B et E<\/p>\n<p>Conseill\u00e9 en cas de :<\/p>\n<p>Hyper cholest\u00e9rol\u00e9mie<\/p>\n<p>R\u00e9gime sportif<\/p>\n<p>R\u00e9gime nutritif<\/p>\n<p>D\u00e9toxification du foie <\/p>\n<p>Stimulant de l&rsquo;immunit\u00e9<\/p>","protected":false},"excerpt":{"rendered":"<p>La spiruline : est une algue microscopique tr\u00e8s riche en prot\u00e9ines \u00e0 grande valeur nutritive .De ce fait,elle est propos\u00e9e pour l&rsquo;apport&hellip;<\/p>","protected":false},"featured_media":14540,"comment_status":"open","ping_status":"closed","template":"","meta":[],"product_cat":[92],"product_tag":[],"yith_product_brand":[191],"class_list":{"0":"post-14541","1":"product","2":"type-product","3":"status-publish","4":"has-post-thumbnail","6":"product_cat-complements-alimentaires","7":"yith_product_brand-maelys","9":"first","10":"instock","11":"sale","12":"shipping-taxable","13":"purchasable","14":"product-type-simple"},"_links":{"self":[{"href":"https:\/\/parapharmacieenligne.ma\/en\/wp-json\/wp\/v2\/product\/14541","targetHints":{"allow":["GET"]}}],"collection":[{"href":"https:\/\/parapharmacieenligne.ma\/en\/wp-json\/wp\/v2\/product"}],"about":[{"href":"https:\/\/parapharmacieenligne.ma\/en\/wp-json\/wp\/v2\/types\/product"}],"replies":[{"embeddable":true,"href":"https:\/\/parapharmacieenligne.ma\/en\/wp-json\/wp\/v2\/comments?post=14541"}],"version-history":[{"count":1,"href":"https:\/\/parapharmacieenligne.ma\/en\/wp-json\/wp\/v2\/product\/14541\/revisions"}],"predecessor-version":[{"id":14542,"href":"https:\/\/parapharmacieenligne.ma\/en\/wp-json\/wp\/v2\/product\/14541\/revisions\/14542"}],"wp:featuredmedia":[{"embeddable":true,"href":"https:\/\/parapharmacieenligne.ma\/en\/wp-json\/wp\/v2\/media\/14540"}],"wp:attachment":[{"href":"https:\/\/parapharmacieenligne.ma\/en\/wp-json\/wp\/v2\/media?parent=14541"}],"wp:term":[{"taxonomy":"product_cat","embeddable":true,"href":"https:\/\/parapharmacieenligne.ma\/en\/wp-json\/wp\/v2\/product_cat?post=14541"},{"taxonomy":"product_tag","embeddable":true,"href":"https:\/\/parapharmacieenligne.ma\/en\/wp-json\/wp\/v2\/product_tag?post=14541"},{"taxonomy":"yith_product_brand","embeddable":true,"href":"https:\/\/parapharmacieenligne.ma\/en\/wp-json\/wp\/v2\/yith_product_brand?post=14541"}],"curies":[{"name":"wp","href":"https:\/\/api.w.org\/{rel}","templated":true}]}}