{"id":14580,"date":"2026-02-16T16:23:27","date_gmt":"2026-02-16T15:23:27","guid":{"rendered":"https:\/\/parapharmacieenligne.ma\/?post_type=product&#038;p=14580"},"modified":"2026-02-16T16:23:34","modified_gmt":"2026-02-16T15:23:34","slug":"nuhanciam-offre-fluide-matifiant-unifiant-40ml-mousse-nettoyante-vitamine-c-50-ml-offerte","status":"publish","type":"product","link":"https:\/\/parapharmacieenligne.ma\/en\/product\/nuhanciam-offre-fluide-matifiant-unifiant-40ml-mousse-nettoyante-vitamine-c-50-ml-offerte\/","title":{"rendered":"NUHANCIAM OFFRE FLUIDE MATIFIANT UNIFIANT 40ML + MOUSSE NETTOYANTE VITAMINE C 50 ML OFFERTE"},"content":{"rendered":"<p>Ce soin est particuli\u00e8rement adapt\u00e9 aux peaux qui brillent, mixtes \u00e0 grasses. La texture fine et non grasse du Fluide Matifiant Unifiant p\u00e9n\u00e8tre imm\u00e9diatement pour ne laisser qu\u2019un toucher velout\u00e9, doux et parfaitement mat. Elle permet aussi un maquillage imm\u00e9diat dont l\u2019application est facilit\u00e9e, la longue tenue assur\u00e9e tout au long de la journ\u00e9e.<\/p>\n<p>Ce produit contient 93% d&rsquo;ingr\u00e9dients d&rsquo;origine naturelle.<\/p>\n<p>Conseils d&rsquo;utilisation :<\/p>\n<p>Appliquer sur une peau propre et s\u00e8che, en insistant sur la zone T (front nez et menton). La texture fine du fluide p\u00e9n\u00e8tre instantan\u00e9ment et permet un maquillage imm\u00e9diat ; c&rsquo;est une parfaite base de maquillage qui facilite l&rsquo;application du fond de teint et\/ou de la poudre et en assure la tenue tout au long de la journ\u00e9e<\/p>\n<p>Composition :<\/p>\n<p>AQUA (WATER), CORYLUS AVELLANA (HAZEL) SEED OIL, ISODECYL NEOPENTANOATE, SILICA, GLYCERIN, BUTYL AVOCADATE, C20-22 ALKYL PHOSPHATE, C20-22 ALCOHOLS, CETYL ALCOHOL, BUTYLENE GLYCOL, HYDROXYACETOPHENONE, BISABOLOL, PEG-60 ALMOND GLYCERIDES, CAPRYLYL GLYCOL, CHLORPHENESIN, XANTHAN GUM, HYDROXYETHYL ACRYLATE\/SODIUM ACRYLOYLDIMETHYL TAURATE COPOLYMER, SODIUM HYDROXIDE, SQUALANE, TOCOPHEROL, PARFUM (FRAGRANCE), SODIUM PHYTATE, GLYCINE SOJA (SOYBEAN) OIL, POLYSORBATE 60, SODIUM CITRATE, SORBITAN ISOSTEARATE, CARBOMER, CITRIC ACID, NORDIHYDROGUAIARETIC ACID, ALCOHOL, OLEANOLIC ACID, SODIUM METABISULFITE, BIOTIN, LINALYL ACETATE, TERPINEOL, GERANYL ACETATE, POGOSTEMON CABLIN OIL.<\/p>","protected":false},"excerpt":{"rendered":"<p>Ce soin est particuli\u00e8rement adapt\u00e9 aux peaux qui brillent, mixtes \u00e0 grasses. La texture fine et non grasse du Fluide Matifiant Unifiant&hellip;<\/p>","protected":false},"featured_media":14579,"comment_status":"open","ping_status":"closed","template":"","meta":[],"product_cat":[83],"product_tag":[],"yith_product_brand":[192],"class_list":{"0":"post-14580","1":"product","2":"type-product","3":"status-publish","4":"has-post-thumbnail","6":"product_cat-soins-visage","7":"yith_product_brand-nuhanciam","9":"first","10":"instock","11":"sale","12":"shipping-taxable","13":"purchasable","14":"product-type-simple"},"_links":{"self":[{"href":"https:\/\/parapharmacieenligne.ma\/en\/wp-json\/wp\/v2\/product\/14580","targetHints":{"allow":["GET"]}}],"collection":[{"href":"https:\/\/parapharmacieenligne.ma\/en\/wp-json\/wp\/v2\/product"}],"about":[{"href":"https:\/\/parapharmacieenligne.ma\/en\/wp-json\/wp\/v2\/types\/product"}],"replies":[{"embeddable":true,"href":"https:\/\/parapharmacieenligne.ma\/en\/wp-json\/wp\/v2\/comments?post=14580"}],"version-history":[{"count":1,"href":"https:\/\/parapharmacieenligne.ma\/en\/wp-json\/wp\/v2\/product\/14580\/revisions"}],"predecessor-version":[{"id":14581,"href":"https:\/\/parapharmacieenligne.ma\/en\/wp-json\/wp\/v2\/product\/14580\/revisions\/14581"}],"wp:featuredmedia":[{"embeddable":true,"href":"https:\/\/parapharmacieenligne.ma\/en\/wp-json\/wp\/v2\/media\/14579"}],"wp:attachment":[{"href":"https:\/\/parapharmacieenligne.ma\/en\/wp-json\/wp\/v2\/media?parent=14580"}],"wp:term":[{"taxonomy":"product_cat","embeddable":true,"href":"https:\/\/parapharmacieenligne.ma\/en\/wp-json\/wp\/v2\/product_cat?post=14580"},{"taxonomy":"product_tag","embeddable":true,"href":"https:\/\/parapharmacieenligne.ma\/en\/wp-json\/wp\/v2\/product_tag?post=14580"},{"taxonomy":"yith_product_brand","embeddable":true,"href":"https:\/\/parapharmacieenligne.ma\/en\/wp-json\/wp\/v2\/yith_product_brand?post=14580"}],"curies":[{"name":"wp","href":"https:\/\/api.w.org\/{rel}","templated":true}]}}