{"id":14595,"date":"2026-02-16T16:27:56","date_gmt":"2026-02-16T15:27:56","guid":{"rendered":"https:\/\/parapharmacieenligne.ma\/?post_type=product&#038;p=14595"},"modified":"2026-02-16T16:28:06","modified_gmt":"2026-02-16T15:28:06","slug":"nuhanciam-offre-gel-nettoyant-dermo-purifiant-165ml-lait-corps-50ml-offert","status":"publish","type":"product","link":"https:\/\/parapharmacieenligne.ma\/en\/product\/nuhanciam-offre-gel-nettoyant-dermo-purifiant-165ml-lait-corps-50ml-offert\/","title":{"rendered":"NUHANCIAM OFFRE GEL NETTOYANT DERMO-PURIFIANT 165ML + LAIT CORPS 50ML OFFERT"},"content":{"rendered":"<p>D\u00e8s la premi\u00e8re utilisation, la sensation de propret\u00e9 est optimale.<\/p>\n<p>Le Gel Nettoyant Dermo-purifiant laisse la place \u00e0 une peau visiblement nette, mate, \u00e0 un teint clair, uniforme.<\/p>\n<p>Vos pores sont d\u00e9sobstru\u00e9s, votre \u00e9piderme est assaini, purifi\u00e9, le relief est plus r\u00e9gulier, votre peau est saine, elle respire.<\/p>\n<p>Ce produit contient 96% d&rsquo;ingr\u00e9dients d&rsquo;origine naturelle.<\/p>\n<p>Conseils d&rsquo;utilisation :<\/p>\n<p>Appliquez sur le visage et le cou en petits mouvements circulaires, de l\u2019int\u00e9rieur vers l\u2019ext\u00e9rieur. Insistez sur le front, les tempes, le long du cuir chevelu. Evitez le contour des yeux.<\/p>\n<p>Rincez abondamment \u00e0 l\u2019eau claire. S\u00e9chez d\u00e9licatement votre peau en tamponnant votre visage avec une serviette en coton propre.<\/p>\n<p>Le Gel Nettoyant Dermo-purifiant peut \u00eatre utilis\u00e9 sur d\u2019autres r\u00e9gions du corps : d\u00e9collet\u00e9, dos, thorax, etc.<\/p>\n<p>Test\u00e9 sous contr\u00f4le dermatologique sur des peaux \u00e0 tendance acn\u00e9ique.<\/p>\n<p>En cas de contact avec les yeux, rincez \u00e0 l\u2019eau claire.<\/p>\n<p>Principes actifs :<\/p>\n<p>\u2666 Ce gel a \u00e9t\u00e9 formul\u00e9 \u00e0 un pH physiologique acide pour s\u2019adapter \u00e0 celui des peaux \u00e0 tendance acn\u00e9ique.<\/p>\n<p>\u2666 Le dosage intelligent et le choix de tensio-actifs doux permet \u00e0 la base nettoyante sans savon d\u2019agir en surface et au plus profond des pores de la peau, en alliant efficacit\u00e9 et douceur. Elle \u00e9limine les impuret\u00e9s \u2013dont le maquillage-, les d\u00e9chets organiques \u2013dont l\u2019exc\u00e8s de s\u00e9bum-, lib\u00e8re les pores obstru\u00e9s, assainit, aide \u00e0 r\u00e9duire les boutons et les points noirs.<\/p>\n<p>\u2666 Un d\u00e9riv\u00e9 de Zinc agit de mani\u00e8re astringente, contribue \u00e0 resserrer les pores et \u00e0 affiner le grain de la peau. Il aide \u00e9galement \u00e0 r\u00e9guler la s\u00e9cr\u00e9tion de s\u00e9bum.<\/p>\n<p>\u2666 Le Di-glyc\u00e9rol, puissant hydratant, laisse la peau saine et confortable.<\/p>\n<p>Composition :<\/p>\n<p>AQUA (WATER), DISODIUM LAURETH SULFOSUCCINATE, SODIUM LAURYL SULFOACETATE, COCAMIDOPROPYL BETAINE, DIGLYCERIN, PEG-90 GLYCERYL ISOSTEARATE, SODIUM CHLORIDE, CAPRYLYL GLYCOL, CHLORPHENESIN, CITRIC ACID, SODIUM BENZOATE, ETHYLHEXYLGLYCERIN, ZINC PCA, DISODIUM EDTA, LAURETH-2.<\/p>","protected":false},"excerpt":{"rendered":"<p>D\u00e8s la premi\u00e8re utilisation, la sensation de propret\u00e9 est optimale. Le Gel Nettoyant Dermo-purifiant laisse la place \u00e0 une peau visiblement nette,&hellip;<\/p>","protected":false},"featured_media":14594,"comment_status":"open","ping_status":"closed","template":"","meta":[],"product_cat":[83],"product_tag":[],"yith_product_brand":[192],"class_list":{"0":"post-14595","1":"product","2":"type-product","3":"status-publish","4":"has-post-thumbnail","6":"product_cat-soins-visage","7":"yith_product_brand-nuhanciam","9":"first","10":"instock","11":"sale","12":"shipping-taxable","13":"purchasable","14":"product-type-simple"},"_links":{"self":[{"href":"https:\/\/parapharmacieenligne.ma\/en\/wp-json\/wp\/v2\/product\/14595","targetHints":{"allow":["GET"]}}],"collection":[{"href":"https:\/\/parapharmacieenligne.ma\/en\/wp-json\/wp\/v2\/product"}],"about":[{"href":"https:\/\/parapharmacieenligne.ma\/en\/wp-json\/wp\/v2\/types\/product"}],"replies":[{"embeddable":true,"href":"https:\/\/parapharmacieenligne.ma\/en\/wp-json\/wp\/v2\/comments?post=14595"}],"version-history":[{"count":1,"href":"https:\/\/parapharmacieenligne.ma\/en\/wp-json\/wp\/v2\/product\/14595\/revisions"}],"predecessor-version":[{"id":14596,"href":"https:\/\/parapharmacieenligne.ma\/en\/wp-json\/wp\/v2\/product\/14595\/revisions\/14596"}],"wp:featuredmedia":[{"embeddable":true,"href":"https:\/\/parapharmacieenligne.ma\/en\/wp-json\/wp\/v2\/media\/14594"}],"wp:attachment":[{"href":"https:\/\/parapharmacieenligne.ma\/en\/wp-json\/wp\/v2\/media?parent=14595"}],"wp:term":[{"taxonomy":"product_cat","embeddable":true,"href":"https:\/\/parapharmacieenligne.ma\/en\/wp-json\/wp\/v2\/product_cat?post=14595"},{"taxonomy":"product_tag","embeddable":true,"href":"https:\/\/parapharmacieenligne.ma\/en\/wp-json\/wp\/v2\/product_tag?post=14595"},{"taxonomy":"yith_product_brand","embeddable":true,"href":"https:\/\/parapharmacieenligne.ma\/en\/wp-json\/wp\/v2\/yith_product_brand?post=14595"}],"curies":[{"name":"wp","href":"https:\/\/api.w.org\/{rel}","templated":true}]}}