{"id":14601,"date":"2026-02-16T16:28:30","date_gmt":"2026-02-16T15:28:30","guid":{"rendered":"https:\/\/parapharmacieenligne.ma\/?post_type=product&#038;p=14601"},"modified":"2026-02-16T16:28:36","modified_gmt":"2026-02-16T15:28:36","slug":"nuhanciam-offre-contour-des-yeux-15-ml-mousse-nettoyante-vitamine-c-50ml-offerte","status":"publish","type":"product","link":"https:\/\/parapharmacieenligne.ma\/en\/product\/nuhanciam-offre-contour-des-yeux-15-ml-mousse-nettoyante-vitamine-c-50ml-offerte\/","title":{"rendered":"NUHANCIAM OFFRE CONTOUR DES YEUX 15 ML + MOUSSE NETTOYANTE VITAMINE C 50ML OFFERTE"},"content":{"rendered":"<p>Le soin contour des yeux de la marque Nuhanciam allie efficacit\u00e9 et respect de la fragilit\u00e9 du contour des yeux, cette th\u00e9rapie contour des yeux r\u00e9unit 5 actifs compl\u00e9mentaires qui peuvent agir sur tous les facteurs \u00e0 l&rsquo;origine des cernes et des poches.<\/p>\n<p>&#8211; L&rsquo;extrait de P\u00e2querette et d&rsquo;Epervi\u00e8re att\u00e9nue les cernes bleus,<br \/>\n&#8211; L&rsquo;extrait de Shiitak\u00e9 \u00e9claircit les cernes bruns,<br \/>\n&#8211; L&rsquo;Alpha-Melight lutte contre l&rsquo;hypergimentation<br \/>\n&#8211; L&rsquo;extrait de Marron d&rsquo;Inde r\u00e9duit les poches de r\u00e9tention d&rsquo;eau<br \/>\n&#8211; La cire de Bl\u00e9 noir diminue les poches d&rsquo;accumulation de graisse.<\/p>\n<p>Ce produit contient 89% d&rsquo;ingr\u00e9dients d&rsquo;origine naturelle<\/p>\n<p>Composition :<\/p>\n<p>AQUA (WATER), BUTYLENE GLYCOL, CARTHAMUS TINCAQUA (WATER), BUTYLENE GLYCOL, CARTHAMUS TINCTORIUS (SAFFLOWER) SEED OIL, HYDROGENATED COCONUT OIL, NIACINAMIDE, GLYCERIN, LENTINUS EDODES MYCELIUM EXTRACT, PROPANEDIOL, BELLIS PERENNIS (DAISY) FLOWER EXTRACT, ARACHIDYL ALCOHOL, CETEARYL ALCOHOL, HIERACIUM PILOSELLA (HAWKWEED) EXTRACT, BEHENYL ALCOHOL, ARACHIDYL GLUCOSIDE, CAPRYLIC\/CAPRIC TRIGLYCERIDE, BISABOLOL, GLYCERYL STEARATE CITRATE, HYDROXYACETOPHENONE, LECITHIN, ESCIN, DIMETHICONE, CAPRYLYL GLYCOL, 1,2-HEXANEDIOL, XANTHAN GUM, ACRYLATES\/C10-30 ALKYL ACRYLATE CROSSPOLYMER, HYDROGENATED VEGETABLE OIL, BETA-SITOSTEROL, TOCOPHEROL, SODIUM PHYTATE, SODIUM HYDROXIDE, SODIUM CITRATE, POLYGONUM FAGOPYRUM SEED EXTRACT, MALUS DOMESTICA FRUIT EXTRACT, SODIUM BENZOATE, CITRIC ACID, SODIUM LEVULINATE, GLYCINE SOJA (SOYBEAN) OIL, ACETYL TETRAPEPTIDE-5, SODIUM DEHYDROACETATE, ALCOHOL.<\/p>","protected":false},"excerpt":{"rendered":"<p>Le soin contour des yeux de la marque Nuhanciam allie efficacit\u00e9 et respect de la fragilit\u00e9 du contour des yeux, cette th\u00e9rapie&hellip;<\/p>","protected":false},"featured_media":14600,"comment_status":"open","ping_status":"closed","template":"","meta":[],"product_cat":[83],"product_tag":[],"yith_product_brand":[192],"class_list":{"0":"post-14601","1":"product","2":"type-product","3":"status-publish","4":"has-post-thumbnail","6":"product_cat-soins-visage","7":"yith_product_brand-nuhanciam","9":"first","10":"instock","11":"sale","12":"shipping-taxable","13":"purchasable","14":"product-type-simple"},"_links":{"self":[{"href":"https:\/\/parapharmacieenligne.ma\/en\/wp-json\/wp\/v2\/product\/14601","targetHints":{"allow":["GET"]}}],"collection":[{"href":"https:\/\/parapharmacieenligne.ma\/en\/wp-json\/wp\/v2\/product"}],"about":[{"href":"https:\/\/parapharmacieenligne.ma\/en\/wp-json\/wp\/v2\/types\/product"}],"replies":[{"embeddable":true,"href":"https:\/\/parapharmacieenligne.ma\/en\/wp-json\/wp\/v2\/comments?post=14601"}],"version-history":[{"count":1,"href":"https:\/\/parapharmacieenligne.ma\/en\/wp-json\/wp\/v2\/product\/14601\/revisions"}],"predecessor-version":[{"id":14602,"href":"https:\/\/parapharmacieenligne.ma\/en\/wp-json\/wp\/v2\/product\/14601\/revisions\/14602"}],"wp:featuredmedia":[{"embeddable":true,"href":"https:\/\/parapharmacieenligne.ma\/en\/wp-json\/wp\/v2\/media\/14600"}],"wp:attachment":[{"href":"https:\/\/parapharmacieenligne.ma\/en\/wp-json\/wp\/v2\/media?parent=14601"}],"wp:term":[{"taxonomy":"product_cat","embeddable":true,"href":"https:\/\/parapharmacieenligne.ma\/en\/wp-json\/wp\/v2\/product_cat?post=14601"},{"taxonomy":"product_tag","embeddable":true,"href":"https:\/\/parapharmacieenligne.ma\/en\/wp-json\/wp\/v2\/product_tag?post=14601"},{"taxonomy":"yith_product_brand","embeddable":true,"href":"https:\/\/parapharmacieenligne.ma\/en\/wp-json\/wp\/v2\/yith_product_brand?post=14601"}],"curies":[{"name":"wp","href":"https:\/\/api.w.org\/{rel}","templated":true}]}}