{"id":14604,"date":"2026-02-16T16:28:44","date_gmt":"2026-02-16T15:28:44","guid":{"rendered":"https:\/\/parapharmacieenligne.ma\/?post_type=product&#038;p=14604"},"modified":"2026-02-16T16:28:52","modified_gmt":"2026-02-16T15:28:52","slug":"nuhanciam-offre-concentre-anti-taches-15-ml-mousse-netooyante-vitamine-c-50ml-offerte","status":"publish","type":"product","link":"https:\/\/parapharmacieenligne.ma\/en\/product\/nuhanciam-offre-concentre-anti-taches-15-ml-mousse-netooyante-vitamine-c-50ml-offerte\/","title":{"rendered":"NUHANCIAM OFFRE CONCENTRE ANTI TACHES 15 ML + MOUSSE NETOOYANTE VITAMINE C 50ML OFFERTE"},"content":{"rendered":"<p>Pour venir \u00e0 bout des taches rebelles, Nuhanciam r\u00e9unit 4 actifs-cl\u00e9s dans une formule concentr\u00e9e qui va diminuer l&rsquo;intensit\u00e9 de l&rsquo;hyperpigmentation et r\u00e9tablir l&rsquo;\u00e9quilibre chromatique de la peau. Le Concentr\u00e9 Anti-taches Correcteur Intensif r\u00e9unit 4 actifs compl\u00e9mentaires pour agir sur tous les facteurs \u00e0 l&rsquo;origine des taches hyperpigment\u00e9es.<\/p>\n<p>Conseils d&rsquo;utilisation:<\/p>\n<p>Matin et soir, sur une peau parfaitement propre, appliquez quelques gouttes de soin Concentr\u00e9 Anti-taches Correcteur Intensif sur les taches localis\u00e9es. Insistez sur chaque tache en effectuant de l\u00e9gers tapotements avec la pulpe du doigt.<\/p>\n<p>Composition :<\/p>\n<p>AQUA (WATER), SQUALANE, GLYCERIN, GLYCERYL STEARATE CITRATE, BISABOLOL, PENTYLENE GLYCOL, SUCROSE PALMITATE, POLYGLYCERYL-3 STEARATE, BUTYLENE GLYCOL, GLYCERYL LINOLEATE, PRUNUS AMYGDALUS DULCIS (SWEET ALMOND) OIL, HYDROGENATED LECITHIN, CAPRYLYL GLYCOL, 1,2-HEXANEDIOL, CHLORPHENESIN, XANTHAN GUM, ACRYLATES\/C10-30 ALKYL ACRYLATE CROSSPOLYMER, GLYCYRRHIZA GLABRA (LICORICE) ROOT EXTRACT, MAGNESIUM ASCORBYL PHOSPHATE, TOCOPHEROL, SODIUM PHYTATE, GLYCINE SOJA (SOYBEAN) OIL, SODIUM HYDROXIDE, UNDARIA PINNATIFIDA EXTRACT, ALCOHOL, BENZYL ALCOHOL, POTASSIUM SORBATE.<\/p>","protected":false},"excerpt":{"rendered":"<p>Pour venir \u00e0 bout des taches rebelles, Nuhanciam r\u00e9unit 4 actifs-cl\u00e9s dans une formule concentr\u00e9e qui va diminuer l&rsquo;intensit\u00e9 de l&rsquo;hyperpigmentation et&hellip;<\/p>","protected":false},"featured_media":14603,"comment_status":"open","ping_status":"closed","template":"","meta":[],"product_cat":[83],"product_tag":[],"yith_product_brand":[192],"class_list":{"0":"post-14604","1":"product","2":"type-product","3":"status-publish","4":"has-post-thumbnail","6":"product_cat-soins-visage","7":"yith_product_brand-nuhanciam","9":"first","10":"instock","11":"sale","12":"shipping-taxable","13":"purchasable","14":"product-type-simple"},"_links":{"self":[{"href":"https:\/\/parapharmacieenligne.ma\/en\/wp-json\/wp\/v2\/product\/14604","targetHints":{"allow":["GET"]}}],"collection":[{"href":"https:\/\/parapharmacieenligne.ma\/en\/wp-json\/wp\/v2\/product"}],"about":[{"href":"https:\/\/parapharmacieenligne.ma\/en\/wp-json\/wp\/v2\/types\/product"}],"replies":[{"embeddable":true,"href":"https:\/\/parapharmacieenligne.ma\/en\/wp-json\/wp\/v2\/comments?post=14604"}],"version-history":[{"count":1,"href":"https:\/\/parapharmacieenligne.ma\/en\/wp-json\/wp\/v2\/product\/14604\/revisions"}],"predecessor-version":[{"id":14605,"href":"https:\/\/parapharmacieenligne.ma\/en\/wp-json\/wp\/v2\/product\/14604\/revisions\/14605"}],"wp:featuredmedia":[{"embeddable":true,"href":"https:\/\/parapharmacieenligne.ma\/en\/wp-json\/wp\/v2\/media\/14603"}],"wp:attachment":[{"href":"https:\/\/parapharmacieenligne.ma\/en\/wp-json\/wp\/v2\/media?parent=14604"}],"wp:term":[{"taxonomy":"product_cat","embeddable":true,"href":"https:\/\/parapharmacieenligne.ma\/en\/wp-json\/wp\/v2\/product_cat?post=14604"},{"taxonomy":"product_tag","embeddable":true,"href":"https:\/\/parapharmacieenligne.ma\/en\/wp-json\/wp\/v2\/product_tag?post=14604"},{"taxonomy":"yith_product_brand","embeddable":true,"href":"https:\/\/parapharmacieenligne.ma\/en\/wp-json\/wp\/v2\/yith_product_brand?post=14604"}],"curies":[{"name":"wp","href":"https:\/\/api.w.org\/{rel}","templated":true}]}}