{"id":14637,"date":"2026-02-16T16:34:09","date_gmt":"2026-02-16T15:34:09","guid":{"rendered":"https:\/\/parapharmacieenligne.ma\/?post_type=product&#038;p=14637"},"modified":"2026-02-16T16:34:18","modified_gmt":"2026-02-16T15:34:18","slug":"nuhanciam-offre-huile-soin-metamorphose-100ml-gommage-corps-50ml-offert","status":"publish","type":"product","link":"https:\/\/parapharmacieenligne.ma\/en\/product\/nuhanciam-offre-huile-soin-metamorphose-100ml-gommage-corps-50ml-offert\/","title":{"rendered":"NUHANCIAM OFFRE HUILE SOIN METAMORPHOSE 100ML + GOMMAGE CORPS 50ML OFFERT"},"content":{"rendered":"<p>Nuhanciam, expert en soins d&rsquo;exception, a formul\u00e9 cette huile de soin polyvalente pour une action compl\u00e8te et une efficacit\u00e9 prouv\u00e9e :<\/p>\n<p>Un Soin Deux-en-Un : Pour le Corps et les Cheveux ! Cette huile est une v\u00e9ritable prouesse de formulation. Elle est con\u00e7ue pour s&rsquo;utiliser sur le corps et aussi les cheveux, offrant une solution globale pour les probl\u00e8mes de s\u00e9cheresse et de manque d&rsquo;\u00e9clat. C&rsquo;est l&rsquo;alli\u00e9e parfaite pour une routine de beaut\u00e9 simplifi\u00e9e et ultra-performante.<\/p>\n<p>Nourrit, Lisse et Illumine : La Triple Action M\u00e9tamorphose ! L&rsquo;Huile Soin M\u00e9tamorphose tient sa promesse en agissant sur trois fronts pour un r\u00e9sultat spectaculaire :<\/p>\n<p>Nourrit : Sa formule riche en huiles pr\u00e9cieuses nourrit intens\u00e9ment la peau et la fibre capillaire, r\u00e9parant en profondeur les zones les plus s\u00e8ches et les plus ab\u00eem\u00e9es.<\/p>\n<p>Lisse : Elle agit pour lisser la surface de l&rsquo;\u00e9piderme et refermer les \u00e9cailles du cheveu, pour un toucher d&rsquo;une douceur infinie et une brillance miroir.<\/p>\n<p>Illumine : Elle ravive l&rsquo;\u00e9clat naturel de la peau et des cheveux, pour un fini lumineux et un effet \u00ab\u00a0glow\u00a0\u00bb instantan\u00e9.<\/p>\n<p>Le R\u00e9sultat sur la Peau : Une Beaut\u00e9 Sublim\u00e9e ! Sur le corps, l&rsquo;huile fait des miracles. La peau est sublim\u00e9e, infiniment douce, confortable et souple. Les sensations de tiraillement disparaissent, et son \u00e9clat est raviv\u00e9. Sa texture l\u00e9g\u00e8re et non grasse p\u00e9n\u00e8tre rapidement, vous permettant de vous habiller imm\u00e9diatement apr\u00e8s l&rsquo;application.<\/p>\n<p>Le R\u00e9sultat sur les Cheveux : Une Chevelure de R\u00eave ! Sur les cheveux, l&rsquo;huile est une v\u00e9ritable baguette magique. Elle m\u00e9tamorphose la chevelure en la nourrissant en profondeur. Les pointes sont moins s\u00e8ches, les frisottis sont contr\u00f4l\u00e9s et les cheveux retrouvent brillance, souplesse et l\u00e9g\u00e8ret\u00e9. Elle peut \u00eatre utilis\u00e9e pour un soin quotidien ou comme un masque avant le shampooing.<\/p>\n<p>Parfum D\u00e9licat et Confort d&rsquo;Utilisation : Le Plaisir du Soin ! En plus de ses bienfaits, l&rsquo;Huile Soin M\u00e9tamorphose d\u00e9gage un parfum d\u00e9licat et envo\u00fbtant qui transforme l&rsquo;application en un v\u00e9ritable moment de plaisir sensoriel. Son flacon pratique de 100ML est id\u00e9al \u00e0 glisser dans votre sac de sport ou de voyage.<\/p>\n<p>Conseils d&rsquo;utilisation :<\/p>\n<p>Apr\u00e8s la douche ou le bain, appliquer quelques gouttes par effleurages g\u00e9n\u00e9reux et circulaires. Insister sur les zones les plus s\u00e8ches, coudes, genoux, talons, mains, cuticules. La texture fine et l\u00e9g\u00e8re de cette huile mi-s\u00e8che peut \u00eatre utilis\u00e9e sur peau s\u00e8che comme sur peau humide.<\/p>\n<p>Composition :<\/p>\n<p>COCO-CAPRYLATE, SILYBUM MARIANUM SEED OIL, MACADAMIA INTEGRIFOLIA SEED OIL, DICAPRYLYL ETHER, CORYLUS AVELLANA (HAZEL) SEED OIL, ALEURITES MOLUCCANUS SEED OIL, PARFUM (FRAGRANCE), TOCOPHEROL, BISABOLOL, GLYCINE SOJA (SOYBEAN) OIL, COUMARIN, VANILLIN, LINALYL ACETATE, BENZYL BENZOATE, TERPINEOL, GERANYL ACETATE, GERANIOL, CITRONELLOL, LIMONENE, CITRUS LIMON PEEL OIL, LINALOOL, POGOSTEMON CABLIN OIL, CITRUS AURANTIUM PEEL OIL, JUNIPERUS VIRGINIANA OIL, PINENE, CITRAL, BETA-CARYOPHYLLENE, BENZALDEHYDE.<\/p>","protected":false},"excerpt":{"rendered":"<p>Nuhanciam, expert en soins d&rsquo;exception, a formul\u00e9 cette huile de soin polyvalente pour une action compl\u00e8te et une efficacit\u00e9 prouv\u00e9e : Un&hellip;<\/p>","protected":false},"featured_media":14636,"comment_status":"open","ping_status":"closed","template":"","meta":[],"product_cat":[83],"product_tag":[],"yith_product_brand":[192],"class_list":{"0":"post-14637","1":"product","2":"type-product","3":"status-publish","4":"has-post-thumbnail","6":"product_cat-soins-visage","7":"yith_product_brand-nuhanciam","9":"first","10":"instock","11":"sale","12":"shipping-taxable","13":"purchasable","14":"product-type-simple"},"_links":{"self":[{"href":"https:\/\/parapharmacieenligne.ma\/en\/wp-json\/wp\/v2\/product\/14637","targetHints":{"allow":["GET"]}}],"collection":[{"href":"https:\/\/parapharmacieenligne.ma\/en\/wp-json\/wp\/v2\/product"}],"about":[{"href":"https:\/\/parapharmacieenligne.ma\/en\/wp-json\/wp\/v2\/types\/product"}],"replies":[{"embeddable":true,"href":"https:\/\/parapharmacieenligne.ma\/en\/wp-json\/wp\/v2\/comments?post=14637"}],"version-history":[{"count":1,"href":"https:\/\/parapharmacieenligne.ma\/en\/wp-json\/wp\/v2\/product\/14637\/revisions"}],"predecessor-version":[{"id":14638,"href":"https:\/\/parapharmacieenligne.ma\/en\/wp-json\/wp\/v2\/product\/14637\/revisions\/14638"}],"wp:featuredmedia":[{"embeddable":true,"href":"https:\/\/parapharmacieenligne.ma\/en\/wp-json\/wp\/v2\/media\/14636"}],"wp:attachment":[{"href":"https:\/\/parapharmacieenligne.ma\/en\/wp-json\/wp\/v2\/media?parent=14637"}],"wp:term":[{"taxonomy":"product_cat","embeddable":true,"href":"https:\/\/parapharmacieenligne.ma\/en\/wp-json\/wp\/v2\/product_cat?post=14637"},{"taxonomy":"product_tag","embeddable":true,"href":"https:\/\/parapharmacieenligne.ma\/en\/wp-json\/wp\/v2\/product_tag?post=14637"},{"taxonomy":"yith_product_brand","embeddable":true,"href":"https:\/\/parapharmacieenligne.ma\/en\/wp-json\/wp\/v2\/yith_product_brand?post=14637"}],"curies":[{"name":"wp","href":"https:\/\/api.w.org\/{rel}","templated":true}]}}