{"id":14643,"date":"2026-02-16T16:34:43","date_gmt":"2026-02-16T15:34:43","guid":{"rendered":"https:\/\/parapharmacieenligne.ma\/?post_type=product&#038;p=14643"},"modified":"2026-02-16T16:34:50","modified_gmt":"2026-02-16T15:34:50","slug":"nuhanciam-offre-creme-eclaircissante-taches-50ml-mousse-nettoyante-vitamine-c-50ml-offerte","status":"publish","type":"product","link":"https:\/\/parapharmacieenligne.ma\/en\/product\/nuhanciam-offre-creme-eclaircissante-taches-50ml-mousse-nettoyante-vitamine-c-50ml-offerte\/","title":{"rendered":"NUHANCIAM OFFRE CREME ECLAIRCISSANTE TACHES 50ML + MOUSSE NETTOYANTE VITAMINE C 50ML OFFERTE"},"content":{"rendered":"<p>Magiclear, expert des soins haute qualit\u00e9, a formul\u00e9 cette cr\u00e8me anti-taches pour une action compl\u00e8te et une efficacit\u00e9 prouv\u00e9e :<\/p>\n<p>Une Action Cibl\u00e9e sur Tous les Types de Taches Pigmentaires : L&rsquo;Uniformit\u00e9 Retrouv\u00e9e ! Cette cr\u00e8me est votre meilleure alli\u00e9e contre l&rsquo;hyperpigmentation. Elle agit sur tous les types de taches pigmentaires brunes, qu&rsquo;elles soient dues \u00e0 l&rsquo;irritation, au soleil, ou au vieillissement. Sa formule avanc\u00e9e cible les m\u00e9canismes de formation des taches pour les estomper de mani\u00e8re significative et pr\u00e9venir leur r\u00e9apparition. Vous retrouverez un teint harmonieux et unifi\u00e9.<\/p>\n<p>Con\u00e7ue pour les Peaux Noires \u00e0 Mates, Adapt\u00e9e \u00e0 Toutes les Carnations : L&rsquo;Universalit\u00e9 du Soin ! Sp\u00e9cialement con\u00e7ue pour r\u00e9pondre aux besoins des peaux noires \u00e0 mates, qui sont particuli\u00e8rement sujettes aux taches brunes, cette cr\u00e8me est tout autant adapt\u00e9e aux peaux plus claires. Sa formulation respecte la sp\u00e9cificit\u00e9 de chaque \u00e9piderme, \u00e9vitant les effets ind\u00e9sirables tout en garantissant un r\u00e9sultat optimal sur l&rsquo;att\u00e9nuation des taches.<\/p>\n<p>Les Meilleurs Ingr\u00e9dients au Service de Votre Peau : Science et Naturalit\u00e9 ! La force de cette cr\u00e8me r\u00e9side dans sa composition unique. Les meilleurs ingr\u00e9dients ont \u00e9t\u00e9 s\u00e9lectionn\u00e9s pour leur capacit\u00e9 \u00e0 cibler et traiter l&rsquo;hyperpigmentation tout en respectant l&rsquo;\u00e9quilibre naturel de la peau. Formul\u00e9e \u00e0 partir d&rsquo;actifs d\u2019origine naturelle, cette cr\u00e8me anti-taches offre une action \u00e9claircissante douce et prolong\u00e9e, sans irritation. C&rsquo;est l&rsquo;harmonie parfaite entre une efficacit\u00e9 redoutable et une approche douce et respectueuse de l&rsquo;\u00e9piderme.<\/p>\n<p>Formulation Innovante : Le Confort au Quotidien ! Au-del\u00e0 de son action \u00e9claircissante, la Cr\u00e8me Anti-Taches Magiclear se distingue par sa formulation innovante, alliant science et naturalit\u00e9. Sa texture agr\u00e9able et son absorption rapide en font un plaisir \u00e0 utiliser chaque jour, sans sensation de gras ou de lourdeur. Elle laisse votre peau douce, confortable et pr\u00eate pour le reste de votre routine.<\/p>\n<p>Conseils d&rsquo;utilisation :<\/p>\n<p>La Cr\u00e8me \u00c9claircissante Taches s&rsquo;applique matin et soir sur l&rsquo;ensemble du visage et du cou parfaitement nettoy\u00e9s. Sa texture fine et mate en fait un soin agr\u00e9able \u00e0 utiliser au quotidien, laissant la peau douce, hydrat\u00e9e et lumineuse. Ce soin est parfaitement adapt\u00e9 \u00e0 chaque nuance de peau, garantissant un teint uniforme et \u00e9clatant.<\/p>\n<p>Elle peut s&rsquo;utiliser en cure de traitement intense associ\u00e9e \u00e0 notre S\u00e9rum Anti-Taches Puissance 4 ou seule en traitement d\u2019entretien<\/p>\n<p>Composition :<\/p>\n<p>AQUA (WATER), COCO-CAPRYLATE, GLYCERIN, PROPANEDIOL, SILICA, ARACHIDYL ALCOHOL, CETYL ALCOHOL, BISABOLOL, POTASSIUM CETYL PHOSPHATE, DIMETHICONE, HYDROXYACETOPHENONE, HYDROXYETHYL ACRYLATE\/SODIUM ACRYLOYLDIMETHYL TAURATE COPOLYMER, XANTHAN GUM, 1,2-HEXANEDIOL, CAPRYLYL GLYCOL, SQUALANE, PARFUM (FRAGRANCE), TOCOPHEROL, BEHENYL ALCOHOL, ARACHIDYL GLUCOSIDE, HYDROLYZED OPUNTIA FICUS-INDICA FLOWER EXTRACT, GLYCINE SOJA (SOYBEAN) OIL, POLYSORBATE 60, CYSTOSEIRA TAMARISCIFOLIA EXTRACT, SORBITAN ISOSTEARATE, SODIUM HYDROXIDE, LINALYL ACETATE, TERPINEOL, GERANYL ACETATE, POGOSTEMON CABLIN OIL, JUNIPERUS VIRGINIANA OIL.<\/p>","protected":false},"excerpt":{"rendered":"<p>Magiclear, expert des soins haute qualit\u00e9, a formul\u00e9 cette cr\u00e8me anti-taches pour une action compl\u00e8te et une efficacit\u00e9 prouv\u00e9e : Une Action&hellip;<\/p>","protected":false},"featured_media":14642,"comment_status":"open","ping_status":"closed","template":"","meta":[],"product_cat":[83],"product_tag":[],"yith_product_brand":[192],"class_list":{"0":"post-14643","1":"product","2":"type-product","3":"status-publish","4":"has-post-thumbnail","6":"product_cat-soins-visage","7":"yith_product_brand-nuhanciam","9":"first","10":"instock","11":"sale","12":"shipping-taxable","13":"purchasable","14":"product-type-simple"},"_links":{"self":[{"href":"https:\/\/parapharmacieenligne.ma\/en\/wp-json\/wp\/v2\/product\/14643","targetHints":{"allow":["GET"]}}],"collection":[{"href":"https:\/\/parapharmacieenligne.ma\/en\/wp-json\/wp\/v2\/product"}],"about":[{"href":"https:\/\/parapharmacieenligne.ma\/en\/wp-json\/wp\/v2\/types\/product"}],"replies":[{"embeddable":true,"href":"https:\/\/parapharmacieenligne.ma\/en\/wp-json\/wp\/v2\/comments?post=14643"}],"version-history":[{"count":1,"href":"https:\/\/parapharmacieenligne.ma\/en\/wp-json\/wp\/v2\/product\/14643\/revisions"}],"predecessor-version":[{"id":14644,"href":"https:\/\/parapharmacieenligne.ma\/en\/wp-json\/wp\/v2\/product\/14643\/revisions\/14644"}],"wp:featuredmedia":[{"embeddable":true,"href":"https:\/\/parapharmacieenligne.ma\/en\/wp-json\/wp\/v2\/media\/14642"}],"wp:attachment":[{"href":"https:\/\/parapharmacieenligne.ma\/en\/wp-json\/wp\/v2\/media?parent=14643"}],"wp:term":[{"taxonomy":"product_cat","embeddable":true,"href":"https:\/\/parapharmacieenligne.ma\/en\/wp-json\/wp\/v2\/product_cat?post=14643"},{"taxonomy":"product_tag","embeddable":true,"href":"https:\/\/parapharmacieenligne.ma\/en\/wp-json\/wp\/v2\/product_tag?post=14643"},{"taxonomy":"yith_product_brand","embeddable":true,"href":"https:\/\/parapharmacieenligne.ma\/en\/wp-json\/wp\/v2\/yith_product_brand?post=14643"}],"curies":[{"name":"wp","href":"https:\/\/api.w.org\/{rel}","templated":true}]}}