{"id":14652,"date":"2026-02-16T16:36:17","date_gmt":"2026-02-16T15:36:17","guid":{"rendered":"https:\/\/parapharmacieenligne.ma\/?post_type=product&#038;p=14652"},"modified":"2026-02-16T16:36:26","modified_gmt":"2026-02-16T15:36:26","slug":"nuhanciam-offre-lissage-et-fermete-serum-anti-rides-fermete-vitamine-c-30-ml-mousse-nettoyante-50ml-offerte","status":"publish","type":"product","link":"https:\/\/parapharmacieenligne.ma\/en\/product\/nuhanciam-offre-lissage-et-fermete-serum-anti-rides-fermete-vitamine-c-30-ml-mousse-nettoyante-50ml-offerte\/","title":{"rendered":"NUHANCIAM OFFRE LISSAGE ET FERMETE SERUM ANTI RIDES FERMETE VITAMINE C 30 ML + MOUSSE NETTOYANTE 50ML OFFERTE"},"content":{"rendered":"<p>Sa texture fine et fondante p\u00e9n\u00e8tre rapidement sans laisser de film gras ni collant, ce qui en fait un soin id\u00e9al pour une utilisation quotidienne, matin et soir. D\u00e8s l\u2019application, la peau est douce, confortable et visiblement repulp\u00e9e. Avec le temps, les signes de l\u2019\u00e2ge s\u2019estompent et la peau retrouve une apparence plus jeune et revitalis\u00e9e.<\/p>\n<p>Au c\u0153ur de sa formule, on retrouve la vitamine C sous forme de Tetrahexyldecyl Ascorbate, reconnue pour ses propri\u00e9t\u00e9s antioxydantes et illuminatrices. Elle aide \u00e0 lutter contre le vieillissement cutan\u00e9, prot\u00e8ge la peau des agressions ext\u00e9rieures et booste l\u2019\u00e9clat naturel du teint. L\u2019acide hyaluronique hydrolys\u00e9 contribue quant \u00e0 lui \u00e0 maintenir une hydratation optimale, pour une peau rebondie et liss\u00e9e jour apr\u00e8s jour.<\/p>\n<p>Ce \u201cs\u00e9rum visage anti-rides\u201d, \u201cs\u00e9rum fermet\u00e9\u201d, \u201cs\u00e9rum vitamine C\u201d est non parfum\u00e9, test\u00e9 sous contr\u00f4le dermatologique et convient \u00e0 tous les types de peau, m\u00eame les plus sensibles. Il s\u2019int\u00e8gre facilement dans une routine beaut\u00e9 pour celles et ceux qui souhaitent pr\u00e9venir ou corriger les signes visibles de l\u2019\u00e2ge tout en profitant d\u2019un soin sensoriel et efficace.<\/p>\n<p>En adoptant NIHANCIAM LISSAGE ET FERMET\u00c9 S\u00c9RUM ANTI-RIDES VITAMINE C 30 ML, tu offres \u00e0 ta peau un concentr\u00e9 de performance pour un visage plus lumineux, raffermi et visiblement rajeuni.<\/p>\n<p>Conseils d\u2019utilisation:<br \/>\nAppliquer quelques gouttes du s\u00e9rum sur une peau propre et s\u00e8che, matin et\/ou soir. Masser d\u00e9licatement sur le visage, le cou et le d\u00e9collet\u00e9 jusqu\u2019\u00e0 absorption compl\u00e8te. Pour de meilleurs r\u00e9sultats, utiliser avant ta cr\u00e8me hydratante habituelle. En journ\u00e9e, compl\u00e9ter avec une protection solaire.<\/p>\n<p>Composition :<br \/>\nAqua (Water), Glycerin, Tetrahexyldecyl Ascorbate, Propanediol, Sodium Polyacrylate, Polyglyceryl-2 Stearate, Glyceryl Stearate, Hydroxyacetophenone, Stearyl Alcohol, Hydrolyzed Sodium Hyaluronate, Xanthan Gum, 1,2-Hexanediol, Caprylyl Glycol, Citric Acid, Tocopherol, Glabridinyl Bis-(Phytyl Succinate), Glycine Soja (Soybean) Oil, Polyglyceryl-10 Laurate, Dipeptide Diaminobutyroyl Benzylamide Diacetate, Hydrogenated Lecithin.<\/p>","protected":false},"excerpt":{"rendered":"<p>Sa texture fine et fondante p\u00e9n\u00e8tre rapidement sans laisser de film gras ni collant, ce qui en fait un soin id\u00e9al pour&hellip;<\/p>","protected":false},"featured_media":14651,"comment_status":"open","ping_status":"closed","template":"","meta":[],"product_cat":[83],"product_tag":[],"yith_product_brand":[192],"class_list":{"0":"post-14652","1":"product","2":"type-product","3":"status-publish","4":"has-post-thumbnail","6":"product_cat-soins-visage","7":"yith_product_brand-nuhanciam","9":"first","10":"instock","11":"sale","12":"shipping-taxable","13":"purchasable","14":"product-type-simple"},"_links":{"self":[{"href":"https:\/\/parapharmacieenligne.ma\/en\/wp-json\/wp\/v2\/product\/14652","targetHints":{"allow":["GET"]}}],"collection":[{"href":"https:\/\/parapharmacieenligne.ma\/en\/wp-json\/wp\/v2\/product"}],"about":[{"href":"https:\/\/parapharmacieenligne.ma\/en\/wp-json\/wp\/v2\/types\/product"}],"replies":[{"embeddable":true,"href":"https:\/\/parapharmacieenligne.ma\/en\/wp-json\/wp\/v2\/comments?post=14652"}],"version-history":[{"count":1,"href":"https:\/\/parapharmacieenligne.ma\/en\/wp-json\/wp\/v2\/product\/14652\/revisions"}],"predecessor-version":[{"id":14653,"href":"https:\/\/parapharmacieenligne.ma\/en\/wp-json\/wp\/v2\/product\/14652\/revisions\/14653"}],"wp:featuredmedia":[{"embeddable":true,"href":"https:\/\/parapharmacieenligne.ma\/en\/wp-json\/wp\/v2\/media\/14651"}],"wp:attachment":[{"href":"https:\/\/parapharmacieenligne.ma\/en\/wp-json\/wp\/v2\/media?parent=14652"}],"wp:term":[{"taxonomy":"product_cat","embeddable":true,"href":"https:\/\/parapharmacieenligne.ma\/en\/wp-json\/wp\/v2\/product_cat?post=14652"},{"taxonomy":"product_tag","embeddable":true,"href":"https:\/\/parapharmacieenligne.ma\/en\/wp-json\/wp\/v2\/product_tag?post=14652"},{"taxonomy":"yith_product_brand","embeddable":true,"href":"https:\/\/parapharmacieenligne.ma\/en\/wp-json\/wp\/v2\/yith_product_brand?post=14652"}],"curies":[{"name":"wp","href":"https:\/\/api.w.org\/{rel}","templated":true}]}}