{"id":14664,"date":"2026-02-16T16:40:36","date_gmt":"2026-02-16T15:40:36","guid":{"rendered":"https:\/\/parapharmacieenligne.ma\/?post_type=product&#038;p=14664"},"modified":"2026-02-16T16:40:46","modified_gmt":"2026-02-16T15:40:46","slug":"bella-aurora-depigmentant-bio10-forte-l-tigo-30ml","status":"publish","type":"product","link":"https:\/\/parapharmacieenligne.ma\/en\/product\/bella-aurora-depigmentant-bio10-forte-l-tigo-30ml\/","title":{"rendered":"BELLA AURORA DEPIGMENTANT BIO10 FORTE L TIGO 30ML"},"content":{"rendered":"<p>Traitement intensif qui r\u00e9duit et \u00e9limine les taches existantes et emp\u00eache l&rsquo;apparition de nouvelles taches d&rsquo;origine solaire ou li\u00e9es \u00e0 l&rsquo;\u00e2ge, gr\u00e2ce \u00e0 une combinaison d&rsquo;ingr\u00e9dients actifs qui utilisent la technologie exclusive de d\u00e9pigmentation B-CORE221. Un syst\u00e8me d&rsquo;encapsulation et de lib\u00e9ration dirig\u00e9e. Agit directement sur les cellules productrices de m\u00e9lanine o\u00f9 le principe actif encapsul\u00e9 est lib\u00e9r\u00e9 dans son int\u00e9gralit\u00e9, permettant ainsi une plus grande efficacit\u00e9.<\/p>\n<p>Conseils d&rsquo;utilisation:<\/p>\n<p>Appliquer une petite quantit\u00e9 sur le visage, le cou et le d\u00e9collet\u00e9 sur une peau propre, en massant doucement jusqu&rsquo;\u00e0 absorption compl\u00e8te.<\/p>","protected":false},"excerpt":{"rendered":"<p>Traitement intensif qui r\u00e9duit et \u00e9limine les taches existantes et emp\u00eache l&rsquo;apparition de nouvelles taches d&rsquo;origine solaire ou li\u00e9es \u00e0 l&rsquo;\u00e2ge, gr\u00e2ce&hellip;<\/p>","protected":false},"featured_media":14663,"comment_status":"open","ping_status":"closed","template":"","meta":[],"product_cat":[83],"product_tag":[],"yith_product_brand":[193],"class_list":{"0":"post-14664","1":"product","2":"type-product","3":"status-publish","4":"has-post-thumbnail","6":"product_cat-soins-visage","7":"yith_product_brand-bella-aurora","9":"first","10":"instock","11":"sale","12":"shipping-taxable","13":"purchasable","14":"product-type-simple"},"_links":{"self":[{"href":"https:\/\/parapharmacieenligne.ma\/en\/wp-json\/wp\/v2\/product\/14664","targetHints":{"allow":["GET"]}}],"collection":[{"href":"https:\/\/parapharmacieenligne.ma\/en\/wp-json\/wp\/v2\/product"}],"about":[{"href":"https:\/\/parapharmacieenligne.ma\/en\/wp-json\/wp\/v2\/types\/product"}],"replies":[{"embeddable":true,"href":"https:\/\/parapharmacieenligne.ma\/en\/wp-json\/wp\/v2\/comments?post=14664"}],"version-history":[{"count":1,"href":"https:\/\/parapharmacieenligne.ma\/en\/wp-json\/wp\/v2\/product\/14664\/revisions"}],"predecessor-version":[{"id":14665,"href":"https:\/\/parapharmacieenligne.ma\/en\/wp-json\/wp\/v2\/product\/14664\/revisions\/14665"}],"wp:featuredmedia":[{"embeddable":true,"href":"https:\/\/parapharmacieenligne.ma\/en\/wp-json\/wp\/v2\/media\/14663"}],"wp:attachment":[{"href":"https:\/\/parapharmacieenligne.ma\/en\/wp-json\/wp\/v2\/media?parent=14664"}],"wp:term":[{"taxonomy":"product_cat","embeddable":true,"href":"https:\/\/parapharmacieenligne.ma\/en\/wp-json\/wp\/v2\/product_cat?post=14664"},{"taxonomy":"product_tag","embeddable":true,"href":"https:\/\/parapharmacieenligne.ma\/en\/wp-json\/wp\/v2\/product_tag?post=14664"},{"taxonomy":"yith_product_brand","embeddable":true,"href":"https:\/\/parapharmacieenligne.ma\/en\/wp-json\/wp\/v2\/yith_product_brand?post=14664"}],"curies":[{"name":"wp","href":"https:\/\/api.w.org\/{rel}","templated":true}]}}