{"id":14667,"date":"2026-02-16T16:41:08","date_gmt":"2026-02-16T15:41:08","guid":{"rendered":"https:\/\/parapharmacieenligne.ma\/?post_type=product&#038;p=14667"},"modified":"2026-02-16T16:41:17","modified_gmt":"2026-02-16T15:41:17","slug":"bella-aurora-depigmentant-bio-10-forte-mark-s-30-ml","status":"publish","type":"product","link":"https:\/\/parapharmacieenligne.ma\/en\/product\/bella-aurora-depigmentant-bio-10-forte-mark-s-30-ml\/","title":{"rendered":"BELLA AURORA DEPIGMENTANT BIO 10 FORTE MARK S 30 ML"},"content":{"rendered":"<p>Traitement intensif qui r\u00e9duit et \u00e9limine les taches existantes et pr\u00e9vient l\u2019apparition de nouvelles taches d\u2019origine post-inflammatoire, gr\u00e2ce \u00e0 une combinaison d\u2019ingr\u00e9dients actifs qui utilisent la technologie exclusive de d\u00e9pigmentation B-CORE221. Un syst\u00e8me d\u2019encapsulation et de lib\u00e9ration dirig\u00e9e. Agit directement sur les cellules productrices de m\u00e9lanine o\u00f9 le principe actif encapsul\u00e9 est lib\u00e9r\u00e9 dans son int\u00e9gralit\u00e9, permettant ainsi une plus grande efficacit\u00e9.<\/p>\n<p>Conseils d\u2019application :<br \/>\nAppliquer une petite quantit\u00e9 sur le visage, le cou et le d\u00e9collet\u00e9 pr\u00e9alablement nettoy\u00e9s en r\u00e9alisant un l\u00e9ger massage jusqu\u2019\u00e0 absorption compl\u00e8te. Traitement minimum de 10 semaines.<\/p>","protected":false},"excerpt":{"rendered":"<p>Traitement intensif qui r\u00e9duit et \u00e9limine les taches existantes et pr\u00e9vient l\u2019apparition de nouvelles taches d\u2019origine post-inflammatoire, gr\u00e2ce \u00e0 une combinaison d\u2019ingr\u00e9dients&hellip;<\/p>","protected":false},"featured_media":14666,"comment_status":"open","ping_status":"closed","template":"","meta":[],"product_cat":[83],"product_tag":[],"yith_product_brand":[193],"class_list":{"0":"post-14667","1":"product","2":"type-product","3":"status-publish","4":"has-post-thumbnail","6":"product_cat-soins-visage","7":"yith_product_brand-bella-aurora","9":"first","10":"instock","11":"sale","12":"shipping-taxable","13":"purchasable","14":"product-type-simple"},"_links":{"self":[{"href":"https:\/\/parapharmacieenligne.ma\/en\/wp-json\/wp\/v2\/product\/14667","targetHints":{"allow":["GET"]}}],"collection":[{"href":"https:\/\/parapharmacieenligne.ma\/en\/wp-json\/wp\/v2\/product"}],"about":[{"href":"https:\/\/parapharmacieenligne.ma\/en\/wp-json\/wp\/v2\/types\/product"}],"replies":[{"embeddable":true,"href":"https:\/\/parapharmacieenligne.ma\/en\/wp-json\/wp\/v2\/comments?post=14667"}],"version-history":[{"count":1,"href":"https:\/\/parapharmacieenligne.ma\/en\/wp-json\/wp\/v2\/product\/14667\/revisions"}],"predecessor-version":[{"id":14668,"href":"https:\/\/parapharmacieenligne.ma\/en\/wp-json\/wp\/v2\/product\/14667\/revisions\/14668"}],"wp:featuredmedia":[{"embeddable":true,"href":"https:\/\/parapharmacieenligne.ma\/en\/wp-json\/wp\/v2\/media\/14666"}],"wp:attachment":[{"href":"https:\/\/parapharmacieenligne.ma\/en\/wp-json\/wp\/v2\/media?parent=14667"}],"wp:term":[{"taxonomy":"product_cat","embeddable":true,"href":"https:\/\/parapharmacieenligne.ma\/en\/wp-json\/wp\/v2\/product_cat?post=14667"},{"taxonomy":"product_tag","embeddable":true,"href":"https:\/\/parapharmacieenligne.ma\/en\/wp-json\/wp\/v2\/product_tag?post=14667"},{"taxonomy":"yith_product_brand","embeddable":true,"href":"https:\/\/parapharmacieenligne.ma\/en\/wp-json\/wp\/v2\/yith_product_brand?post=14667"}],"curies":[{"name":"wp","href":"https:\/\/api.w.org\/{rel}","templated":true}]}}