{"id":14673,"date":"2026-02-16T16:41:46","date_gmt":"2026-02-16T15:41:46","guid":{"rendered":"https:\/\/parapharmacieenligne.ma\/?post_type=product&#038;p=14673"},"modified":"2026-02-16T16:41:59","modified_gmt":"2026-02-16T15:41:59","slug":"bella-aurora-cc-creme-anti-taches-spf50-teinte-claire-trousse-offerte","status":"publish","type":"product","link":"https:\/\/parapharmacieenligne.ma\/en\/product\/bella-aurora-cc-creme-anti-taches-spf50-teinte-claire-trousse-offerte\/","title":{"rendered":"BELLA AURORA CC CREME ANTI TACHES SPF50 TEINTE CLAIRE + TROUSSE OFFERTE"},"content":{"rendered":"<p>Anti-dark spots CC Cream;Cr\u00e8me de couleur anti-taches avec une protection solaire \u00e9lev\u00e9e SPF50+<br \/>\n&#8211; Tr\u00e8s haute protection contre les UVA, UVB et infrarouges, gr\u00e2ce \u00e0 une combinaison de filtres \u00e0 large spectre pour une protection quotidienne optimale. SPF50+.<br \/>\n&#8211; Sa formulation comprend des principes actifs anti-taches qui att\u00e9nuent les taches existantes et emp\u00eachent l&rsquo;apparition de nouvelles, pour obtenir une peau uniforme et sans d\u00e9faut.<br \/>\n&#8211; Prot\u00e8ge et r\u00e9pare l&rsquo;ADN des cellules endommag\u00e9es, pr\u00e9venant ainsi le vieillissement pr\u00e9matur\u00e9 de la peau.<br \/>\n&#8211; Au syst\u00e8me color-adapt, une touche de couleur qui s&rsquo;adapte \u00e0 la teinte de chaque peau et qui estompe ses d\u00e9fauts.<\/p>\n<p>Conseils d&rsquo;utilisation:<\/p>\n<p>Appliquez g\u00e9n\u00e9reusement sur le visage apr\u00e8s votre traitement ou cr\u00e8me quotidienne habituelle. Elle peut \u00e9galement \u00eatre utilis\u00e9e comme un hydratant pr\u00e9ventif contre les taches avec son facteur de protection \u00e9lev\u00e9 et sa touche de couleur.<\/p>","protected":false},"excerpt":{"rendered":"<p>Anti-dark spots CC Cream;Cr\u00e8me de couleur anti-taches avec une protection solaire \u00e9lev\u00e9e SPF50+ &#8211; Tr\u00e8s haute protection contre les UVA, UVB et&hellip;<\/p>","protected":false},"featured_media":14672,"comment_status":"open","ping_status":"closed","template":"","meta":[],"product_cat":[83],"product_tag":[],"yith_product_brand":[193],"class_list":{"0":"post-14673","1":"product","2":"type-product","3":"status-publish","4":"has-post-thumbnail","6":"product_cat-soins-visage","7":"yith_product_brand-bella-aurora","9":"first","10":"instock","11":"sale","12":"shipping-taxable","13":"purchasable","14":"product-type-simple"},"_links":{"self":[{"href":"https:\/\/parapharmacieenligne.ma\/en\/wp-json\/wp\/v2\/product\/14673","targetHints":{"allow":["GET"]}}],"collection":[{"href":"https:\/\/parapharmacieenligne.ma\/en\/wp-json\/wp\/v2\/product"}],"about":[{"href":"https:\/\/parapharmacieenligne.ma\/en\/wp-json\/wp\/v2\/types\/product"}],"replies":[{"embeddable":true,"href":"https:\/\/parapharmacieenligne.ma\/en\/wp-json\/wp\/v2\/comments?post=14673"}],"version-history":[{"count":1,"href":"https:\/\/parapharmacieenligne.ma\/en\/wp-json\/wp\/v2\/product\/14673\/revisions"}],"predecessor-version":[{"id":14674,"href":"https:\/\/parapharmacieenligne.ma\/en\/wp-json\/wp\/v2\/product\/14673\/revisions\/14674"}],"wp:featuredmedia":[{"embeddable":true,"href":"https:\/\/parapharmacieenligne.ma\/en\/wp-json\/wp\/v2\/media\/14672"}],"wp:attachment":[{"href":"https:\/\/parapharmacieenligne.ma\/en\/wp-json\/wp\/v2\/media?parent=14673"}],"wp:term":[{"taxonomy":"product_cat","embeddable":true,"href":"https:\/\/parapharmacieenligne.ma\/en\/wp-json\/wp\/v2\/product_cat?post=14673"},{"taxonomy":"product_tag","embeddable":true,"href":"https:\/\/parapharmacieenligne.ma\/en\/wp-json\/wp\/v2\/product_tag?post=14673"},{"taxonomy":"yith_product_brand","embeddable":true,"href":"https:\/\/parapharmacieenligne.ma\/en\/wp-json\/wp\/v2\/yith_product_brand?post=14673"}],"curies":[{"name":"wp","href":"https:\/\/api.w.org\/{rel}","templated":true}]}}