{"id":14678,"date":"2026-02-16T16:42:38","date_gmt":"2026-02-16T15:42:38","guid":{"rendered":"https:\/\/parapharmacieenligne.ma\/?post_type=product&#038;p=14678"},"modified":"2026-02-16T16:42:48","modified_gmt":"2026-02-16T15:42:48","slug":"bella-aurora-solution-micellaire-anti-taches-200-ml","status":"publish","type":"product","link":"https:\/\/parapharmacieenligne.ma\/en\/product\/bella-aurora-solution-micellaire-anti-taches-200-ml\/","title":{"rendered":"BELLA AURORA SOLUTION MICELLAIRE ANTI TACHES 200 ML"},"content":{"rendered":"<p>Nettoie et \u00e9limine en douceur la peau, m\u00eame le maquillage r\u00e9sistant \u00e0 l&rsquo;eau. Illumine, unifie et clarifie le teint, tout en le prot\u00e9geant des facteurs externes tels que la pollution urbaine. Rafra\u00eechit et hydrate.<\/p>\n<p>Conseils d&rsquo;utilisation:<br \/>\nAppliquer avec une boule de coton, appliquer le matin et \/ ou le soir sur tout le visage. Sans rin\u00e7age.<\/p>","protected":false},"excerpt":{"rendered":"<p>Nettoie et \u00e9limine en douceur la peau, m\u00eame le maquillage r\u00e9sistant \u00e0 l&rsquo;eau. Illumine, unifie et clarifie le teint, tout en le&hellip;<\/p>","protected":false},"featured_media":14677,"comment_status":"open","ping_status":"closed","template":"","meta":[],"product_cat":[83],"product_tag":[],"yith_product_brand":[193],"class_list":{"0":"post-14678","1":"product","2":"type-product","3":"status-publish","4":"has-post-thumbnail","6":"product_cat-soins-visage","7":"yith_product_brand-bella-aurora","9":"first","10":"instock","11":"sale","12":"shipping-taxable","13":"purchasable","14":"product-type-simple"},"_links":{"self":[{"href":"https:\/\/parapharmacieenligne.ma\/en\/wp-json\/wp\/v2\/product\/14678","targetHints":{"allow":["GET"]}}],"collection":[{"href":"https:\/\/parapharmacieenligne.ma\/en\/wp-json\/wp\/v2\/product"}],"about":[{"href":"https:\/\/parapharmacieenligne.ma\/en\/wp-json\/wp\/v2\/types\/product"}],"replies":[{"embeddable":true,"href":"https:\/\/parapharmacieenligne.ma\/en\/wp-json\/wp\/v2\/comments?post=14678"}],"version-history":[{"count":1,"href":"https:\/\/parapharmacieenligne.ma\/en\/wp-json\/wp\/v2\/product\/14678\/revisions"}],"predecessor-version":[{"id":14679,"href":"https:\/\/parapharmacieenligne.ma\/en\/wp-json\/wp\/v2\/product\/14678\/revisions\/14679"}],"wp:featuredmedia":[{"embeddable":true,"href":"https:\/\/parapharmacieenligne.ma\/en\/wp-json\/wp\/v2\/media\/14677"}],"wp:attachment":[{"href":"https:\/\/parapharmacieenligne.ma\/en\/wp-json\/wp\/v2\/media?parent=14678"}],"wp:term":[{"taxonomy":"product_cat","embeddable":true,"href":"https:\/\/parapharmacieenligne.ma\/en\/wp-json\/wp\/v2\/product_cat?post=14678"},{"taxonomy":"product_tag","embeddable":true,"href":"https:\/\/parapharmacieenligne.ma\/en\/wp-json\/wp\/v2\/product_tag?post=14678"},{"taxonomy":"yith_product_brand","embeddable":true,"href":"https:\/\/parapharmacieenligne.ma\/en\/wp-json\/wp\/v2\/yith_product_brand?post=14678"}],"curies":[{"name":"wp","href":"https:\/\/api.w.org\/{rel}","templated":true}]}}