{"id":14684,"date":"2026-02-16T16:43:30","date_gmt":"2026-02-16T15:43:30","guid":{"rendered":"https:\/\/parapharmacieenligne.ma\/?post_type=product&#038;p=14684"},"modified":"2026-02-16T16:43:43","modified_gmt":"2026-02-16T15:43:43","slug":"bella-aurora-lotion-tonique-anti-taches-exfoliante-200-ml","status":"publish","type":"product","link":"https:\/\/parapharmacieenligne.ma\/en\/product\/bella-aurora-lotion-tonique-anti-taches-exfoliante-200-ml\/","title":{"rendered":"BELLA AURORA LOTION TONIQUE ANTI TACHES EXFOLIANTE 200 ML"},"content":{"rendered":"<p>Sa formule innovante agit en deux temps :<\/p>\n<p>Exfoliation enzymatique, qui dissout en douceur les cellules mortes, lib\u00e9rant ainsi la surface de la peau.<\/p>\n<p>Exfoliation physique, gr\u00e2ce aux perles de jojoba biod\u00e9gradables et aux particules d\u2019acide polylactique, qui \u00e9liminent m\u00e9caniquement les impuret\u00e9s et affinent le grain de peau.<\/p>\n<p>R\u00e9sultat ? La peau est profond\u00e9ment nettoy\u00e9e, le teint s\u2019unifie progressivement et l\u2019efficacit\u00e9 des autres soins d\u00e9pigmentants est renforc\u00e9e. Test\u00e9e sous contr\u00f4le dermatologique, cette lotion convient \u00e0 tous types de peau, m\u00eame les plus sensibles.<\/p>\n<p>Ce tonique exfoliant stimule \u00e9galement le renouvellement cellulaire et contribue \u00e0 pr\u00e9venir les signes du vieillissement cutan\u00e9, en apportant douceur, \u00e9clat et confort. Son action anti-inflammatoire et antioxydante, apport\u00e9e par les perles de jojoba, aide \u00e0 apaiser la peau tout en luttant contre le stress oxydatif, responsable des taches et du teint terne.<\/p>\n<p>Conseils d\u2019utilisation<br \/>\nAppliquer 1 \u00e0 2 fois par semaine sur une peau propre et s\u00e8che.<\/p>\n<p>D\u00e9poser une petite quantit\u00e9 sur le visage et effectuer un l\u00e9ger massage circulaire, en insistant sur les zones concern\u00e9es par les taches ou les imperfections.<\/p>\n<p>Laisser poser environ 2 minutes pour que les actifs agissent.<\/p>\n<p>Rincer abondamment \u00e0 l\u2019eau ti\u00e8de.<\/p>\n<p>Poursuivre avec votre routine habituelle (s\u00e9rum et cr\u00e8me hydratante ou d\u00e9pigmentante).<\/p>\n<p>Composition<br \/>\nPerles de jojoba biod\u00e9gradables : effet d\u00e9pigmentant, unifiant, antioxydant et apaisant.<\/p>\n<p>Enzyme biotechnologique : exfoliation enzymatique douce, favorise le renouvellement cellulaire.<\/p>\n<p>Acide polylactique : exfoliation physique douce, \u00e9limination m\u00e9canique des cellules mortes.<\/p>","protected":false},"excerpt":{"rendered":"<p>Sa formule innovante agit en deux temps : Exfoliation enzymatique, qui dissout en douceur les cellules mortes, lib\u00e9rant ainsi la surface de&hellip;<\/p>","protected":false},"featured_media":14683,"comment_status":"open","ping_status":"closed","template":"","meta":[],"product_cat":[83],"product_tag":[],"yith_product_brand":[193],"class_list":{"0":"post-14684","1":"product","2":"type-product","3":"status-publish","4":"has-post-thumbnail","6":"product_cat-soins-visage","7":"yith_product_brand-bella-aurora","9":"first","10":"instock","11":"sale","12":"shipping-taxable","13":"purchasable","14":"product-type-simple"},"_links":{"self":[{"href":"https:\/\/parapharmacieenligne.ma\/en\/wp-json\/wp\/v2\/product\/14684","targetHints":{"allow":["GET"]}}],"collection":[{"href":"https:\/\/parapharmacieenligne.ma\/en\/wp-json\/wp\/v2\/product"}],"about":[{"href":"https:\/\/parapharmacieenligne.ma\/en\/wp-json\/wp\/v2\/types\/product"}],"replies":[{"embeddable":true,"href":"https:\/\/parapharmacieenligne.ma\/en\/wp-json\/wp\/v2\/comments?post=14684"}],"version-history":[{"count":1,"href":"https:\/\/parapharmacieenligne.ma\/en\/wp-json\/wp\/v2\/product\/14684\/revisions"}],"predecessor-version":[{"id":14685,"href":"https:\/\/parapharmacieenligne.ma\/en\/wp-json\/wp\/v2\/product\/14684\/revisions\/14685"}],"wp:featuredmedia":[{"embeddable":true,"href":"https:\/\/parapharmacieenligne.ma\/en\/wp-json\/wp\/v2\/media\/14683"}],"wp:attachment":[{"href":"https:\/\/parapharmacieenligne.ma\/en\/wp-json\/wp\/v2\/media?parent=14684"}],"wp:term":[{"taxonomy":"product_cat","embeddable":true,"href":"https:\/\/parapharmacieenligne.ma\/en\/wp-json\/wp\/v2\/product_cat?post=14684"},{"taxonomy":"product_tag","embeddable":true,"href":"https:\/\/parapharmacieenligne.ma\/en\/wp-json\/wp\/v2\/product_tag?post=14684"},{"taxonomy":"yith_product_brand","embeddable":true,"href":"https:\/\/parapharmacieenligne.ma\/en\/wp-json\/wp\/v2\/yith_product_brand?post=14684"}],"curies":[{"name":"wp","href":"https:\/\/api.w.org\/{rel}","templated":true}]}}