{"id":14687,"date":"2026-02-16T16:45:26","date_gmt":"2026-02-16T15:45:26","guid":{"rendered":"https:\/\/parapharmacieenligne.ma\/?post_type=product&#038;p=14687"},"modified":"2026-02-16T16:45:35","modified_gmt":"2026-02-16T15:45:35","slug":"bella-aurora-pigment-stop-contour-des-yeux-multi-correcteur-5-actions-15-ml","status":"publish","type":"product","link":"https:\/\/parapharmacieenligne.ma\/en\/product\/bella-aurora-pigment-stop-contour-des-yeux-multi-correcteur-5-actions-15-ml\/","title":{"rendered":"BELLA AURORA PIGMENT STOP CONTOUR DES YEUX MULTI CORRECTEUR 5 ACTIONS 15 ML"},"content":{"rendered":"<p>Sa formule experte cible simultan\u00e9ment les taches pigmentaires, les cernes, les poches, les ridules et la perte d\u2019\u00e9lasticit\u00e9, pour un regard visiblement transform\u00e9 jour apr\u00e8s jour.<\/p>\n<p>D\u00e8s l\u2019application, sa texture fondante se d\u00e9pose d\u00e9licatement sur la peau, l\u2019enveloppant d\u2019un voile d\u2019hydratation intense. Ce soin agit comme une v\u00e9ritable cure revitalisante : il lisse les ridules gr\u00e2ce \u00e0 ses actifs repulpants, am\u00e9liore l\u2019\u00e9lasticit\u00e9 du contour des yeux et stimule la micro-circulation pour r\u00e9duire les cernes et d\u00e9gonfler les poches. Les taches pigmentaires s\u2019estompent progressivement, laissant place \u00e0 un contour de l\u2019\u0153il plus uniforme et lumineux. R\u00e9sultat : le regard para\u00eet plus repos\u00e9, plus jeune et visiblement \u00e9clatant.<\/p>\n<p>Sa formule cible les signes de fatigue cumul\u00e9e \u2014 nuits courtes, stress, exposition aux \u00e9crans \u2014 et aide \u00e0 redonner \u00e0 la peau son \u00e9nergie et son \u00e9clat naturel. Jour apr\u00e8s jour, la zone fragile du contour des yeux retrouve densit\u00e9 et souplesse. Le regard s\u2019ouvre, les traits semblent repos\u00e9s, comme apr\u00e8s une bonne nuit de sommeil.<\/p>\n<p>Ce contour des yeux 5 en 1 n\u2019est pas seulement un soin, mais un v\u00e9ritable traitement de haute performance, pens\u00e9 pour celles et ceux qui souhaitent un r\u00e9sultat visible avec un seul produit, sans multiplier les \u00e9tapes. Gr\u00e2ce \u00e0 sa texture agr\u00e9able et \u00e0 son absorption rapide, il s\u2019int\u00e8gre parfaitement \u00e0 toutes les routines de soin, matin et soir.<\/p>\n<p>Conseils d&rsquo;utilisation :<\/p>\n<p>Pr\u00e9lever une petite quantit\u00e9 \u00e0 l\u2019aide d\u2019une spatule ou du doigt.<br \/>\nAppliquer matin et soir sur peau propre, directement sur le contour des yeux.<br \/>\nTapoter doucement pour faire p\u00e9n\u00e9trer la cr\u00e8me.<br \/>\nComposition :<\/p>\n<p>Chromabright : Actif puissant pour r\u00e9duire les taches pigmentaires et prot\u00e9ger la peau contre le photovieillissement.<br \/>\nAcide hyaluronique : Assure une hydratation en profondeur tout en lissant les ridules.<br \/>\nComplexe d\u00e9fatigant : R\u00e9duit efficacement les poches et att\u00e9nue les cernes.<br \/>\nExtraits naturels apaisants : Calment et nourrissent la peau d\u00e9licate du contour des yeux.<\/p>","protected":false},"excerpt":{"rendered":"<p>Sa formule experte cible simultan\u00e9ment les taches pigmentaires, les cernes, les poches, les ridules et la perte d\u2019\u00e9lasticit\u00e9, pour un regard visiblement&hellip;<\/p>","protected":false},"featured_media":14686,"comment_status":"open","ping_status":"closed","template":"","meta":[],"product_cat":[83],"product_tag":[],"yith_product_brand":[193],"class_list":{"0":"post-14687","1":"product","2":"type-product","3":"status-publish","4":"has-post-thumbnail","6":"product_cat-soins-visage","7":"yith_product_brand-bella-aurora","9":"first","10":"instock","11":"sale","12":"shipping-taxable","13":"purchasable","14":"product-type-simple"},"_links":{"self":[{"href":"https:\/\/parapharmacieenligne.ma\/en\/wp-json\/wp\/v2\/product\/14687","targetHints":{"allow":["GET"]}}],"collection":[{"href":"https:\/\/parapharmacieenligne.ma\/en\/wp-json\/wp\/v2\/product"}],"about":[{"href":"https:\/\/parapharmacieenligne.ma\/en\/wp-json\/wp\/v2\/types\/product"}],"replies":[{"embeddable":true,"href":"https:\/\/parapharmacieenligne.ma\/en\/wp-json\/wp\/v2\/comments?post=14687"}],"version-history":[{"count":1,"href":"https:\/\/parapharmacieenligne.ma\/en\/wp-json\/wp\/v2\/product\/14687\/revisions"}],"predecessor-version":[{"id":14688,"href":"https:\/\/parapharmacieenligne.ma\/en\/wp-json\/wp\/v2\/product\/14687\/revisions\/14688"}],"wp:featuredmedia":[{"embeddable":true,"href":"https:\/\/parapharmacieenligne.ma\/en\/wp-json\/wp\/v2\/media\/14686"}],"wp:attachment":[{"href":"https:\/\/parapharmacieenligne.ma\/en\/wp-json\/wp\/v2\/media?parent=14687"}],"wp:term":[{"taxonomy":"product_cat","embeddable":true,"href":"https:\/\/parapharmacieenligne.ma\/en\/wp-json\/wp\/v2\/product_cat?post=14687"},{"taxonomy":"product_tag","embeddable":true,"href":"https:\/\/parapharmacieenligne.ma\/en\/wp-json\/wp\/v2\/product_tag?post=14687"},{"taxonomy":"yith_product_brand","embeddable":true,"href":"https:\/\/parapharmacieenligne.ma\/en\/wp-json\/wp\/v2\/yith_product_brand?post=14687"}],"curies":[{"name":"wp","href":"https:\/\/api.w.org\/{rel}","templated":true}]}}