{"id":14690,"date":"2026-02-16T16:47:38","date_gmt":"2026-02-16T15:47:38","guid":{"rendered":"https:\/\/parapharmacieenligne.ma\/?post_type=product&#038;p=14690"},"modified":"2026-02-16T16:47:51","modified_gmt":"2026-02-16T15:47:51","slug":"bella-aurora-bio10-forte-pigment-stop-peaux-mixte-a-grasse","status":"publish","type":"product","link":"https:\/\/parapharmacieenligne.ma\/en\/product\/bella-aurora-bio10-forte-pigment-stop-peaux-mixte-a-grasse\/","title":{"rendered":"BELLA AURORA BIO10 FORTE PIGMENT STOP PEAUX MIXTE A GRASSE"},"content":{"rendered":"<p>S\u00e9rum \u00e9clat anti-t\u00e2che brunes peau mixte-grasse de la marque BELLA AURORA est id\u00e9al pour les t\u00e2ches brunes, les t\u00e2ches solaires, les t\u00e2ches s\u00e9niles et les marques de la peau. Ce produit de soin est efficace gr\u00e2ce \u00e0 sa combinaison de 4 actifs employant la technologie d\u00e9pigmentante exclusive B-CORE 221.<\/p>\n<p>Ce soin visage anti-t\u00e2che est parfaitement formul\u00e9 pour les peaux mixtes \u00e0 grasses<\/p>","protected":false},"excerpt":{"rendered":"<p>S\u00e9rum \u00e9clat anti-t\u00e2che brunes peau mixte-grasse de la marque BELLA AURORA est id\u00e9al pour les t\u00e2ches brunes, les t\u00e2ches solaires, les t\u00e2ches&hellip;<\/p>","protected":false},"featured_media":14689,"comment_status":"open","ping_status":"closed","template":"","meta":[],"product_cat":[83],"product_tag":[],"yith_product_brand":[193],"class_list":{"0":"post-14690","1":"product","2":"type-product","3":"status-publish","4":"has-post-thumbnail","6":"product_cat-soins-visage","7":"yith_product_brand-bella-aurora","9":"first","10":"instock","11":"sale","12":"shipping-taxable","13":"purchasable","14":"product-type-simple"},"_links":{"self":[{"href":"https:\/\/parapharmacieenligne.ma\/en\/wp-json\/wp\/v2\/product\/14690","targetHints":{"allow":["GET"]}}],"collection":[{"href":"https:\/\/parapharmacieenligne.ma\/en\/wp-json\/wp\/v2\/product"}],"about":[{"href":"https:\/\/parapharmacieenligne.ma\/en\/wp-json\/wp\/v2\/types\/product"}],"replies":[{"embeddable":true,"href":"https:\/\/parapharmacieenligne.ma\/en\/wp-json\/wp\/v2\/comments?post=14690"}],"version-history":[{"count":1,"href":"https:\/\/parapharmacieenligne.ma\/en\/wp-json\/wp\/v2\/product\/14690\/revisions"}],"predecessor-version":[{"id":14691,"href":"https:\/\/parapharmacieenligne.ma\/en\/wp-json\/wp\/v2\/product\/14690\/revisions\/14691"}],"wp:featuredmedia":[{"embeddable":true,"href":"https:\/\/parapharmacieenligne.ma\/en\/wp-json\/wp\/v2\/media\/14689"}],"wp:attachment":[{"href":"https:\/\/parapharmacieenligne.ma\/en\/wp-json\/wp\/v2\/media?parent=14690"}],"wp:term":[{"taxonomy":"product_cat","embeddable":true,"href":"https:\/\/parapharmacieenligne.ma\/en\/wp-json\/wp\/v2\/product_cat?post=14690"},{"taxonomy":"product_tag","embeddable":true,"href":"https:\/\/parapharmacieenligne.ma\/en\/wp-json\/wp\/v2\/product_tag?post=14690"},{"taxonomy":"yith_product_brand","embeddable":true,"href":"https:\/\/parapharmacieenligne.ma\/en\/wp-json\/wp\/v2\/yith_product_brand?post=14690"}],"curies":[{"name":"wp","href":"https:\/\/api.w.org\/{rel}","templated":true}]}}