{"id":14699,"date":"2026-02-16T16:48:36","date_gmt":"2026-02-16T15:48:36","guid":{"rendered":"https:\/\/parapharmacieenligne.ma\/?post_type=product&#038;p=14699"},"modified":"2026-02-16T16:48:46","modified_gmt":"2026-02-16T15:48:46","slug":"bella-aurora-repigment-12-creme-controle-de-pigmentation-75-ml","status":"publish","type":"product","link":"https:\/\/parapharmacieenligne.ma\/en\/product\/bella-aurora-repigment-12-creme-controle-de-pigmentation-75-ml\/","title":{"rendered":"BELLA AURORA REPIGMENT 12 CREME CONTROLE DE PIGMENTATION 75 ML"},"content":{"rendered":"<p>La Bella Aurora Repigment12 Cr\u00e8me Repigmentante est une v\u00e9ritable r\u00e9volution pour celles et ceux qui luttent contre les probl\u00e8mes de d\u00e9pigmentation, tels que le vitiligo et les taches blanches sur la peau. Ce soin innovant, gr\u00e2ce \u00e0 son complexe exclusif Repigma12\u2122, s&rsquo;attaque directement \u00e0 la cause de la d\u00e9pigmentation en bloquant la prot\u00e9ine MIA, responsable de cette condition. Cette action cibl\u00e9e permet de maintenir la stabilit\u00e9 des m\u00e9lanocytes et favorise, avec une exposition contr\u00f4l\u00e9e aux UV, une repigmentation progressive et naturelle des zones affect\u00e9es.<\/p>\n<p>D\u00e8s les trois premiers mois d\u2019utilisation, vous constaterez une am\u00e9lioration significative de votre teint. Les taches blanches diminuent visiblement, et la m\u00e9lanine revient \u00e0 des niveaux normaux, restaurant ainsi un teint uniforme et lumineux. Ce traitement est non seulement efficace mais aussi s\u00fbr pour tous les types de peau, m\u00eame les plus sensibles, gr\u00e2ce \u00e0 sa formulation hypoallerg\u00e9nique et test\u00e9e dermatologiquement. Utilisable aussi bien sur le visage que sur le corps, cette cr\u00e8me est un alli\u00e9 incontournable pour retrouver une peau homog\u00e8ne et rayonnante de sant\u00e9.<\/p>\n<p>Conseils d&rsquo;Utilisation :<\/p>\n<p>Application Biquotidienne : Appliquez la cr\u00e8me matin et soir sur les zones d\u00e9pigment\u00e9es pour un traitement continu.<br \/>\nExposition aux UV : Pour maximiser les effets, exposez les zones trait\u00e9es \u00e0 la lumi\u00e8re naturelle du soleil de mani\u00e8re mod\u00e9r\u00e9e, ou utilisez des UV sous supervision m\u00e9dicale.<br \/>\nPatience et R\u00e9gularit\u00e9 : La repigmentation est un processus progressif. Soyez constant dans l&rsquo;application pour voir les meilleurs r\u00e9sultats.<\/p>","protected":false},"excerpt":{"rendered":"<p>La Bella Aurora Repigment12 Cr\u00e8me Repigmentante est une v\u00e9ritable r\u00e9volution pour celles et ceux qui luttent contre les probl\u00e8mes de d\u00e9pigmentation, tels&hellip;<\/p>","protected":false},"featured_media":14698,"comment_status":"open","ping_status":"closed","template":"","meta":[],"product_cat":[83],"product_tag":[],"yith_product_brand":[193],"class_list":{"0":"post-14699","1":"product","2":"type-product","3":"status-publish","4":"has-post-thumbnail","6":"product_cat-soins-visage","7":"yith_product_brand-bella-aurora","9":"first","10":"instock","11":"sale","12":"shipping-taxable","13":"purchasable","14":"product-type-simple"},"_links":{"self":[{"href":"https:\/\/parapharmacieenligne.ma\/en\/wp-json\/wp\/v2\/product\/14699","targetHints":{"allow":["GET"]}}],"collection":[{"href":"https:\/\/parapharmacieenligne.ma\/en\/wp-json\/wp\/v2\/product"}],"about":[{"href":"https:\/\/parapharmacieenligne.ma\/en\/wp-json\/wp\/v2\/types\/product"}],"replies":[{"embeddable":true,"href":"https:\/\/parapharmacieenligne.ma\/en\/wp-json\/wp\/v2\/comments?post=14699"}],"version-history":[{"count":1,"href":"https:\/\/parapharmacieenligne.ma\/en\/wp-json\/wp\/v2\/product\/14699\/revisions"}],"predecessor-version":[{"id":14700,"href":"https:\/\/parapharmacieenligne.ma\/en\/wp-json\/wp\/v2\/product\/14699\/revisions\/14700"}],"wp:featuredmedia":[{"embeddable":true,"href":"https:\/\/parapharmacieenligne.ma\/en\/wp-json\/wp\/v2\/media\/14698"}],"wp:attachment":[{"href":"https:\/\/parapharmacieenligne.ma\/en\/wp-json\/wp\/v2\/media?parent=14699"}],"wp:term":[{"taxonomy":"product_cat","embeddable":true,"href":"https:\/\/parapharmacieenligne.ma\/en\/wp-json\/wp\/v2\/product_cat?post=14699"},{"taxonomy":"product_tag","embeddable":true,"href":"https:\/\/parapharmacieenligne.ma\/en\/wp-json\/wp\/v2\/product_tag?post=14699"},{"taxonomy":"yith_product_brand","embeddable":true,"href":"https:\/\/parapharmacieenligne.ma\/en\/wp-json\/wp\/v2\/yith_product_brand?post=14699"}],"curies":[{"name":"wp","href":"https:\/\/api.w.org\/{rel}","templated":true}]}}