{"id":14708,"date":"2026-02-16T16:54:00","date_gmt":"2026-02-16T15:54:00","guid":{"rendered":"https:\/\/parapharmacieenligne.ma\/?post_type=product&#038;p=14708"},"modified":"2026-02-16T16:54:14","modified_gmt":"2026-02-16T15:54:14","slug":"bella-aurora-gel-nettoyant-anti-taches-200ml","status":"publish","type":"product","link":"https:\/\/parapharmacieenligne.ma\/en\/product\/bella-aurora-gel-nettoyant-anti-taches-200ml\/","title":{"rendered":"BELLA AURORA GEL NETTOYANT ANTI TACHES 200ML"},"content":{"rendered":"<p>Gel nettoyant visage ayant l\u00b4efficacit\u00e9 d\u00b4un gel et la texture d\u00b4une cr\u00e8me.<\/p>\n<p>\u2022 Nettoie et d\u00e9maquille la peau en douceur.<\/p>\n<p>\u2022 Unifie et \u00e9claircit le teint.<\/p>\n<p>\u2022 Prot\u00e8ge la peau contre la pollution urbaine.<\/p>\n<p>\u2022 Exfolie en douceur.<\/p>\n<p>\u2022 Laisse la peau douce et agr\u00e9able Test\u00e9 sous contr\u00f4le dermatologique.<\/p>","protected":false},"excerpt":{"rendered":"<p>Gel nettoyant visage ayant l\u00b4efficacit\u00e9 d\u00b4un gel et la texture d\u00b4une cr\u00e8me. \u2022 Nettoie et d\u00e9maquille la peau en douceur. \u2022 Unifie&hellip;<\/p>","protected":false},"featured_media":14707,"comment_status":"open","ping_status":"closed","template":"","meta":[],"product_cat":[83],"product_tag":[],"yith_product_brand":[193],"class_list":{"0":"post-14708","1":"product","2":"type-product","3":"status-publish","4":"has-post-thumbnail","6":"product_cat-soins-visage","7":"yith_product_brand-bella-aurora","9":"first","10":"instock","11":"sale","12":"shipping-taxable","13":"purchasable","14":"product-type-simple"},"_links":{"self":[{"href":"https:\/\/parapharmacieenligne.ma\/en\/wp-json\/wp\/v2\/product\/14708","targetHints":{"allow":["GET"]}}],"collection":[{"href":"https:\/\/parapharmacieenligne.ma\/en\/wp-json\/wp\/v2\/product"}],"about":[{"href":"https:\/\/parapharmacieenligne.ma\/en\/wp-json\/wp\/v2\/types\/product"}],"replies":[{"embeddable":true,"href":"https:\/\/parapharmacieenligne.ma\/en\/wp-json\/wp\/v2\/comments?post=14708"}],"version-history":[{"count":1,"href":"https:\/\/parapharmacieenligne.ma\/en\/wp-json\/wp\/v2\/product\/14708\/revisions"}],"predecessor-version":[{"id":14709,"href":"https:\/\/parapharmacieenligne.ma\/en\/wp-json\/wp\/v2\/product\/14708\/revisions\/14709"}],"wp:featuredmedia":[{"embeddable":true,"href":"https:\/\/parapharmacieenligne.ma\/en\/wp-json\/wp\/v2\/media\/14707"}],"wp:attachment":[{"href":"https:\/\/parapharmacieenligne.ma\/en\/wp-json\/wp\/v2\/media?parent=14708"}],"wp:term":[{"taxonomy":"product_cat","embeddable":true,"href":"https:\/\/parapharmacieenligne.ma\/en\/wp-json\/wp\/v2\/product_cat?post=14708"},{"taxonomy":"product_tag","embeddable":true,"href":"https:\/\/parapharmacieenligne.ma\/en\/wp-json\/wp\/v2\/product_tag?post=14708"},{"taxonomy":"yith_product_brand","embeddable":true,"href":"https:\/\/parapharmacieenligne.ma\/en\/wp-json\/wp\/v2\/yith_product_brand?post=14708"}],"curies":[{"name":"wp","href":"https:\/\/api.w.org\/{rel}","templated":true}]}}