{"id":14714,"date":"2026-02-16T16:54:44","date_gmt":"2026-02-16T15:54:44","guid":{"rendered":"https:\/\/parapharmacieenligne.ma\/?post_type=product&#038;p=14714"},"modified":"2026-02-16T16:54:52","modified_gmt":"2026-02-16T15:54:52","slug":"bella-aurora-advanced-booster-retinol-et-bakuchiol-30-ml","status":"publish","type":"product","link":"https:\/\/parapharmacieenligne.ma\/en\/product\/bella-aurora-advanced-booster-retinol-et-bakuchiol-30-ml\/","title":{"rendered":"BELLA AURORA ADVANCED BOOSTER RETINOL ET BAKUCHIOL 30 ML"},"content":{"rendered":"<p>Le Bella Aurora Advanced Booster au R\u00e9tinol et Bakuchiol 30 ml est un soin intensif de pointe, formul\u00e9 pour offrir une action anti-\u00e2ge compl\u00e8te. Gr\u00e2ce \u00e0 une concentration optimale en r\u00e9tinol et bakuchiol, ce booster agit en profondeur pour corriger les rides marqu\u00e9es et lisser les ridules d\u2019expression. Sa double action raffermissante et retexturisante r\u00e9pare la peau, favorise un teint plus lisse et am\u00e9liore la fermet\u00e9 naturelle.<\/p>\n<p>Le r\u00e9tinol stimule le renouvellement cellulaire, r\u00e9duisant visiblement les signes de vieillissement, tandis que le bakuchiol, son \u00e9quivalent v\u00e9g\u00e9tal, compl\u00e8te son action sans agresser la peau. Ensemble, ces actifs innovants r\u00e9activent la jeunesse de la peau en douceur, la rendant plus r\u00e9sistante, \u00e9clatante et harmonieuse. Ce booster est id\u00e9al pour celles et ceux qui cherchent une solution performante pour am\u00e9liorer la texture de leur peau et retrouver un visage tonifi\u00e9 et rajeuni.<\/p>\n<p>Utilis\u00e9 quotidiennement, le Bella Aurora Booster aide \u00e0 pr\u00e9venir l\u2019apparition de nouvelles rides et assure une peau hydrat\u00e9e, rebondie et lumineuse. Il s\u2019int\u00e8gre parfaitement \u00e0 toutes les routines de soins gr\u00e2ce \u00e0 sa texture l\u00e9g\u00e8re et non grasse, qui p\u00e9n\u00e8tre rapidement sans laisser de film collant.<\/p>\n<p>Conseils d\u2019utilisation :<\/p>\n<p>Appliquez le soir sur une peau propre avant votre cr\u00e8me hydratante.<\/p>","protected":false},"excerpt":{"rendered":"<p>Le Bella Aurora Advanced Booster au R\u00e9tinol et Bakuchiol 30 ml est un soin intensif de pointe, formul\u00e9 pour offrir une action&hellip;<\/p>","protected":false},"featured_media":14713,"comment_status":"open","ping_status":"closed","template":"","meta":[],"product_cat":[83],"product_tag":[],"yith_product_brand":[193],"class_list":{"0":"post-14714","1":"product","2":"type-product","3":"status-publish","4":"has-post-thumbnail","6":"product_cat-soins-visage","7":"yith_product_brand-bella-aurora","9":"first","10":"instock","11":"sale","12":"shipping-taxable","13":"purchasable","14":"product-type-simple"},"_links":{"self":[{"href":"https:\/\/parapharmacieenligne.ma\/en\/wp-json\/wp\/v2\/product\/14714","targetHints":{"allow":["GET"]}}],"collection":[{"href":"https:\/\/parapharmacieenligne.ma\/en\/wp-json\/wp\/v2\/product"}],"about":[{"href":"https:\/\/parapharmacieenligne.ma\/en\/wp-json\/wp\/v2\/types\/product"}],"replies":[{"embeddable":true,"href":"https:\/\/parapharmacieenligne.ma\/en\/wp-json\/wp\/v2\/comments?post=14714"}],"version-history":[{"count":1,"href":"https:\/\/parapharmacieenligne.ma\/en\/wp-json\/wp\/v2\/product\/14714\/revisions"}],"predecessor-version":[{"id":14715,"href":"https:\/\/parapharmacieenligne.ma\/en\/wp-json\/wp\/v2\/product\/14714\/revisions\/14715"}],"wp:featuredmedia":[{"embeddable":true,"href":"https:\/\/parapharmacieenligne.ma\/en\/wp-json\/wp\/v2\/media\/14713"}],"wp:attachment":[{"href":"https:\/\/parapharmacieenligne.ma\/en\/wp-json\/wp\/v2\/media?parent=14714"}],"wp:term":[{"taxonomy":"product_cat","embeddable":true,"href":"https:\/\/parapharmacieenligne.ma\/en\/wp-json\/wp\/v2\/product_cat?post=14714"},{"taxonomy":"product_tag","embeddable":true,"href":"https:\/\/parapharmacieenligne.ma\/en\/wp-json\/wp\/v2\/product_tag?post=14714"},{"taxonomy":"yith_product_brand","embeddable":true,"href":"https:\/\/parapharmacieenligne.ma\/en\/wp-json\/wp\/v2\/yith_product_brand?post=14714"}],"curies":[{"name":"wp","href":"https:\/\/api.w.org\/{rel}","templated":true}]}}