{"id":14717,"date":"2026-02-16T16:55:02","date_gmt":"2026-02-16T15:55:02","guid":{"rendered":"https:\/\/parapharmacieenligne.ma\/?post_type=product&#038;p=14717"},"modified":"2026-02-16T16:55:17","modified_gmt":"2026-02-16T15:55:17","slug":"bella-aurora-advanced-booster-vitamine-c-30-ml","status":"publish","type":"product","link":"https:\/\/parapharmacieenligne.ma\/en\/product\/bella-aurora-advanced-booster-vitamine-c-30-ml\/","title":{"rendered":"BELLA AURORA ADVANCED BOOSTER VITAMINE C 30 ML"},"content":{"rendered":"<p>Le Bella Aurora Advanced Vitamine C 30 ml est un soin intensif hautement concentr\u00e9, id\u00e9al pour les peaux ternes ou \u00e0 imperfections. Ce booster puissant agit en profondeur pour offrir une double action : illuminer imm\u00e9diatement le teint et am\u00e9liorer la d\u00e9fense antioxydante naturelle de la peau. Enrichi en vitamine C stabilis\u00e9e, il permet de raviver l\u2019\u00e9clat, d\u2019unifier la texture et d\u2019estomper les signes visibles de fatigue. D\u00e8s la premi\u00e8re application, la peau para\u00eet plus fra\u00eeche, radieuse et revitalis\u00e9e.<\/p>\n<p>Gr\u00e2ce \u00e0 son effet \u00e9clairant, ce soin corrige efficacement les irr\u00e9gularit\u00e9s du teint et les imperfections l\u00e9g\u00e8res, tout en prot\u00e9geant la peau des agressions ext\u00e9rieures. Avec une utilisation r\u00e9guli\u00e8re, le Bella Aurora Advanced Vitamine C redonne \u00e0 la peau une apparence saine et \u00e9clatante, pour un r\u00e9sultat lumineux qui dure toute la journ\u00e9e.<\/p>\n<p>Que vous ayez une peau d\u00e9shydrat\u00e9e, fatigu\u00e9e ou affect\u00e9e par des taches pigmentaires, ce s\u00e9rum est un alli\u00e9 indispensable dans votre routine quotidienne. Con\u00e7u pour tous types de peaux, il procure un effet peau neuve en boostant la r\u00e9g\u00e9n\u00e9ration cellulaire et en limitant l\u2019oxydation due aux radicaux libres.<\/p>\n<p>Conseils d&rsquo;utilisation :<\/p>\n<p>Utilisez le s\u00e9rum matin et soir sur une peau propre et s\u00e8che avant votre cr\u00e8me hydratante.<\/p>","protected":false},"excerpt":{"rendered":"<p>Le Bella Aurora Advanced Vitamine C 30 ml est un soin intensif hautement concentr\u00e9, id\u00e9al pour les peaux ternes ou \u00e0 imperfections.&hellip;<\/p>","protected":false},"featured_media":14716,"comment_status":"open","ping_status":"closed","template":"","meta":[],"product_cat":[83],"product_tag":[],"yith_product_brand":[193],"class_list":{"0":"post-14717","1":"product","2":"type-product","3":"status-publish","4":"has-post-thumbnail","6":"product_cat-soins-visage","7":"yith_product_brand-bella-aurora","9":"first","10":"instock","11":"sale","12":"shipping-taxable","13":"purchasable","14":"product-type-simple"},"_links":{"self":[{"href":"https:\/\/parapharmacieenligne.ma\/en\/wp-json\/wp\/v2\/product\/14717","targetHints":{"allow":["GET"]}}],"collection":[{"href":"https:\/\/parapharmacieenligne.ma\/en\/wp-json\/wp\/v2\/product"}],"about":[{"href":"https:\/\/parapharmacieenligne.ma\/en\/wp-json\/wp\/v2\/types\/product"}],"replies":[{"embeddable":true,"href":"https:\/\/parapharmacieenligne.ma\/en\/wp-json\/wp\/v2\/comments?post=14717"}],"version-history":[{"count":1,"href":"https:\/\/parapharmacieenligne.ma\/en\/wp-json\/wp\/v2\/product\/14717\/revisions"}],"predecessor-version":[{"id":14718,"href":"https:\/\/parapharmacieenligne.ma\/en\/wp-json\/wp\/v2\/product\/14717\/revisions\/14718"}],"wp:featuredmedia":[{"embeddable":true,"href":"https:\/\/parapharmacieenligne.ma\/en\/wp-json\/wp\/v2\/media\/14716"}],"wp:attachment":[{"href":"https:\/\/parapharmacieenligne.ma\/en\/wp-json\/wp\/v2\/media?parent=14717"}],"wp:term":[{"taxonomy":"product_cat","embeddable":true,"href":"https:\/\/parapharmacieenligne.ma\/en\/wp-json\/wp\/v2\/product_cat?post=14717"},{"taxonomy":"product_tag","embeddable":true,"href":"https:\/\/parapharmacieenligne.ma\/en\/wp-json\/wp\/v2\/product_tag?post=14717"},{"taxonomy":"yith_product_brand","embeddable":true,"href":"https:\/\/parapharmacieenligne.ma\/en\/wp-json\/wp\/v2\/yith_product_brand?post=14717"}],"curies":[{"name":"wp","href":"https:\/\/api.w.org\/{rel}","templated":true}]}}