{"id":14726,"date":"2026-02-16T16:59:11","date_gmt":"2026-02-16T15:59:11","guid":{"rendered":"https:\/\/parapharmacieenligne.ma\/?post_type=product&#038;p=14726"},"modified":"2026-02-16T16:59:24","modified_gmt":"2026-02-16T15:59:24","slug":"bella-aurora-advanced-booster-aha-30-ml-2","status":"publish","type":"product","link":"https:\/\/parapharmacieenligne.ma\/en\/product\/bella-aurora-advanced-booster-aha-30-ml-2\/","title":{"rendered":"BELLA AURORA ADVANCED BOOSTER AHA 30 ML"},"content":{"rendered":"<p>Bella Aurora Advanced Booster AHA 30 ml est un soin intensif qui sublime la peau gr\u00e2ce \u00e0 un effet peeling doux. Formul\u00e9 avec 6 % d&rsquo;AHA (acides glycolique, mand\u00e9lique et lactique), ce booster favorise le renouvellement cellulaire et aide \u00e0 \u00e9liminer les cellules mortes pour une peau plus lumineuse et uniforme.<\/p>\n<p>Ce produit est id\u00e9al pour ceux qui souhaitent r\u00e9duire les imperfections, affiner leur grain de peau, et minimiser la taille des pores. Gr\u00e2ce \u00e0 la vitamine B3, il renforce \u00e9galement la barri\u00e8re cutan\u00e9e, am\u00e9liorant ainsi l&rsquo;hydratation et la tol\u00e9rance de la peau, pour un teint radieux et sans inconfort.<\/p>\n<p>Avec sa texture l\u00e9g\u00e8re, ce s\u00e9rum est parfait pour corriger les boutons, taches pigmentaires, et zones irr\u00e9guli\u00e8res. Il convient \u00e0 tous les types de peau, notamment les peaux mixtes \u00e0 grasses, sujettes aux imperfections ou au teint terne. Utilis\u00e9 r\u00e9guli\u00e8rement, il procure une sensation de peau douce et lisse tout en illuminant le visage.<\/p>\n<p>Conseils d\u2019utilisation :<\/p>\n<p>Appliquer le soir apr\u00e8s le nettoyage du visage, sur une peau s\u00e8che.<br \/>\nUtilisez quelques gouttes et massez d\u00e9licatement jusqu\u2019\u00e0 absorption compl\u00e8te.<\/p>","protected":false},"excerpt":{"rendered":"<p>Bella Aurora Advanced Booster AHA 30 ml est un soin intensif qui sublime la peau gr\u00e2ce \u00e0 un effet peeling doux. Formul\u00e9&hellip;<\/p>","protected":false},"featured_media":14725,"comment_status":"open","ping_status":"closed","template":"","meta":[],"product_cat":[83],"product_tag":[],"yith_product_brand":[193],"class_list":{"0":"post-14726","1":"product","2":"type-product","3":"status-publish","4":"has-post-thumbnail","6":"product_cat-soins-visage","7":"yith_product_brand-bella-aurora","9":"first","10":"instock","11":"sale","12":"shipping-taxable","13":"purchasable","14":"product-type-simple"},"_links":{"self":[{"href":"https:\/\/parapharmacieenligne.ma\/en\/wp-json\/wp\/v2\/product\/14726","targetHints":{"allow":["GET"]}}],"collection":[{"href":"https:\/\/parapharmacieenligne.ma\/en\/wp-json\/wp\/v2\/product"}],"about":[{"href":"https:\/\/parapharmacieenligne.ma\/en\/wp-json\/wp\/v2\/types\/product"}],"replies":[{"embeddable":true,"href":"https:\/\/parapharmacieenligne.ma\/en\/wp-json\/wp\/v2\/comments?post=14726"}],"version-history":[{"count":1,"href":"https:\/\/parapharmacieenligne.ma\/en\/wp-json\/wp\/v2\/product\/14726\/revisions"}],"predecessor-version":[{"id":14727,"href":"https:\/\/parapharmacieenligne.ma\/en\/wp-json\/wp\/v2\/product\/14726\/revisions\/14727"}],"wp:featuredmedia":[{"embeddable":true,"href":"https:\/\/parapharmacieenligne.ma\/en\/wp-json\/wp\/v2\/media\/14725"}],"wp:attachment":[{"href":"https:\/\/parapharmacieenligne.ma\/en\/wp-json\/wp\/v2\/media?parent=14726"}],"wp:term":[{"taxonomy":"product_cat","embeddable":true,"href":"https:\/\/parapharmacieenligne.ma\/en\/wp-json\/wp\/v2\/product_cat?post=14726"},{"taxonomy":"product_tag","embeddable":true,"href":"https:\/\/parapharmacieenligne.ma\/en\/wp-json\/wp\/v2\/product_tag?post=14726"},{"taxonomy":"yith_product_brand","embeddable":true,"href":"https:\/\/parapharmacieenligne.ma\/en\/wp-json\/wp\/v2\/yith_product_brand?post=14726"}],"curies":[{"name":"wp","href":"https:\/\/api.w.org\/{rel}","templated":true}]}}