{"id":14744,"date":"2026-02-16T17:07:27","date_gmt":"2026-02-16T16:07:27","guid":{"rendered":"https:\/\/parapharmacieenligne.ma\/?post_type=product&#038;p=14744"},"modified":"2026-02-16T17:07:37","modified_gmt":"2026-02-16T16:07:37","slug":"bella-aurora-bio-10-forte-anti-taches-3-en-1-spf-50-teinte-10-ml","status":"publish","type":"product","link":"https:\/\/parapharmacieenligne.ma\/en\/product\/bella-aurora-bio-10-forte-anti-taches-3-en-1-spf-50-teinte-10-ml\/","title":{"rendered":"BELLA AURORA BIO 10 FORTE ANTI TACHES 3 EN 1 SPF 50+ TEINTE 10 ML"},"content":{"rendered":"<p>D\u00e9couvrez BELLA AURORA BIO 10 FORTE ANTI TACHES 3 EN 1 SPF 50+, le correcteur localis\u00e9 id\u00e9al pour celles et ceux qui d\u00e9sirent une peau uniforme et \u00e9clatante. Ce produit innovant est sp\u00e9cialement formul\u00e9 pour cibler et r\u00e9duire les taches brunes caus\u00e9es par l&rsquo;exposition au soleil, les d\u00e9s\u00e9quilibres hormonaux, le vieillissement cutan\u00e9 ou les inflammations pass\u00e9es. Gr\u00e2ce \u00e0 son syst\u00e8me d&rsquo;encapsulation et de lib\u00e9ration cibl\u00e9e, il agit directement sur les cellules productrices de m\u00e9lanine, lib\u00e9rant ainsi son actif d\u00e9pigmentant avec une efficacit\u00e9 in\u00e9gal\u00e9e.<\/p>\n<p>Ce correcteur n&rsquo;est pas qu&rsquo;un simple soin d\u00e9pigmentant. Avec son SPF 50+, il offre une protection tr\u00e8s haute contre les rayonnements UVA et UVB, pr\u00e9servant votre peau des agressions solaires tout en estompant les imperfections. Sa formule unique, enrichie d&rsquo;une base color\u00e9e, neutralise et camoufle les taches, vous offrant un teint plus homog\u00e8ne et radieux. Elle s&rsquo;adapte parfaitement \u00e0 votre couleur naturelle de peau, garantissant un fini naturel et agr\u00e9able.<\/p>\n<p>Conseils d&rsquo;utilisation :<\/p>\n<p>Appliquez une petite quantit\u00e9 de correcteur sur les zones concern\u00e9es, comme les taches brunes, en tapotant l\u00e9g\u00e8rement pour une meilleure p\u00e9n\u00e9tration.<\/p>","protected":false},"excerpt":{"rendered":"<p>D\u00e9couvrez BELLA AURORA BIO 10 FORTE ANTI TACHES 3 EN 1 SPF 50+, le correcteur localis\u00e9 id\u00e9al pour celles et ceux qui&hellip;<\/p>","protected":false},"featured_media":14743,"comment_status":"open","ping_status":"closed","template":"","meta":[],"product_cat":[83],"product_tag":[],"yith_product_brand":[193],"class_list":{"0":"post-14744","1":"product","2":"type-product","3":"status-publish","4":"has-post-thumbnail","6":"product_cat-soins-visage","7":"yith_product_brand-bella-aurora","9":"first","10":"instock","11":"sale","12":"shipping-taxable","13":"purchasable","14":"product-type-simple"},"_links":{"self":[{"href":"https:\/\/parapharmacieenligne.ma\/en\/wp-json\/wp\/v2\/product\/14744","targetHints":{"allow":["GET"]}}],"collection":[{"href":"https:\/\/parapharmacieenligne.ma\/en\/wp-json\/wp\/v2\/product"}],"about":[{"href":"https:\/\/parapharmacieenligne.ma\/en\/wp-json\/wp\/v2\/types\/product"}],"replies":[{"embeddable":true,"href":"https:\/\/parapharmacieenligne.ma\/en\/wp-json\/wp\/v2\/comments?post=14744"}],"version-history":[{"count":1,"href":"https:\/\/parapharmacieenligne.ma\/en\/wp-json\/wp\/v2\/product\/14744\/revisions"}],"predecessor-version":[{"id":14745,"href":"https:\/\/parapharmacieenligne.ma\/en\/wp-json\/wp\/v2\/product\/14744\/revisions\/14745"}],"wp:featuredmedia":[{"embeddable":true,"href":"https:\/\/parapharmacieenligne.ma\/en\/wp-json\/wp\/v2\/media\/14743"}],"wp:attachment":[{"href":"https:\/\/parapharmacieenligne.ma\/en\/wp-json\/wp\/v2\/media?parent=14744"}],"wp:term":[{"taxonomy":"product_cat","embeddable":true,"href":"https:\/\/parapharmacieenligne.ma\/en\/wp-json\/wp\/v2\/product_cat?post=14744"},{"taxonomy":"product_tag","embeddable":true,"href":"https:\/\/parapharmacieenligne.ma\/en\/wp-json\/wp\/v2\/product_tag?post=14744"},{"taxonomy":"yith_product_brand","embeddable":true,"href":"https:\/\/parapharmacieenligne.ma\/en\/wp-json\/wp\/v2\/yith_product_brand?post=14744"}],"curies":[{"name":"wp","href":"https:\/\/api.w.org\/{rel}","templated":true}]}}