{"id":14755,"date":"2026-02-16T17:34:49","date_gmt":"2026-02-16T16:34:49","guid":{"rendered":"https:\/\/parapharmacieenligne.ma\/?post_type=product&#038;p=14755"},"modified":"2026-02-16T17:34:57","modified_gmt":"2026-02-16T16:34:57","slug":"bionike-defence-b-lucent-concentre-unifiant-30ml","status":"publish","type":"product","link":"https:\/\/parapharmacieenligne.ma\/en\/product\/bionike-defence-b-lucent-concentre-unifiant-30ml\/","title":{"rendered":"BIONIKE DEFENCE B LUCENT CONCENTRE UNIFIANT 30ML"},"content":{"rendered":"<p>D\u00e8s l\u2019application, ce concentr\u00e9 fond d\u00e9licatement sur la peau, laissant une texture agr\u00e9able, fra\u00eeche et non collante. Il agit en profondeur pour r\u00e9duire visiblement les taches d\u2019hyperpigmentation \u2014 qu\u2019il s\u2019agisse de petites marques ou de zones plus diffuses, comme un m\u00e9lasma \u2014 tout en unifiant le teint et en lui redonnant de l\u2019\u00e9clat. Gr\u00e2ce \u00e0 son cocktail d\u2019actifs cibl\u00e9s, ce soin travaille sur la synth\u00e8se de m\u00e9lanine, pour une action d\u00e9pigmentante r\u00e9elle et progressive.<\/p>\n<p>Les r\u00e9sultats ? Une peau plus homog\u00e8ne, lumineuse, avec un effet \u201cpeau r\u00e9veill\u00e9e\u201d. Ce produit convient \u00e0 diff\u00e9rents types de peau, m\u00eame sensibles, puisqu\u2019il ne joue pas sur des abrasifs agressifs mais sur des actions biochimiques cibl\u00e9es.<\/p>\n<p>Conseils d\u2019utilisation<br \/>\nNettoyez soigneusement votre visage et votre d\u00e9collet\u00e9 en soir\u00e9e (utilisez votre nettoyant habituel doux).<\/p>\n<p>Appliquez quelques gouttes du concentr\u00e9 le soir, ou selon le protocole de votre routine Defence B-Lucent. \u00c9talez uniform\u00e9ment sur les zones pr\u00e9sentant des taches ou sur l\u2019ensemble du visage si vous le souhaitez.<\/p>\n<p>Laissez p\u00e9n\u00e9trer quelques instants, puis appliquez une cr\u00e8me hydratante et \u00e9molliente adapt\u00e9e (id\u00e9alement celle recommand\u00e9e dans la gamme Defence B-Lucent).<\/p>\n<p>En journ\u00e9e, ne n\u00e9gligez jamais la protection solaire : pour que les r\u00e9sultats soient durables, une cr\u00e8me solaire \u00e0 haut SPF est indispensable pour \u00e9viter la r\u00e9apparition ou l\u2019aggravation des taches.<\/p>\n<p>\u00c0 noter : de l\u00e9g\u00e8res variations de teinte ou d\u2019odeur peuvent se produire du fait de la concentration des actifs (cela n\u2019affecte pas l\u2019efficacit\u00e9).<\/p>\n<p>Composition<br \/>\nAqua (Water), Helianthus Annuus (Sunflower) Seed Oil, Pentylene Glycol, Steareth-21, Butyrospermum Parkii (Shea) Butter, Butylene Glycol, Undecylenoyl Phenylalanine, Lauroyl Lysine, Isopropyl Palmitate, Triethanolamine, Methyl Dihydroxybenzoate, Sodium Acrylates Crosspolymer, Hydrogenated Polyisobutene, Caprylyl Glycol, Steareth-2, Xylitol, Polyglyceryl-10 Stearate, Potassium Cetyl Phosphate, Polymethylsilsesquioxane, Oligopeptide-68, Glycine Soja Oil, Glycerin, Phospholipids, Potassium Hydroxide, Hydrogenated Lecithin, Sodium Oleate, Tocopherol, Trisodium Ethylenediamine Disuccinate <\/p>\n<p>Parmi les actifs cl\u00e9s, on retrouve :<\/p>\n<p>Methyl-gentisate (issu de la racine de gentiane) : inhibe l\u2019enzyme tyrosinase, freinant la production de m\u00e9lanine.<\/p>\n<p>Peptide biomim\u00e9tique (Oligopeptide-68) : agit \u00e0 double niveau : neutraliser le signal de d\u00e9clenchement de la m\u00e9lanogen\u00e8se et inhiber les enzymes de synth\u00e8se de m\u00e9lanine.<\/p>\n<p>Acide lipo-amin\u00e9 (Undecylenoyl Phenylalanine) : en plus de moduler la production de m\u00e9lanine, il limite le transfert de la m\u00e9lanine des m\u00e9lanocytes vers les cellules \u00e9pidermiques.<\/p>","protected":false},"excerpt":{"rendered":"<p>D\u00e8s l\u2019application, ce concentr\u00e9 fond d\u00e9licatement sur la peau, laissant une texture agr\u00e9able, fra\u00eeche et non collante. Il agit en profondeur pour&hellip;<\/p>","protected":false},"featured_media":14754,"comment_status":"open","ping_status":"closed","template":"","meta":[],"product_cat":[83],"product_tag":[],"yith_product_brand":[152],"class_list":{"0":"post-14755","1":"product","2":"type-product","3":"status-publish","4":"has-post-thumbnail","6":"product_cat-soins-visage","7":"yith_product_brand-bionike","9":"first","10":"instock","11":"sale","12":"shipping-taxable","13":"purchasable","14":"product-type-simple"},"_links":{"self":[{"href":"https:\/\/parapharmacieenligne.ma\/en\/wp-json\/wp\/v2\/product\/14755","targetHints":{"allow":["GET"]}}],"collection":[{"href":"https:\/\/parapharmacieenligne.ma\/en\/wp-json\/wp\/v2\/product"}],"about":[{"href":"https:\/\/parapharmacieenligne.ma\/en\/wp-json\/wp\/v2\/types\/product"}],"replies":[{"embeddable":true,"href":"https:\/\/parapharmacieenligne.ma\/en\/wp-json\/wp\/v2\/comments?post=14755"}],"version-history":[{"count":1,"href":"https:\/\/parapharmacieenligne.ma\/en\/wp-json\/wp\/v2\/product\/14755\/revisions"}],"predecessor-version":[{"id":14756,"href":"https:\/\/parapharmacieenligne.ma\/en\/wp-json\/wp\/v2\/product\/14755\/revisions\/14756"}],"wp:featuredmedia":[{"embeddable":true,"href":"https:\/\/parapharmacieenligne.ma\/en\/wp-json\/wp\/v2\/media\/14754"}],"wp:attachment":[{"href":"https:\/\/parapharmacieenligne.ma\/en\/wp-json\/wp\/v2\/media?parent=14755"}],"wp:term":[{"taxonomy":"product_cat","embeddable":true,"href":"https:\/\/parapharmacieenligne.ma\/en\/wp-json\/wp\/v2\/product_cat?post=14755"},{"taxonomy":"product_tag","embeddable":true,"href":"https:\/\/parapharmacieenligne.ma\/en\/wp-json\/wp\/v2\/product_tag?post=14755"},{"taxonomy":"yith_product_brand","embeddable":true,"href":"https:\/\/parapharmacieenligne.ma\/en\/wp-json\/wp\/v2\/yith_product_brand?post=14755"}],"curies":[{"name":"wp","href":"https:\/\/api.w.org\/{rel}","templated":true}]}}