{"id":14782,"date":"2026-02-16T17:40:50","date_gmt":"2026-02-16T16:40:50","guid":{"rendered":"https:\/\/parapharmacieenligne.ma\/?post_type=product&#038;p=14782"},"modified":"2026-02-16T17:41:01","modified_gmt":"2026-02-16T16:41:01","slug":"bionike-aknet-hydramat-creme-sebo-normalisante-matte-complex-40-ml","status":"publish","type":"product","link":"https:\/\/parapharmacieenligne.ma\/en\/product\/bionike-aknet-hydramat-creme-sebo-normalisante-matte-complex-40-ml\/","title":{"rendered":"BIONIKE AKNET HYDRAMAT CREME SEBO NORMALISANTE MATTE COMPLEX 40 ML"},"content":{"rendered":"<p>Dites adieu \u00e0 la brillance ind\u00e9sirable et aux imperfections avec la cr\u00e8me s\u00e9bo-normalisante BIONIKE AKNET HYDRAMAT. Ce soin hydratant r\u00e9volutionnaire est sp\u00e9cialement con\u00e7u pour les peaux grasses et \u00e0 tendance acn\u00e9ique, offrant une solution compl\u00e8te pour un teint matifi\u00e9 et \u00e9quilibr\u00e9.<\/p>\n<p>Sa formule l\u00e9g\u00e8re et innovante agit en profondeur pour r\u00e9guler la production de s\u00e9bum, tout en apportant une hydratation optimale \u00e0 votre peau. Gr\u00e2ce \u00e0 son complexe matifiant, elle r\u00e9duit instantan\u00e9ment la brillance et affine le grain de peau, laissant un fini velout\u00e9 et uniforme.<\/p>\n<p>Enrichie en agents apaisants, la cr\u00e8me BIONIKE AKNET HYDRAMAT pr\u00e9vient les irritations et les rougeurs, aidant ainsi \u00e0 pr\u00e9venir les pouss\u00e9es d&rsquo;acn\u00e9. Sa texture non grasse p\u00e9n\u00e8tre rapidement, laissant une sensation de fra\u00eecheur et de confort tout au long de la journ\u00e9e.<\/p>\n<p>Hypoallerg\u00e9nique et non com\u00e9dog\u00e8ne, cette cr\u00e8me est id\u00e9ale pour les peaux sensibles. Elle respecte l&rsquo;\u00e9quilibre naturel de votre peau, tout en ciblant efficacement les imperfections. Utilisez-la quotidiennement pour une peau visiblement plus nette, plus lisse et plus \u00e9clatante de sant\u00e9.<\/p>\n<p>Conseils d&rsquo;utilisation<\/p>\n<p>Appliquez la cr\u00e8me matin et soir sur une peau propre et s\u00e8che.<br \/>\nMassez d\u00e9licatement le visage et le cou jusqu&rsquo;\u00e0 absorption compl\u00e8te du produit.<br \/>\nInsistez sur les zones sujettes \u00e0 la brillance et aux imperfections.<br \/>\nPeut \u00eatre utilis\u00e9e seule ou sous le maquillage.<br \/>\nComposition :<\/p>\n<p>aqua (water), octyldodecyl myristate, stearic acid, tri-C14-15 alkyl citrate, di-C12-13 alkyl malate, polysorbate 60, cetearyl alcohol, sorbitan stearate, hydroxyethyl urea, methylpropanediol, polysorbate 20, lysine, propylene glycol, nylon-6, ceteareth-30, pyruvic acid, carbocysteine, PEG- 60 almond glycerides<\/p>","protected":false},"excerpt":{"rendered":"<p>Dites adieu \u00e0 la brillance ind\u00e9sirable et aux imperfections avec la cr\u00e8me s\u00e9bo-normalisante BIONIKE AKNET HYDRAMAT. Ce soin hydratant r\u00e9volutionnaire est sp\u00e9cialement&hellip;<\/p>","protected":false},"featured_media":14781,"comment_status":"open","ping_status":"closed","template":"","meta":[],"product_cat":[83],"product_tag":[],"yith_product_brand":[152],"class_list":{"0":"post-14782","1":"product","2":"type-product","3":"status-publish","4":"has-post-thumbnail","6":"product_cat-soins-visage","7":"yith_product_brand-bionike","9":"first","10":"instock","11":"sale","12":"shipping-taxable","13":"purchasable","14":"product-type-simple"},"_links":{"self":[{"href":"https:\/\/parapharmacieenligne.ma\/en\/wp-json\/wp\/v2\/product\/14782","targetHints":{"allow":["GET"]}}],"collection":[{"href":"https:\/\/parapharmacieenligne.ma\/en\/wp-json\/wp\/v2\/product"}],"about":[{"href":"https:\/\/parapharmacieenligne.ma\/en\/wp-json\/wp\/v2\/types\/product"}],"replies":[{"embeddable":true,"href":"https:\/\/parapharmacieenligne.ma\/en\/wp-json\/wp\/v2\/comments?post=14782"}],"version-history":[{"count":1,"href":"https:\/\/parapharmacieenligne.ma\/en\/wp-json\/wp\/v2\/product\/14782\/revisions"}],"predecessor-version":[{"id":14783,"href":"https:\/\/parapharmacieenligne.ma\/en\/wp-json\/wp\/v2\/product\/14782\/revisions\/14783"}],"wp:featuredmedia":[{"embeddable":true,"href":"https:\/\/parapharmacieenligne.ma\/en\/wp-json\/wp\/v2\/media\/14781"}],"wp:attachment":[{"href":"https:\/\/parapharmacieenligne.ma\/en\/wp-json\/wp\/v2\/media?parent=14782"}],"wp:term":[{"taxonomy":"product_cat","embeddable":true,"href":"https:\/\/parapharmacieenligne.ma\/en\/wp-json\/wp\/v2\/product_cat?post=14782"},{"taxonomy":"product_tag","embeddable":true,"href":"https:\/\/parapharmacieenligne.ma\/en\/wp-json\/wp\/v2\/product_tag?post=14782"},{"taxonomy":"yith_product_brand","embeddable":true,"href":"https:\/\/parapharmacieenligne.ma\/en\/wp-json\/wp\/v2\/yith_product_brand?post=14782"}],"curies":[{"name":"wp","href":"https:\/\/api.w.org\/{rel}","templated":true}]}}