{"id":14812,"date":"2026-02-16T17:45:21","date_gmt":"2026-02-16T16:45:21","guid":{"rendered":"https:\/\/parapharmacieenligne.ma\/?post_type=product&#038;p=14812"},"modified":"2026-02-16T17:45:37","modified_gmt":"2026-02-16T16:45:37","slug":"bionike-defense-tolerance-ar-soin-anti-rougeurs-50-ml","status":"publish","type":"product","link":"https:\/\/parapharmacieenligne.ma\/en\/product\/bionike-defense-tolerance-ar-soin-anti-rougeurs-50-ml\/","title":{"rendered":"BIONIKE DEFENSE TOLERANCE AR SOIN ANTI ROUGEURS 50 ML"},"content":{"rendered":"<p>Sa formule hydratante et protectrice pr\u00e9vient et att\u00e9nue les rougeurs transitoires de la peau, r\u00e9tablit le bien-\u00eatre cutan\u00e9 et soulage les sensations de chaleur et les d\u00e9mangeaisons. Sa texture fluide et fondante laisse la peau douce et apais\u00e9e. Excellente base pour le maquillage.<\/p>\n<p>CONSEILS D&rsquo;UTILISATION:<\/p>\n<p>Appliquer sur une peau propre le matin et\/ou le soir<\/p>","protected":false},"excerpt":{"rendered":"<p>Sa formule hydratante et protectrice pr\u00e9vient et att\u00e9nue les rougeurs transitoires de la peau, r\u00e9tablit le bien-\u00eatre cutan\u00e9 et soulage les sensations&hellip;<\/p>","protected":false},"featured_media":14811,"comment_status":"open","ping_status":"closed","template":"","meta":[],"product_cat":[83],"product_tag":[],"yith_product_brand":[152],"class_list":{"0":"post-14812","1":"product","2":"type-product","3":"status-publish","4":"has-post-thumbnail","6":"product_cat-soins-visage","7":"yith_product_brand-bionike","9":"first","10":"instock","11":"sale","12":"shipping-taxable","13":"purchasable","14":"product-type-simple"},"_links":{"self":[{"href":"https:\/\/parapharmacieenligne.ma\/en\/wp-json\/wp\/v2\/product\/14812","targetHints":{"allow":["GET"]}}],"collection":[{"href":"https:\/\/parapharmacieenligne.ma\/en\/wp-json\/wp\/v2\/product"}],"about":[{"href":"https:\/\/parapharmacieenligne.ma\/en\/wp-json\/wp\/v2\/types\/product"}],"replies":[{"embeddable":true,"href":"https:\/\/parapharmacieenligne.ma\/en\/wp-json\/wp\/v2\/comments?post=14812"}],"version-history":[{"count":1,"href":"https:\/\/parapharmacieenligne.ma\/en\/wp-json\/wp\/v2\/product\/14812\/revisions"}],"predecessor-version":[{"id":14813,"href":"https:\/\/parapharmacieenligne.ma\/en\/wp-json\/wp\/v2\/product\/14812\/revisions\/14813"}],"wp:featuredmedia":[{"embeddable":true,"href":"https:\/\/parapharmacieenligne.ma\/en\/wp-json\/wp\/v2\/media\/14811"}],"wp:attachment":[{"href":"https:\/\/parapharmacieenligne.ma\/en\/wp-json\/wp\/v2\/media?parent=14812"}],"wp:term":[{"taxonomy":"product_cat","embeddable":true,"href":"https:\/\/parapharmacieenligne.ma\/en\/wp-json\/wp\/v2\/product_cat?post=14812"},{"taxonomy":"product_tag","embeddable":true,"href":"https:\/\/parapharmacieenligne.ma\/en\/wp-json\/wp\/v2\/product_tag?post=14812"},{"taxonomy":"yith_product_brand","embeddable":true,"href":"https:\/\/parapharmacieenligne.ma\/en\/wp-json\/wp\/v2\/yith_product_brand?post=14812"}],"curies":[{"name":"wp","href":"https:\/\/api.w.org\/{rel}","templated":true}]}}