{"id":14836,"date":"2026-02-17T17:58:18","date_gmt":"2026-02-17T16:58:18","guid":{"rendered":"https:\/\/parapharmacieenligne.ma\/?post_type=product&#038;p=14836"},"modified":"2026-02-17T17:58:27","modified_gmt":"2026-02-17T16:58:27","slug":"anua-heartleaf-77-tonique-apaisant-250-ml","status":"publish","type":"product","link":"https:\/\/parapharmacieenligne.ma\/en\/product\/anua-heartleaf-77-tonique-apaisant-250-ml\/","title":{"rendered":"ANUA HEARTLEAF 77 TONIQUE APAISANT 250 ML"},"content":{"rendered":"<p>ANUA Heartleaf 77% Soothing Toner est un toner apaisant formul\u00e9 avec 77 % d\u2019extrait de c\u0153ur de lierre. Il est con\u00e7u pour calmer les probl\u00e8mes cutan\u00e9s et hydrater efficacement.<\/p>\n<p>CONSEILS D&rsquo;UTILISATION:<\/p>\n<p>Apr\u00e8s avoir lav\u00e9 votre visage, prenez une quantit\u00e9 appropri\u00e9e et tapotez-la sur votre peau pour l&rsquo;absorber.<\/p>\n<p>COMPOSITION:<\/p>\n<p>Extrait de bl\u00e9 de mildiou (77%), eau purifi\u00e9e, 1,2-hexanediol, glyc\u00e9rine, b\u00e9ta\u00efne, extrait de centella asiatica, extrait de coffre, extrait de racine de bardane, extrait de champignon de vase, extrait de pourpier, extrait de raisin, extrait de pomme, extrait de canne \u00e0 sucre, panth\u00e9nol, extrait de fleur de Matricaria, hyaluronate de sodium, hydroxypropyltrimonium hyaluronate<\/p>","protected":false},"excerpt":{"rendered":"<p>ANUA Heartleaf 77% Soothing Toner est un toner apaisant formul\u00e9 avec 77 % d\u2019extrait de c\u0153ur de lierre. Il est con\u00e7u pour&hellip;<\/p>","protected":false},"featured_media":14835,"comment_status":"open","ping_status":"closed","template":"","meta":[],"product_cat":[89],"product_tag":[],"yith_product_brand":[195],"class_list":{"0":"post-14836","1":"product","2":"type-product","3":"status-publish","4":"has-post-thumbnail","6":"product_cat-k-beauty","7":"yith_product_brand-anua","9":"first","10":"instock","11":"sale","12":"shipping-taxable","13":"purchasable","14":"product-type-simple"},"_links":{"self":[{"href":"https:\/\/parapharmacieenligne.ma\/en\/wp-json\/wp\/v2\/product\/14836","targetHints":{"allow":["GET"]}}],"collection":[{"href":"https:\/\/parapharmacieenligne.ma\/en\/wp-json\/wp\/v2\/product"}],"about":[{"href":"https:\/\/parapharmacieenligne.ma\/en\/wp-json\/wp\/v2\/types\/product"}],"replies":[{"embeddable":true,"href":"https:\/\/parapharmacieenligne.ma\/en\/wp-json\/wp\/v2\/comments?post=14836"}],"version-history":[{"count":1,"href":"https:\/\/parapharmacieenligne.ma\/en\/wp-json\/wp\/v2\/product\/14836\/revisions"}],"predecessor-version":[{"id":14837,"href":"https:\/\/parapharmacieenligne.ma\/en\/wp-json\/wp\/v2\/product\/14836\/revisions\/14837"}],"wp:featuredmedia":[{"embeddable":true,"href":"https:\/\/parapharmacieenligne.ma\/en\/wp-json\/wp\/v2\/media\/14835"}],"wp:attachment":[{"href":"https:\/\/parapharmacieenligne.ma\/en\/wp-json\/wp\/v2\/media?parent=14836"}],"wp:term":[{"taxonomy":"product_cat","embeddable":true,"href":"https:\/\/parapharmacieenligne.ma\/en\/wp-json\/wp\/v2\/product_cat?post=14836"},{"taxonomy":"product_tag","embeddable":true,"href":"https:\/\/parapharmacieenligne.ma\/en\/wp-json\/wp\/v2\/product_tag?post=14836"},{"taxonomy":"yith_product_brand","embeddable":true,"href":"https:\/\/parapharmacieenligne.ma\/en\/wp-json\/wp\/v2\/yith_product_brand?post=14836"}],"curies":[{"name":"wp","href":"https:\/\/api.w.org\/{rel}","templated":true}]}}