{"id":14845,"date":"2026-02-17T17:59:09","date_gmt":"2026-02-17T16:59:09","guid":{"rendered":"https:\/\/parapharmacieenligne.ma\/?post_type=product&#038;p=14845"},"modified":"2026-02-17T17:59:22","modified_gmt":"2026-02-17T16:59:22","slug":"anua-heartleaf-80-hydratant-ampoules-apaisantes","status":"publish","type":"product","link":"https:\/\/parapharmacieenligne.ma\/en\/product\/anua-heartleaf-80-hydratant-ampoules-apaisantes\/","title":{"rendered":"ANUA HEARTLEAF 80 HYDRATANT AMPOULES APAISANTES"},"content":{"rendered":"<p>Ampoule Apaisante Heartleaf 80% \u2013 Hydratation Intense pour une Peau \u00c9clatante<\/p>\n<p>Formule Apaisante et Hydratante :<\/p>\n<p>Contenant 80% d\u2019extrait de feuille de c\u0153ur (Houttuynia Cordata), apaise et hydrate la peau irrit\u00e9e.<\/p>\n<p>Cultiv\u00e9 et r\u00e9colt\u00e9 en Cor\u00e9e, garantissant une qualit\u00e9 exceptionnelle.<\/p>\n<p>Adapt\u00e9e \u00e0 Tous les Types de Peau :<\/p>\n<p>Sans substances irritantes, hydrate la peau de l\u2019int\u00e9rieur et de l\u2019ext\u00e9rieur.<\/p>\n<p>Texture l\u00e9g\u00e8re pour une peau plus \u00e9clatante et saine.<\/p>\n<p>Apport Triple en Hydratation :<\/p>\n<p>Panth\u00e9nol, acide hyaluronique et b\u00e9ta\u00efne pour une hydratation optimale.<\/p>\n<p>CONSEILS D&rsquo;UTILISATION :<\/p>\n<p>Appliquez apr\u00e8s le toner dans votre routine AM\/PM.<\/p>\n<p>Convient \u00e0 un usage quotidien pour une peau nourrie et apais\u00e9e.<\/p>","protected":false},"excerpt":{"rendered":"<p>Ampoule Apaisante Heartleaf 80% \u2013 Hydratation Intense pour une Peau \u00c9clatante Formule Apaisante et Hydratante : Contenant 80% d\u2019extrait de feuille de&hellip;<\/p>","protected":false},"featured_media":14844,"comment_status":"open","ping_status":"closed","template":"","meta":[],"product_cat":[89],"product_tag":[],"yith_product_brand":[195],"class_list":{"0":"post-14845","1":"product","2":"type-product","3":"status-publish","4":"has-post-thumbnail","6":"product_cat-k-beauty","7":"yith_product_brand-anua","9":"first","10":"instock","11":"sale","12":"shipping-taxable","13":"purchasable","14":"product-type-simple"},"_links":{"self":[{"href":"https:\/\/parapharmacieenligne.ma\/en\/wp-json\/wp\/v2\/product\/14845","targetHints":{"allow":["GET"]}}],"collection":[{"href":"https:\/\/parapharmacieenligne.ma\/en\/wp-json\/wp\/v2\/product"}],"about":[{"href":"https:\/\/parapharmacieenligne.ma\/en\/wp-json\/wp\/v2\/types\/product"}],"replies":[{"embeddable":true,"href":"https:\/\/parapharmacieenligne.ma\/en\/wp-json\/wp\/v2\/comments?post=14845"}],"version-history":[{"count":1,"href":"https:\/\/parapharmacieenligne.ma\/en\/wp-json\/wp\/v2\/product\/14845\/revisions"}],"predecessor-version":[{"id":14846,"href":"https:\/\/parapharmacieenligne.ma\/en\/wp-json\/wp\/v2\/product\/14845\/revisions\/14846"}],"wp:featuredmedia":[{"embeddable":true,"href":"https:\/\/parapharmacieenligne.ma\/en\/wp-json\/wp\/v2\/media\/14844"}],"wp:attachment":[{"href":"https:\/\/parapharmacieenligne.ma\/en\/wp-json\/wp\/v2\/media?parent=14845"}],"wp:term":[{"taxonomy":"product_cat","embeddable":true,"href":"https:\/\/parapharmacieenligne.ma\/en\/wp-json\/wp\/v2\/product_cat?post=14845"},{"taxonomy":"product_tag","embeddable":true,"href":"https:\/\/parapharmacieenligne.ma\/en\/wp-json\/wp\/v2\/product_tag?post=14845"},{"taxonomy":"yith_product_brand","embeddable":true,"href":"https:\/\/parapharmacieenligne.ma\/en\/wp-json\/wp\/v2\/yith_product_brand?post=14845"}],"curies":[{"name":"wp","href":"https:\/\/api.w.org\/{rel}","templated":true}]}}