{"id":14848,"date":"2026-02-17T17:59:32","date_gmt":"2026-02-17T16:59:32","guid":{"rendered":"https:\/\/parapharmacieenligne.ma\/?post_type=product&#038;p=14848"},"modified":"2026-02-17T17:59:42","modified_gmt":"2026-02-17T16:59:42","slug":"anua-peach-70-niacin-serum-30-ml","status":"publish","type":"product","link":"https:\/\/parapharmacieenligne.ma\/en\/product\/anua-peach-70-niacin-serum-30-ml\/","title":{"rendered":"ANUA PEACH 70 NIACIN SERUM 30 ML"},"content":{"rendered":"<p>ANUA PEACH 70 NIACIN SERUM 30 ML<br \/>\nD\u00e9couvrez notre produit riche en bienfaits pour votre peau ! Avec son m\u00e9lange d&rsquo;extrait de fruit de Prunus Persica (p\u00eache) et de niacinamide \u00e0 5 %, il promet un teint \u00e9clatant. De plus, gr\u00e2ce \u00e0 notre complexe de yaourt \u00e0 la p\u00eache, compos\u00e9 d&rsquo;extrait de fleur de Prunus Persica (p\u00eache) et de salicylate de b\u00e9ta\u00efne, dites adieu aux peaux ternes et aux pores fatigu\u00e9s. Pour une hydratation lumineuse, nous avons ajout\u00e9 de la vitamine B12, trois types d&rsquo;acides hyaluroniques et de l&rsquo;huile de levure du d\u00e9sert. <\/p>\n<p>Offrez \u00e0 votre peau le soin qu&rsquo;elle m\u00e9rite avec notre formule innovante !<\/p>\n<p>COMPOSITION<\/p>\n<p>Extrait de fruit de Prunus Persica (p\u00eache) (70,2 %), glyc\u00e9rine, niacinamide, butyl\u00e8ne glycol, succinate de di\u00e9thoxy\u00e9thyle, eau, 1,2-hexanediol, ferment de lactobacille, hyaluronate de sodium, extrait de ferment de Sphingomonas, alpha-arbutine, extrait de fleur de Melia Azadirachta, Ocimum. Extrait de feuille de Sanctum, extrait de feuille de Melia Azadirachta, huile de graines de Carthamus Tinctorius (carthame), huile de graines de Salvia Hispanica, extrait de racine de Curcuma Longa (curcuma), extrait de Corallina Officinalis, acide hyaluronique hydrolys\u00e9, extrait de feuille de Chamaecyparis Obtusa, extrait de fleur de Prunus Persica (p\u00eache). , huile de graines de Camellia Sinensis, extrait de ferment de levure, extrait de Centella Asiatica, extrait de feuille d&rsquo;Artemisia Princeps, ferment de Candida Bombicola\/glucose\/colza m\u00e9thylique, pentyl\u00e8ne glycol, laurate de polyglyc\u00e9ryl-10, salicylate de b\u00e9ta\u00efne, phytate de sodium, cellulose, triglyc\u00e9ride caprylique\/caprique, hydrog\u00e9n\u00e9 L\u00e9cithine, panth\u00e9nol, acide polyglutamique, acide linol\u00e9ique, acide linol\u00e9nique, polyglyc\u00e9ryl-10 ol\u00e9ate, palmitate de saccharose, cyanocobalamine, acide 3-O-\u00e9thyl ascorbique, c\u00e9ramide NP, asiaticoside, acide mad\u00e9cassique, acide asiatique, gomme xanthane, Fragence<\/p>\n<p>CONSEIL D\u2019UTILISATION<\/p>\n<p>Appliquez d\u00e9licatement une petite dose de produit sur votre visage pour des r\u00e9sultats \u00e9blouissants !<\/p>","protected":false},"excerpt":{"rendered":"<p>ANUA PEACH 70 NIACIN SERUM 30 ML D\u00e9couvrez notre produit riche en bienfaits pour votre peau ! Avec son m\u00e9lange d&rsquo;extrait de&hellip;<\/p>","protected":false},"featured_media":14847,"comment_status":"open","ping_status":"closed","template":"","meta":[],"product_cat":[89],"product_tag":[],"yith_product_brand":[195],"class_list":{"0":"post-14848","1":"product","2":"type-product","3":"status-publish","4":"has-post-thumbnail","6":"product_cat-k-beauty","7":"yith_product_brand-anua","9":"first","10":"instock","11":"sale","12":"shipping-taxable","13":"purchasable","14":"product-type-simple"},"_links":{"self":[{"href":"https:\/\/parapharmacieenligne.ma\/en\/wp-json\/wp\/v2\/product\/14848","targetHints":{"allow":["GET"]}}],"collection":[{"href":"https:\/\/parapharmacieenligne.ma\/en\/wp-json\/wp\/v2\/product"}],"about":[{"href":"https:\/\/parapharmacieenligne.ma\/en\/wp-json\/wp\/v2\/types\/product"}],"replies":[{"embeddable":true,"href":"https:\/\/parapharmacieenligne.ma\/en\/wp-json\/wp\/v2\/comments?post=14848"}],"version-history":[{"count":1,"href":"https:\/\/parapharmacieenligne.ma\/en\/wp-json\/wp\/v2\/product\/14848\/revisions"}],"predecessor-version":[{"id":14849,"href":"https:\/\/parapharmacieenligne.ma\/en\/wp-json\/wp\/v2\/product\/14848\/revisions\/14849"}],"wp:featuredmedia":[{"embeddable":true,"href":"https:\/\/parapharmacieenligne.ma\/en\/wp-json\/wp\/v2\/media\/14847"}],"wp:attachment":[{"href":"https:\/\/parapharmacieenligne.ma\/en\/wp-json\/wp\/v2\/media?parent=14848"}],"wp:term":[{"taxonomy":"product_cat","embeddable":true,"href":"https:\/\/parapharmacieenligne.ma\/en\/wp-json\/wp\/v2\/product_cat?post=14848"},{"taxonomy":"product_tag","embeddable":true,"href":"https:\/\/parapharmacieenligne.ma\/en\/wp-json\/wp\/v2\/product_tag?post=14848"},{"taxonomy":"yith_product_brand","embeddable":true,"href":"https:\/\/parapharmacieenligne.ma\/en\/wp-json\/wp\/v2\/yith_product_brand?post=14848"}],"curies":[{"name":"wp","href":"https:\/\/api.w.org\/{rel}","templated":true}]}}