{"id":14853,"date":"2026-02-17T18:00:21","date_gmt":"2026-02-17T17:00:21","guid":{"rendered":"https:\/\/parapharmacieenligne.ma\/?post_type=product&#038;p=14853"},"modified":"2026-02-17T18:00:36","modified_gmt":"2026-02-17T17:00:36","slug":"anua-heartleaf-quercetinol-pore-deep-cleansing-foam-150-ml","status":"publish","type":"product","link":"https:\/\/parapharmacieenligne.ma\/en\/product\/anua-heartleaf-quercetinol-pore-deep-cleansing-foam-150-ml\/","title":{"rendered":"ANUA HEARTLEAF QUERCETINOL PORE DEEP CLEANSING FOAM 150 ML"},"content":{"rendered":"<p>D\u00e9couvrez la Mousse Nettoyante Enrichie en Poudre d&rsquo;Houttuynia Cordata, le secret d&rsquo;une peau parfaitement purifi\u00e9e et \u00e9clatante de sant\u00e9. Sp\u00e9cialement formul\u00e9e pour les peaux \u00e0 tendance acn\u00e9ique, cette mousse nettoyante r\u00e9volutionnaire combine des ingr\u00e9dients puissants pour offrir un nettoyage en profondeur tout en respectant l&rsquo;\u00e9quilibre naturel de votre peau.<\/p>\n<p>Au c\u0153ur de cette formule se trouve l&rsquo;Houttuynia Cordata, une plante aux propri\u00e9t\u00e9s purifiantes exceptionnelles. Enrichie en poudre d&rsquo;Houttuynia Cordata, cette mousse \u00e9limine efficacement les cellules mortes et purifie les pores obstru\u00e9s, laissant votre peau nette et rafra\u00eechie. La texture granuleuse de la mousse agit comme un gommage doux, facilitant l&rsquo;\u00e9limination des impuret\u00e9s sans agresser l&rsquo;\u00e9piderme.<\/p>\n<p>La glyc\u00e9rine, un hydratant naturel, est \u00e9galement int\u00e9gr\u00e9e \u00e0 la formule pour assurer une hydratation optimale de la peau. Elle aide \u00e0 maintenir l&rsquo;humidit\u00e9 n\u00e9cessaire, pr\u00e9venant ainsi le dess\u00e8chement et laissant la peau douce et souple apr\u00e8s chaque utilisation.<\/p>\n<p>L&rsquo;acide salicylique, un ingr\u00e9dient reconnu pour ses bienfaits contre l&rsquo;acn\u00e9, est un autre composant cl\u00e9 de cette mousse nettoyante. Il p\u00e9n\u00e8tre profond\u00e9ment dans les pores pour traiter et pr\u00e9venir les \u00e9ruptions cutan\u00e9es, r\u00e9duisant l&rsquo;apparence des imperfections et favorisant un teint clair et uniforme.<\/p>\n<p>Cette mousse nettoyante est id\u00e9ale pour une utilisation quotidienne, offrant une solution compl\u00e8te pour les peaux sujettes \u00e0 l&rsquo;acn\u00e9. Int\u00e9grez-la \u00e0 votre routine de soins pour une peau plus saine, plus lisse et visiblement plus belle.<\/p>\n<p>Composition :<\/p>\n<p>Extrait de Houttuynia Cordata (33,4 %), querc\u00e9tine (10 000 ppb), extrait de Houttuynia Cordata, glyc\u00e9rine, glycinate de cocoyl de sodium, eau, lauroyl glutamate de sodium, coco-glucoside, cocoamphoac\u00e9tate de sodium, chlorure de sodium, 1,2-hexanediol, acide salicylique, butyl\u00e8ne Glycol, l\u00e9cithine, st\u00e9arate de glyc\u00e9ryle SE, phosphate d&rsquo;amidon hydroxypropylique, benzoate de potassium, Polyquaternium-67, poudre de Houttuynia Cordata, querc\u00e9tine, extrait de fleur d&rsquo;Oenothera Biennis (onagre), extrait de racine d&rsquo;Ulmus Davidiana, extrait de feuille de Pinus Palustris, extrait de racine de Pueraria Lobata, capryloyl Acide salicylique, tocoph\u00e9rol, hyaluronate de sodium, hyaluronate d&rsquo;hydroxypropyltrimonium, hyaluronate ac\u00e9tyl\u00e9 de sodium, acide hyaluronique hydrolys\u00e9, acide hyaluronique, polym\u00e8re crois\u00e9 d&rsquo;hyaluronate de sodium, hyaluronate de sodium hydrolys\u00e9, hyaluronate de potassium, dextrine, extrait de fruit de gard\u00e9nia de Floride, parfum, \u00e9thylhexylglyc\u00e9rine, EDTA disodique<\/p>\n<p>Conseils d&rsquo;utilisation:<\/p>\n<p>Humidifiez votre visage avec de l&rsquo;eau ti\u00e8de pour ouvrir les pores, appliquez une petite quantit\u00e9 de mousse dans vos mains et faites mousser.<\/p>","protected":false},"excerpt":{"rendered":"<p>D\u00e9couvrez la Mousse Nettoyante Enrichie en Poudre d&rsquo;Houttuynia Cordata, le secret d&rsquo;une peau parfaitement purifi\u00e9e et \u00e9clatante de sant\u00e9. Sp\u00e9cialement formul\u00e9e pour&hellip;<\/p>","protected":false},"featured_media":0,"comment_status":"open","ping_status":"closed","template":"","meta":[],"product_cat":[89],"product_tag":[],"yith_product_brand":[195],"class_list":{"0":"post-14853","1":"product","2":"type-product","3":"status-publish","5":"product_cat-k-beauty","6":"yith_product_brand-anua","8":"first","9":"instock","10":"sale","11":"shipping-taxable","12":"purchasable","13":"product-type-simple"},"_links":{"self":[{"href":"https:\/\/parapharmacieenligne.ma\/en\/wp-json\/wp\/v2\/product\/14853","targetHints":{"allow":["GET"]}}],"collection":[{"href":"https:\/\/parapharmacieenligne.ma\/en\/wp-json\/wp\/v2\/product"}],"about":[{"href":"https:\/\/parapharmacieenligne.ma\/en\/wp-json\/wp\/v2\/types\/product"}],"replies":[{"embeddable":true,"href":"https:\/\/parapharmacieenligne.ma\/en\/wp-json\/wp\/v2\/comments?post=14853"}],"version-history":[{"count":1,"href":"https:\/\/parapharmacieenligne.ma\/en\/wp-json\/wp\/v2\/product\/14853\/revisions"}],"predecessor-version":[{"id":14854,"href":"https:\/\/parapharmacieenligne.ma\/en\/wp-json\/wp\/v2\/product\/14853\/revisions\/14854"}],"wp:attachment":[{"href":"https:\/\/parapharmacieenligne.ma\/en\/wp-json\/wp\/v2\/media?parent=14853"}],"wp:term":[{"taxonomy":"product_cat","embeddable":true,"href":"https:\/\/parapharmacieenligne.ma\/en\/wp-json\/wp\/v2\/product_cat?post=14853"},{"taxonomy":"product_tag","embeddable":true,"href":"https:\/\/parapharmacieenligne.ma\/en\/wp-json\/wp\/v2\/product_tag?post=14853"},{"taxonomy":"yith_product_brand","embeddable":true,"href":"https:\/\/parapharmacieenligne.ma\/en\/wp-json\/wp\/v2\/yith_product_brand?post=14853"}],"curies":[{"name":"wp","href":"https:\/\/api.w.org\/{rel}","templated":true}]}}