{"id":14859,"date":"2026-02-17T18:01:35","date_gmt":"2026-02-17T17:01:35","guid":{"rendered":"https:\/\/parapharmacieenligne.ma\/?post_type=product&#038;p=14859"},"modified":"2026-02-17T18:01:44","modified_gmt":"2026-02-17T17:01:44","slug":"anua-peach-77-niacin-enriched-cream-50-ml","status":"publish","type":"product","link":"https:\/\/parapharmacieenligne.ma\/en\/product\/anua-peach-77-niacin-enriched-cream-50-ml\/","title":{"rendered":"ANUA PEACH 77 NIACIN ENRICHED CREAM 50 ML"},"content":{"rendered":"<p>D\u00e9couvrez la Peach 77 Niacin Enriched Cream Anua, un soin luxueux enrichi \u00e0 77 % d&rsquo;extrait de p\u00eache (Prunus Persica) pour offrir \u00e0 votre peau un \u00e9clat incomparable. Gr\u00e2ce \u00e0 une formule innovante combinant c\u00e9ramides, collag\u00e8ne et panth\u00e9nol, cette cr\u00e8me assure une hydratation optimale et am\u00e9liore l&rsquo;\u00e9lasticit\u00e9 de la peau sans laisser de fini collant. Sa texture l\u00e9g\u00e8re et g\u00e9lifi\u00e9e fond instantan\u00e9ment sur la peau, permettant une absorption rapide et laissant un \u00e9clat satin\u00e9, semblable \u00e0 la douceur d\u2019une p\u00eache fra\u00eeche.<\/p>\n<p>L\u2019essence unique de cette cr\u00e8me repose sur l\u2019utilisation d&rsquo;ingr\u00e9dients ferment\u00e9s : p\u00eache ferment\u00e9e, biome de p\u00eache, lysat de fermentation Bifida et filtrat de fermentation Galactomyces. Ces \u00e9l\u00e9ments contribuent \u00e0 illuminer le teint tout en apportant \u00e0 la peau une apparence lumineuse et diaphane. Avec l&rsquo;ajout de c\u00e9ramides NP et de panth\u00e9nol, la barri\u00e8re d&rsquo;hydratation naturelle de la peau est renforc\u00e9e, offrant une protection et une hydratation durables contre les agressions ext\u00e9rieures.<\/p>\n<p>Parfaite pour toutes les saisons, la Peach 77 Niacin Enriched Cream Anua revitalise intens\u00e9ment la peau s\u00e8che et terne, tout en favorisant une apparence plus ferme et souple. Que ce soit pour lutter contre la s\u00e9cheresse ou pr\u00e9venir les premiers signes de l&rsquo;\u00e2ge, cette cr\u00e8me deviendra vite un essentiel de votre routine beaut\u00e9. Profitez d\u2019une peau \u00e9clatante, lisse et rafra\u00eechie, comme une p\u00eache en plein \u00e9t\u00e9.<\/p>\n<p>Conseils d&rsquo;utilisation :<\/p>\n<p>Appliquez une quantit\u00e9 appropri\u00e9e sur le visage apr\u00e8s le nettoyage et le toner.<br \/>\nMassez doucement la cr\u00e8me sur la peau jusqu&rsquo;\u00e0 absorption compl\u00e8te.<br \/>\nUtilisez matin et soir pour des r\u00e9sultats optimaux.<\/p>\n<p>Composition :<\/p>\n<p>Extrait de Fruit de Prunus Persica, Glyc\u00e9rine, M\u00e9thylpropanediol, Niacinamide, Isodod\u00e9cane, Ferment de Lactobacillus, 1,2-Hexanediol, Propanediol, Panth\u00e9nol, Distearate de Polyglyc\u00e9ryl-3 M\u00e9thylglucose, Polym\u00e9thylsilsesquioxane, Polydec\u00e8ne Hydrog\u00e9n\u00e9, Esters de Jojoba, Extrait de Racine de Coptis Japonica, Extrait de Fleur de Prunus Persica, Collag\u00e8ne Soluble, Hyaluronate de Sodium, Vinyl Dim\u00e9thicone, Copolym\u00e8re d&rsquo;Acryloyldim\u00e9thyltaurate\/VP d&rsquo;Ammonium, Eau, Dim\u00e9thiconol, Acrylates\/C10-30 Alkyl Acrylate Crosspolymer, Trom\u00e9thamine, Butyl\u00e8ne Glycol, Ad\u00e9nosine, Disodium EDTA, Cyanocobalamine, Filtrat de Ferment de Saccharomyces, Filtrat de Ferment de Galactomyces, Lysat de Ferment de Bifida, C\u00e9ramide NP, Pectine, Maltodextrine, Prot\u00e9ine V\u00e9g\u00e9tale Hydrolys\u00e9e, Parfum, Hydroxyac\u00e9tylph\u00e9none, \u00c9thylhexylglyc\u00e9rine.<\/p>","protected":false},"excerpt":{"rendered":"<p>D\u00e9couvrez la Peach 77 Niacin Enriched Cream Anua, un soin luxueux enrichi \u00e0 77 % d&rsquo;extrait de p\u00eache (Prunus Persica) pour offrir&hellip;<\/p>","protected":false},"featured_media":14858,"comment_status":"open","ping_status":"closed","template":"","meta":[],"product_cat":[89],"product_tag":[],"yith_product_brand":[195],"class_list":{"0":"post-14859","1":"product","2":"type-product","3":"status-publish","4":"has-post-thumbnail","6":"product_cat-k-beauty","7":"yith_product_brand-anua","9":"first","10":"instock","11":"sale","12":"shipping-taxable","13":"purchasable","14":"product-type-simple"},"_links":{"self":[{"href":"https:\/\/parapharmacieenligne.ma\/en\/wp-json\/wp\/v2\/product\/14859","targetHints":{"allow":["GET"]}}],"collection":[{"href":"https:\/\/parapharmacieenligne.ma\/en\/wp-json\/wp\/v2\/product"}],"about":[{"href":"https:\/\/parapharmacieenligne.ma\/en\/wp-json\/wp\/v2\/types\/product"}],"replies":[{"embeddable":true,"href":"https:\/\/parapharmacieenligne.ma\/en\/wp-json\/wp\/v2\/comments?post=14859"}],"version-history":[{"count":1,"href":"https:\/\/parapharmacieenligne.ma\/en\/wp-json\/wp\/v2\/product\/14859\/revisions"}],"predecessor-version":[{"id":14860,"href":"https:\/\/parapharmacieenligne.ma\/en\/wp-json\/wp\/v2\/product\/14859\/revisions\/14860"}],"wp:featuredmedia":[{"embeddable":true,"href":"https:\/\/parapharmacieenligne.ma\/en\/wp-json\/wp\/v2\/media\/14858"}],"wp:attachment":[{"href":"https:\/\/parapharmacieenligne.ma\/en\/wp-json\/wp\/v2\/media?parent=14859"}],"wp:term":[{"taxonomy":"product_cat","embeddable":true,"href":"https:\/\/parapharmacieenligne.ma\/en\/wp-json\/wp\/v2\/product_cat?post=14859"},{"taxonomy":"product_tag","embeddable":true,"href":"https:\/\/parapharmacieenligne.ma\/en\/wp-json\/wp\/v2\/product_tag?post=14859"},{"taxonomy":"yith_product_brand","embeddable":true,"href":"https:\/\/parapharmacieenligne.ma\/en\/wp-json\/wp\/v2\/yith_product_brand?post=14859"}],"curies":[{"name":"wp","href":"https:\/\/api.w.org\/{rel}","templated":true}]}}