{"id":14862,"date":"2026-02-17T18:01:54","date_gmt":"2026-02-17T17:01:54","guid":{"rendered":"https:\/\/parapharmacieenligne.ma\/?post_type=product&#038;p=14862"},"modified":"2026-02-17T18:02:04","modified_gmt":"2026-02-17T17:02:04","slug":"anua-peach-77-niacin-essence-toner-250-ml","status":"publish","type":"product","link":"https:\/\/parapharmacieenligne.ma\/en\/product\/anua-peach-77-niacin-essence-toner-250-ml\/","title":{"rendered":"ANUA PEACH 77 NIACIN ESSENCE TONER 250 ML"},"content":{"rendered":"<p>D\u00e9couvrez le Peach 77% Niacin Essence Toner Anua, un v\u00e9ritable tr\u00e9sor pour toutes les routines beaut\u00e9, combinant les bienfaits du niacinamide et de l&rsquo;extrait de p\u00eache. Avec une concentration impressionnante de 77 % de niacinamide, ce tonique offre une solution compl\u00e8te pour divers probl\u00e8mes de peau, allant des pores dilat\u00e9s aux ridules, en passant par l&rsquo;uniformit\u00e9 du teint. Le niacinamide, ou vitamine B3, est un ingr\u00e9dient cl\u00e9 reconnu pour ses propri\u00e9t\u00e9s anti-\u00e2ge, illuminatrices et \u00e9quilibrantes. Gr\u00e2ce \u00e0 son action efficace, il am\u00e9liore la texture de la peau, resserre les pores et att\u00e9nue les imperfections tout en offrant un teint plus lisse et \u00e9clatant.<\/p>\n<p>Le Peach 77% Niacin Essence Toner ne se contente pas d&rsquo;apporter un coup d&rsquo;\u00e9clat \u00e0 votre peau, il hydrate \u00e9galement en profondeur gr\u00e2ce \u00e0 l&rsquo;essence de p\u00eache. Cette derni\u00e8re, en plus de procurer un parfum d\u00e9licat et naturel, contribue \u00e0 hydrater et \u00e0 illuminer la peau, la laissant souple et rafra\u00eechie. Sa formule l\u00e9g\u00e8re et rapidement absorb\u00e9e permet de pr\u00e9parer la peau \u00e0 recevoir les autres soins de votre routine quotidienne.<\/p>\n<p>Polyvalent, ce tonique s&rsquo;applique de plusieurs mani\u00e8res. Vous pouvez l&rsquo;utiliser avec un coton pour exfolier doucement, le tapoter directement sur la peau pour une hydratation profonde, ou m\u00eame l\u2019appliquer en tant que masque tissu pour un effet intense. Adapt\u00e9 \u00e0 tous les types de peau, m\u00eame les plus sensibles, ce toner est la cl\u00e9 d\u2019un teint radieux, \u00e9quilibr\u00e9 et revitalis\u00e9.<\/p>\n<p>Conseils d&rsquo;utilisation :<\/p>\n<p>Appliquez matin et soir apr\u00e8s le nettoyage, en tapotant d\u00e9licatement pour une absorption optimale.<br \/>\nPour une exfoliation l\u00e9g\u00e8re, utilisez un coton imbib\u00e9 et passez-le doucement sur le visage.<br \/>\nPour un effet intense, appliquez sur un masque tissu et laissez poser quelques minutes.<\/p>","protected":false},"excerpt":{"rendered":"<p>D\u00e9couvrez le Peach 77% Niacin Essence Toner Anua, un v\u00e9ritable tr\u00e9sor pour toutes les routines beaut\u00e9, combinant les bienfaits du niacinamide et&hellip;<\/p>","protected":false},"featured_media":14861,"comment_status":"open","ping_status":"closed","template":"","meta":[],"product_cat":[89],"product_tag":[],"yith_product_brand":[195],"class_list":{"0":"post-14862","1":"product","2":"type-product","3":"status-publish","4":"has-post-thumbnail","6":"product_cat-k-beauty","7":"yith_product_brand-anua","9":"first","10":"instock","11":"sale","12":"shipping-taxable","13":"purchasable","14":"product-type-simple"},"_links":{"self":[{"href":"https:\/\/parapharmacieenligne.ma\/en\/wp-json\/wp\/v2\/product\/14862","targetHints":{"allow":["GET"]}}],"collection":[{"href":"https:\/\/parapharmacieenligne.ma\/en\/wp-json\/wp\/v2\/product"}],"about":[{"href":"https:\/\/parapharmacieenligne.ma\/en\/wp-json\/wp\/v2\/types\/product"}],"replies":[{"embeddable":true,"href":"https:\/\/parapharmacieenligne.ma\/en\/wp-json\/wp\/v2\/comments?post=14862"}],"version-history":[{"count":1,"href":"https:\/\/parapharmacieenligne.ma\/en\/wp-json\/wp\/v2\/product\/14862\/revisions"}],"predecessor-version":[{"id":14863,"href":"https:\/\/parapharmacieenligne.ma\/en\/wp-json\/wp\/v2\/product\/14862\/revisions\/14863"}],"wp:featuredmedia":[{"embeddable":true,"href":"https:\/\/parapharmacieenligne.ma\/en\/wp-json\/wp\/v2\/media\/14861"}],"wp:attachment":[{"href":"https:\/\/parapharmacieenligne.ma\/en\/wp-json\/wp\/v2\/media?parent=14862"}],"wp:term":[{"taxonomy":"product_cat","embeddable":true,"href":"https:\/\/parapharmacieenligne.ma\/en\/wp-json\/wp\/v2\/product_cat?post=14862"},{"taxonomy":"product_tag","embeddable":true,"href":"https:\/\/parapharmacieenligne.ma\/en\/wp-json\/wp\/v2\/product_tag?post=14862"},{"taxonomy":"yith_product_brand","embeddable":true,"href":"https:\/\/parapharmacieenligne.ma\/en\/wp-json\/wp\/v2\/yith_product_brand?post=14862"}],"curies":[{"name":"wp","href":"https:\/\/api.w.org\/{rel}","templated":true}]}}