{"id":14866,"date":"2026-02-17T18:05:46","date_gmt":"2026-02-17T17:05:46","guid":{"rendered":"https:\/\/parapharmacieenligne.ma\/?post_type=product&#038;p=14866"},"modified":"2026-02-17T18:05:54","modified_gmt":"2026-02-17T17:05:54","slug":"anua-heartleaf-lha-moisture-peeling-gel-120-ml","status":"publish","type":"product","link":"https:\/\/parapharmacieenligne.ma\/en\/product\/anua-heartleaf-lha-moisture-peeling-gel-120-ml\/","title":{"rendered":"ANUA HEARTLEAF LHA MOISTURE PEELING GEL 120 ML"},"content":{"rendered":"<p>L&rsquo;extrait d&rsquo;agripaume calme les irritations et favorise la r\u00e9g\u00e9n\u00e9ration cutan\u00e9e, tandis que l&rsquo;extrait de brocoli, riche en antioxydants, prot\u00e8ge la peau contre les agressions ext\u00e9rieures. Ce gel peeling contient \u00e9galement de l&rsquo;allanto\u00efne, r\u00e9put\u00e9e pour ses propri\u00e9t\u00e9s apaisantes, ainsi que du hyaluronate de sodium, un agent hydratant puissant qui pr\u00e9vient le dess\u00e8chement de la peau et maintient son \u00e9lasticit\u00e9. Gr\u00e2ce \u00e0 cette formule hypoallerg\u00e9nique, le produit convient \u00e0 tous les types de peaux, en particulier celles sensibles ou sujettes aux pores dilat\u00e9s.<\/p>\n<p>Le Heartleaf LHA Moisture Peeling Gel de ANUA est id\u00e9al pour celles et ceux qui souhaitent obtenir une peau lisse, \u00e9clatante et sans imperfections tout en b\u00e9n\u00e9ficiant d&rsquo;une exfoliation douce et non agressive. Son action multi-b\u00e9n\u00e9fices permet d&rsquo;am\u00e9liorer visiblement la texture de la peau et de r\u00e9v\u00e9ler un teint frais et \u00e9clatant de sant\u00e9.<\/p>\n<p>Composition<\/p>\n<p>Aqua, dipropyl\u00e8ne glycol , cellulose, 1,2-hexanediol , extrait de Houttuynia Cordata (10 000 ppm), arginine , acrylates\/polym\u00e8re crois\u00e9 d&rsquo;acrylate d&rsquo;alkyle C10-30, propanediol , allanto\u00efne , extrait de fleur de Carthamus Tinctorius (carthame), dextrine, polyglyc\u00e9ryl-10 Laurate , Extrait de fruit de Gardenia Jasminoides, EDTA disodique , Extrait de Theobroma Cacao (Cacao), Glyc\u00e9rine , Extrait de feuille d&rsquo;Aloe Ferox, Bioflavono\u00efdes, Hyaluronate de sodium , Caprylyl Glycol , Acide capryloyl salicylique , Extrait de Brassica Oleracea Italica (Brocoli), Ethylhexylglyc\u00e9rine<\/p>\n<p>Conseils d&rsquo;utilisation <\/p>\n<p>Appliquer le gel sur une peau propre et s\u00e8che.  <\/p>\n<p>Laisser agir quelques minutes pour permettre aux actifs de p\u00e9n\u00e9trer.  <\/p>\n<p>Masser doucement en effectuant des mouvements circulaires pour exfolier la peau.  <\/p>\n<p>Rincer abondamment \u00e0 l&rsquo;eau ti\u00e8de.  <\/p>\n<p>Il est recommand\u00e9 d&rsquo;utiliser le produit 2 \u00e0 3 fois par semaine pour obtenir des r\u00e9sultats optimaux.<\/p>","protected":false},"excerpt":{"rendered":"<p>L&rsquo;extrait d&rsquo;agripaume calme les irritations et favorise la r\u00e9g\u00e9n\u00e9ration cutan\u00e9e, tandis que l&rsquo;extrait de brocoli, riche en antioxydants, prot\u00e8ge la peau contre&hellip;<\/p>","protected":false},"featured_media":14865,"comment_status":"open","ping_status":"closed","template":"","meta":[],"product_cat":[89],"product_tag":[],"yith_product_brand":[195],"class_list":{"0":"post-14866","1":"product","2":"type-product","3":"status-publish","4":"has-post-thumbnail","6":"product_cat-k-beauty","7":"yith_product_brand-anua","9":"first","10":"instock","11":"sale","12":"shipping-taxable","13":"purchasable","14":"product-type-simple"},"_links":{"self":[{"href":"https:\/\/parapharmacieenligne.ma\/en\/wp-json\/wp\/v2\/product\/14866","targetHints":{"allow":["GET"]}}],"collection":[{"href":"https:\/\/parapharmacieenligne.ma\/en\/wp-json\/wp\/v2\/product"}],"about":[{"href":"https:\/\/parapharmacieenligne.ma\/en\/wp-json\/wp\/v2\/types\/product"}],"replies":[{"embeddable":true,"href":"https:\/\/parapharmacieenligne.ma\/en\/wp-json\/wp\/v2\/comments?post=14866"}],"version-history":[{"count":1,"href":"https:\/\/parapharmacieenligne.ma\/en\/wp-json\/wp\/v2\/product\/14866\/revisions"}],"predecessor-version":[{"id":14867,"href":"https:\/\/parapharmacieenligne.ma\/en\/wp-json\/wp\/v2\/product\/14866\/revisions\/14867"}],"wp:featuredmedia":[{"embeddable":true,"href":"https:\/\/parapharmacieenligne.ma\/en\/wp-json\/wp\/v2\/media\/14865"}],"wp:attachment":[{"href":"https:\/\/parapharmacieenligne.ma\/en\/wp-json\/wp\/v2\/media?parent=14866"}],"wp:term":[{"taxonomy":"product_cat","embeddable":true,"href":"https:\/\/parapharmacieenligne.ma\/en\/wp-json\/wp\/v2\/product_cat?post=14866"},{"taxonomy":"product_tag","embeddable":true,"href":"https:\/\/parapharmacieenligne.ma\/en\/wp-json\/wp\/v2\/product_tag?post=14866"},{"taxonomy":"yith_product_brand","embeddable":true,"href":"https:\/\/parapharmacieenligne.ma\/en\/wp-json\/wp\/v2\/yith_product_brand?post=14866"}],"curies":[{"name":"wp","href":"https:\/\/api.w.org\/{rel}","templated":true}]}}