{"id":14869,"date":"2026-02-17T18:06:06","date_gmt":"2026-02-17T17:06:06","guid":{"rendered":"https:\/\/parapharmacieenligne.ma\/?post_type=product&#038;p=14869"},"modified":"2026-02-17T18:06:15","modified_gmt":"2026-02-17T17:06:15","slug":"anua-rice-7-ceramide-hydrating-barrier-serum-50-ml","status":"publish","type":"product","link":"https:\/\/parapharmacieenligne.ma\/en\/product\/anua-rice-7-ceramide-hydrating-barrier-serum-50-ml\/","title":{"rendered":"ANUA RICE 7+ CERAMIDE HYDRATING BARRIER SERUM 50 ML"},"content":{"rendered":"<p>Le S\u00e9rum Hydratant Anua 7 Rice Ceramide est un soin nourrissant innovant, con\u00e7u pour apporter une hydratation intense et durable \u00e0 votre peau. Formul\u00e9 sans parfum, ce s\u00e9rum l\u00e9ger est enrichi en eau de son de riz (Oryza Sativa Bran Water) et Ceramide NP, qui aident \u00e0 renforcer la barri\u00e8re cutan\u00e9e et \u00e0 pr\u00e9venir la perte d&rsquo;hydratation. Gr\u00e2ce \u00e0 ces ingr\u00e9dients puissants, votre peau retrouve son \u00e9lasticit\u00e9 et sa souplesse, tout en \u00e9tant prot\u00e9g\u00e9e contre les agressions ext\u00e9rieures.<\/p>\n<p>Le riz est connu pour ses propri\u00e9t\u00e9s exfoliantes douces, ce qui permet d&rsquo;\u00e9claircir le teint et de r\u00e9duire l&rsquo;apparence des irr\u00e9gularit\u00e9s cutan\u00e9es, tout en favorisant un teint lumineux et \u00e9clatant. Le s\u00e9rum est \u00e9galement enrichi en acide hyaluronique, qui hydrate en profondeur, et en extrait de miel, qui adoucit et am\u00e9liore la texture de la peau, la rendant visiblement plus douce et lisse.<\/p>\n<p>Avec l&rsquo;ajout d&rsquo;alpha-arbutine, ce s\u00e9rum aide \u00e0 estomper les marques d&rsquo;acn\u00e9 et les rougeurs post-inflammatoires, rendant la peau plus uniforme et tonique. Convient \u00e0 tous les types de peau, il est particuli\u00e8rement recommand\u00e9 pour les peaux s\u00e8ches, sensibles ou sujettes aux imperfections.<\/p>\n<p>Conseils d\u2019utilisation<br \/>\nApplication : Apr\u00e8s avoir nettoy\u00e9 votre visage, appliquez une petite quantit\u00e9 de s\u00e9rum sur votre peau s\u00e8che ou l\u00e9g\u00e8rement humide.<br \/>\nMassage : \u00c9talez le s\u00e9rum doucement en effectuant des mouvements circulaires pour favoriser l&rsquo;absorption.<br \/>\nRoutine : Utilisez matin et soir avant votre cr\u00e8me hydratante pour maximiser les bienfaits.<br \/>\nPeau nettoy\u00e9e : Id\u00e9al apr\u00e8s un nettoyant doux ou un tonique pour pr\u00e9parer la peau \u00e0 une hydratation en profondeur.<\/p>","protected":false},"excerpt":{"rendered":"<p>Le S\u00e9rum Hydratant Anua 7 Rice Ceramide est un soin nourrissant innovant, con\u00e7u pour apporter une hydratation intense et durable \u00e0 votre&hellip;<\/p>","protected":false},"featured_media":14868,"comment_status":"open","ping_status":"closed","template":"","meta":[],"product_cat":[89],"product_tag":[],"yith_product_brand":[195],"class_list":{"0":"post-14869","1":"product","2":"type-product","3":"status-publish","4":"has-post-thumbnail","6":"product_cat-k-beauty","7":"yith_product_brand-anua","9":"first","10":"instock","11":"sale","12":"shipping-taxable","13":"purchasable","14":"product-type-simple"},"_links":{"self":[{"href":"https:\/\/parapharmacieenligne.ma\/en\/wp-json\/wp\/v2\/product\/14869","targetHints":{"allow":["GET"]}}],"collection":[{"href":"https:\/\/parapharmacieenligne.ma\/en\/wp-json\/wp\/v2\/product"}],"about":[{"href":"https:\/\/parapharmacieenligne.ma\/en\/wp-json\/wp\/v2\/types\/product"}],"replies":[{"embeddable":true,"href":"https:\/\/parapharmacieenligne.ma\/en\/wp-json\/wp\/v2\/comments?post=14869"}],"version-history":[{"count":1,"href":"https:\/\/parapharmacieenligne.ma\/en\/wp-json\/wp\/v2\/product\/14869\/revisions"}],"predecessor-version":[{"id":14870,"href":"https:\/\/parapharmacieenligne.ma\/en\/wp-json\/wp\/v2\/product\/14869\/revisions\/14870"}],"wp:featuredmedia":[{"embeddable":true,"href":"https:\/\/parapharmacieenligne.ma\/en\/wp-json\/wp\/v2\/media\/14868"}],"wp:attachment":[{"href":"https:\/\/parapharmacieenligne.ma\/en\/wp-json\/wp\/v2\/media?parent=14869"}],"wp:term":[{"taxonomy":"product_cat","embeddable":true,"href":"https:\/\/parapharmacieenligne.ma\/en\/wp-json\/wp\/v2\/product_cat?post=14869"},{"taxonomy":"product_tag","embeddable":true,"href":"https:\/\/parapharmacieenligne.ma\/en\/wp-json\/wp\/v2\/product_tag?post=14869"},{"taxonomy":"yith_product_brand","embeddable":true,"href":"https:\/\/parapharmacieenligne.ma\/en\/wp-json\/wp\/v2\/yith_product_brand?post=14869"}],"curies":[{"name":"wp","href":"https:\/\/api.w.org\/{rel}","templated":true}]}}