{"id":14872,"date":"2026-02-17T18:06:25","date_gmt":"2026-02-17T17:06:25","guid":{"rendered":"https:\/\/parapharmacieenligne.ma\/?post_type=product&#038;p=14872"},"modified":"2026-02-17T18:06:37","modified_gmt":"2026-02-17T17:06:37","slug":"anua-birch-70-moisture-boosting-serum-30-ml","status":"publish","type":"product","link":"https:\/\/parapharmacieenligne.ma\/en\/product\/anua-birch-70-moisture-boosting-serum-30-ml\/","title":{"rendered":"ANUA BIRCH 70 MOISTURE BOOSTING SERUM 30 ML"},"content":{"rendered":"<p>Le ANUA Birch 70% Moisture Boosting Serum est un s\u00e9rum hydratant ultra-efficace, formul\u00e9 pour apporter une hydratation intense et durable \u00e0 votre peau. Gr\u00e2ce \u00e0 sa composition unique enrichie \u00e0 70% d&rsquo;extrait de bouleau blanc, ce s\u00e9rum revitalise la peau en profondeur tout en am\u00e9liorant son \u00e9clat naturel. La s\u00e8ve de bouleau, reconnue pour ses vertus apaisantes et r\u00e9g\u00e9n\u00e9rantes, permet de maintenir un parfait \u00e9quilibre d&rsquo;hydratation, m\u00eame pour les peaux les plus s\u00e8ches et d\u00e9shydrat\u00e9es.<\/p>\n<p>Ce s\u00e9rum est \u00e9galement enrichi en panth\u00e9nol et acide hyaluronique, deux ingr\u00e9dients puissants qui favorisent la r\u00e9tention d&rsquo;humidit\u00e9 et apaisent les irritations tout en renfor\u00e7ant la barri\u00e8re cutan\u00e9e. Sa formule l\u00e9g\u00e8re et non grasse p\u00e9n\u00e8tre rapidement, laissant la peau douce, souple et parfaitement hydrat\u00e9e sans effet collant. Il est id\u00e9al pour les peaux sensibles, s\u00e8ches ou sujettes aux d\u00e9s\u00e9quilibres d&rsquo;hydratation, apportant un confort imm\u00e9diat et visible.<\/p>\n<p>Utilis\u00e9 quotidiennement, ANUA Birch 70% Moisture Boosting Serum redonne \u00e0 votre peau une apparence plus lisse, \u00e9clatante et rafra\u00eechie. Parfait pour une utilisation sous une cr\u00e8me hydratante ou seul pour une solution plus l\u00e9g\u00e8re, il constitue un soin incontournable pour maintenir l\u2019hydratation de la peau tout au long de l&rsquo;ann\u00e9e.<\/p>\n<p>Conseils d&rsquo;utilisation<br \/>\nNettoyez votre peau avec votre nettoyant habituel.<\/p>\n<p>Appliquez quelques gouttes du s\u00e9rum sur le visage propre et sec.<\/p>\n<p>Composition :<\/p>\n<p>Eau, Butyl\u00e8ne Glycol, Dipropyl\u00e8ne Glycol, Jus de Betula Platyphylla Japonica, Glyc\u00e9rine, Diglyc\u00e9rine, 1,2-Hexanediol, Tr\u00e9halose, Hydroxyac\u00e9tylph\u00e9none, Carbom\u00e8re, Caprylyl Glycol, Ethylhexylglyc\u00e9rine, Trom\u00e9thamine, Phytate de Sodium, Allanto\u00efne, B\u00e9ta\u00efne, Extrait de Fruit de Cucumis Sativus, Copolym\u00e8re d&rsquo;Acrylate de Glyc\u00e9ryle\/Acide Acrylique, Dextrine, Extrait de Fruit de Gardenia Florida, Extrait de Racine d&rsquo;Ulmus Davidiana, Extrait de Racine de Pueraria Lobata, Extrait de Feuille de Pinus Palustris, Panth\u00e9nol, Extrait de Fleur d&rsquo;Oenothera Biennis, Gluconolactone, Gomme Biosaccharide-1, Glycyrrhizate de Dipotassium, Extrait de Malachite, Hyaluronate de Sodium, Tocoph\u00e9rol, Hyaluronate d&rsquo;Hydroxypropyltrimonium, Hyaluronate de Sodium Ac\u00e9tyl\u00e9, Acide Hyaluronique Hydrolys\u00e9, Acide Hyaluronique, Copolym\u00e8re d&rsquo;Hyaluronate de Sodium, Hyaluronate de Sodium Hydrolys\u00e9, Hyaluronate de Potassium.<\/p>","protected":false},"excerpt":{"rendered":"<p>Le ANUA Birch 70% Moisture Boosting Serum est un s\u00e9rum hydratant ultra-efficace, formul\u00e9 pour apporter une hydratation intense et durable \u00e0 votre&hellip;<\/p>","protected":false},"featured_media":14871,"comment_status":"open","ping_status":"closed","template":"","meta":[],"product_cat":[89],"product_tag":[],"yith_product_brand":[195],"class_list":{"0":"post-14872","1":"product","2":"type-product","3":"status-publish","4":"has-post-thumbnail","6":"product_cat-k-beauty","7":"yith_product_brand-anua","9":"first","10":"instock","11":"sale","12":"shipping-taxable","13":"purchasable","14":"product-type-simple"},"_links":{"self":[{"href":"https:\/\/parapharmacieenligne.ma\/en\/wp-json\/wp\/v2\/product\/14872","targetHints":{"allow":["GET"]}}],"collection":[{"href":"https:\/\/parapharmacieenligne.ma\/en\/wp-json\/wp\/v2\/product"}],"about":[{"href":"https:\/\/parapharmacieenligne.ma\/en\/wp-json\/wp\/v2\/types\/product"}],"replies":[{"embeddable":true,"href":"https:\/\/parapharmacieenligne.ma\/en\/wp-json\/wp\/v2\/comments?post=14872"}],"version-history":[{"count":1,"href":"https:\/\/parapharmacieenligne.ma\/en\/wp-json\/wp\/v2\/product\/14872\/revisions"}],"predecessor-version":[{"id":14873,"href":"https:\/\/parapharmacieenligne.ma\/en\/wp-json\/wp\/v2\/product\/14872\/revisions\/14873"}],"wp:featuredmedia":[{"embeddable":true,"href":"https:\/\/parapharmacieenligne.ma\/en\/wp-json\/wp\/v2\/media\/14871"}],"wp:attachment":[{"href":"https:\/\/parapharmacieenligne.ma\/en\/wp-json\/wp\/v2\/media?parent=14872"}],"wp:term":[{"taxonomy":"product_cat","embeddable":true,"href":"https:\/\/parapharmacieenligne.ma\/en\/wp-json\/wp\/v2\/product_cat?post=14872"},{"taxonomy":"product_tag","embeddable":true,"href":"https:\/\/parapharmacieenligne.ma\/en\/wp-json\/wp\/v2\/product_tag?post=14872"},{"taxonomy":"yith_product_brand","embeddable":true,"href":"https:\/\/parapharmacieenligne.ma\/en\/wp-json\/wp\/v2\/yith_product_brand?post=14872"}],"curies":[{"name":"wp","href":"https:\/\/api.w.org\/{rel}","templated":true}]}}