{"id":14875,"date":"2026-02-17T18:06:47","date_gmt":"2026-02-17T17:06:47","guid":{"rendered":"https:\/\/parapharmacieenligne.ma\/?post_type=product&#038;p=14875"},"modified":"2026-02-17T18:06:55","modified_gmt":"2026-02-17T17:06:55","slug":"anua-heartleaf-77-clear-pad-160-ml","status":"publish","type":"product","link":"https:\/\/parapharmacieenligne.ma\/en\/product\/anua-heartleaf-77-clear-pad-160-ml\/","title":{"rendered":"ANUA HEARTLEAF 77 CLEAR PAD 160 ML"},"content":{"rendered":"<p>D\u00e9couvrez ANUA Heartleaf 77 Clear Pad 160 ml, le secret d\u2019une peau apais\u00e9e et resplendissante au quotidien. Infus\u00e9s avec 77 % d&rsquo;extrait d\u2019houttuynia cordata, ces tampons toniques apportent un soulagement imm\u00e9diat aux peaux sensibles et irrit\u00e9es. Gr\u00e2ce \u00e0 leur action anti-inflammatoire, ils r\u00e9duisent les rougeurs et l\u2019inflammation, tout en r\u00e9gulant l&rsquo;exc\u00e8s de s\u00e9bum. Le r\u00e9sultat ? Des pores visiblement resserr\u00e9s et une peau \u00e9quilibr\u00e9e pr\u00eate \u00e0 accueillir le maquillage.<\/p>\n<p>L\u00e9ger et doux, le Heartleaf 77 Clear Pad exfolie d\u00e9licatement les cellules mortes, r\u00e9v\u00e9lant une texture lisse et un teint lumineux. Il pr\u00e9pare id\u00e9alement la peau pour un effet \u00ab peau de verre \u00bb ultra-tendance : un fini transparent, radieux et sans imperfections apparentes. Utilis\u00e9 quotidiennement, ce tonique hydrate profond\u00e9ment sans laisser de r\u00e9sidus gras, ce qui le rend parfait pour les peaux normales \u00e0 sensibles.<\/p>\n<p>Les tampons sont pratiques et imbib\u00e9s de la juste quantit\u00e9 de produit pour une application simple et rapide. Ils peuvent aussi \u00eatre utilis\u00e9s comme masque apaisant en laissant agir quelques minutes sur les zones probl\u00e9matiques. Gr\u00e2ce \u00e0 leur formule douce, ils conviennent m\u00eame aux peaux sujettes \u00e0 l\u2019acn\u00e9.<\/p>\n<p>Ajoutez le Heartleaf 77 Clear Pad \u00e0 votre routine pour une peau plus douce, fra\u00eeche et lumineuse. Offrez \u00e0 votre visage le soin qu\u2019il m\u00e9rite et profitez d\u2019un teint parfaitement pr\u00e9par\u00e9 pour le maquillage, jour apr\u00e8s jour.<\/p>\n<p>Conseils d&rsquo;utilisation :<\/p>\n<p>Matin et soir : Apr\u00e8s le nettoyage, passez doucement le tampon sur le visage.<\/p>\n<p>Composition :<\/p>\n<p>Houttuynia Cordata Extract (77%), Water, Gluconolactone, Propanediol, Tromethamine, Butylene Glycol, 1,2-Hexanediol, Betaine, Ammonium Acryloyldimethyltaurate\/\u200bVP Copolymer, Ulmus Davidiana Root Extract, Pueraria Lobata Root Extract, Pinus Palustris Leaf Extract, Oenothera Biennis (Evening Primrose) Flower Extract, Camellia Sinensis Leaf Extract, Coix Lacryma-Jobi Ma-Yuen Seed Extract, Portulaca Oleracea Extract, Centella Asiatica Extract, Madecassoside, Asiatic Acid, Asiaticoside, Madecassic Acid, Sodium Phytate<\/p>","protected":false},"excerpt":{"rendered":"<p>D\u00e9couvrez ANUA Heartleaf 77 Clear Pad 160 ml, le secret d\u2019une peau apais\u00e9e et resplendissante au quotidien. Infus\u00e9s avec 77 % d&rsquo;extrait&hellip;<\/p>","protected":false},"featured_media":14874,"comment_status":"open","ping_status":"closed","template":"","meta":[],"product_cat":[89],"product_tag":[],"yith_product_brand":[195],"class_list":{"0":"post-14875","1":"product","2":"type-product","3":"status-publish","4":"has-post-thumbnail","6":"product_cat-k-beauty","7":"yith_product_brand-anua","9":"first","10":"instock","11":"sale","12":"shipping-taxable","13":"purchasable","14":"product-type-simple"},"_links":{"self":[{"href":"https:\/\/parapharmacieenligne.ma\/en\/wp-json\/wp\/v2\/product\/14875","targetHints":{"allow":["GET"]}}],"collection":[{"href":"https:\/\/parapharmacieenligne.ma\/en\/wp-json\/wp\/v2\/product"}],"about":[{"href":"https:\/\/parapharmacieenligne.ma\/en\/wp-json\/wp\/v2\/types\/product"}],"replies":[{"embeddable":true,"href":"https:\/\/parapharmacieenligne.ma\/en\/wp-json\/wp\/v2\/comments?post=14875"}],"version-history":[{"count":1,"href":"https:\/\/parapharmacieenligne.ma\/en\/wp-json\/wp\/v2\/product\/14875\/revisions"}],"predecessor-version":[{"id":14876,"href":"https:\/\/parapharmacieenligne.ma\/en\/wp-json\/wp\/v2\/product\/14875\/revisions\/14876"}],"wp:featuredmedia":[{"embeddable":true,"href":"https:\/\/parapharmacieenligne.ma\/en\/wp-json\/wp\/v2\/media\/14874"}],"wp:attachment":[{"href":"https:\/\/parapharmacieenligne.ma\/en\/wp-json\/wp\/v2\/media?parent=14875"}],"wp:term":[{"taxonomy":"product_cat","embeddable":true,"href":"https:\/\/parapharmacieenligne.ma\/en\/wp-json\/wp\/v2\/product_cat?post=14875"},{"taxonomy":"product_tag","embeddable":true,"href":"https:\/\/parapharmacieenligne.ma\/en\/wp-json\/wp\/v2\/product_tag?post=14875"},{"taxonomy":"yith_product_brand","embeddable":true,"href":"https:\/\/parapharmacieenligne.ma\/en\/wp-json\/wp\/v2\/yith_product_brand?post=14875"}],"curies":[{"name":"wp","href":"https:\/\/api.w.org\/{rel}","templated":true}]}}