{"id":14878,"date":"2026-02-17T18:07:07","date_gmt":"2026-02-17T17:07:07","guid":{"rendered":"https:\/\/parapharmacieenligne.ma\/?post_type=product&#038;p=14878"},"modified":"2026-02-17T18:07:15","modified_gmt":"2026-02-17T17:07:15","slug":"anua-heartleaf-huile-nettoyante-douce-d-controle-des-pores-200-ml","status":"publish","type":"product","link":"https:\/\/parapharmacieenligne.ma\/en\/product\/anua-heartleaf-huile-nettoyante-douce-d-controle-des-pores-200-ml\/","title":{"rendered":"ANUA HEARTLEAF HUILE NETTOYANTE DOUCE D CONTROLE DES PORES 200 ML"},"content":{"rendered":"<p>D\u00e9couvrez l\u2019ANUA Heartleaf Huile Nettoyante Douce de Contr\u00f4le des Pores \u2014 le soin incontournable pour les peaux sensibles \u00e0 la recherche de puret\u00e9 et d\u2019apaisement. Cette huile d\u00e9maquillante non com\u00e9dog\u00e8ne et sans parfum est con\u00e7ue pour nettoyer en douceur tout en respectant l\u2019\u00e9quilibre naturel de la peau. Gr\u00e2ce \u00e0 l\u2019extrait de Houttuynia Cordata, connu pour ses propri\u00e9t\u00e9s anti-inflammatoires et apaisantes, cette formule \u00e9limine efficacement le maquillage, la cr\u00e8me solaire et les impuret\u00e9s accumul\u00e9es au cours de la journ\u00e9e. Votre peau retrouve fra\u00eecheur et s\u00e9r\u00e9nit\u00e9 sans aucune irritation.<\/p>\n<p>L\u2019ajout de l\u2019huile de feuilles de romarin contribue \u00e0 r\u00e9guler l\u2019exc\u00e8s de s\u00e9bum et apaise les peaux irrit\u00e9es, tandis que l\u2019huile de graines de tournesol hydrate et nourrit sans obstruer les pores. Cette combinaison parfaite assure un nettoyage en profondeur tout en laissant la peau douce, lisse et parfaitement \u00e9quilibr\u00e9e. Gr\u00e2ce \u00e0 sa texture l\u00e9g\u00e8re, cette huile ne laisse aucun r\u00e9sidu gras et offre une sensation de puret\u00e9 imm\u00e9diate.<\/p>\n<p>Convient aux peaux sensibles et sujettes aux imperfections, cette huile nettoyante est votre alli\u00e9e pour un teint frais et \u00e9clatant. Int\u00e9grez-la \u00e0 votre routine quotidienne pour une peau visiblement plus claire et plus saine. Un v\u00e9ritable rituel de bien-\u00eatre pour une peau apais\u00e9e et d\u00e9barrass\u00e9e des impuret\u00e9s en douceur.<\/p>\n<p>Conseils d&rsquo;utilisation :<\/p>\n<p>Appliquez 2 \u00e0 3 pompes sur peau s\u00e8che<\/p>\n<p>Composition :<\/p>\n<p>Stearate d&rsquo;\u00e9thylhexyle, Sorbeth-30 t\u00e9traol\u00e9ate, Ethylhexanoate de c\u00e9tyle, Triglyc\u00e9ride caprylique\/caprique, Tri\u00e9thylhexano\u00efne, Isodod\u00e9cane, Eau, Huile de feuille de Rosmarinus Officinalis, Sesquioleate de sorbitane, Tocoph\u00e9rol, Huile de graine de Helianthus Annuus, Extrait de Houttuynia Cordata.<\/p>","protected":false},"excerpt":{"rendered":"<p>D\u00e9couvrez l\u2019ANUA Heartleaf Huile Nettoyante Douce de Contr\u00f4le des Pores \u2014 le soin incontournable pour les peaux sensibles \u00e0 la recherche de&hellip;<\/p>","protected":false},"featured_media":14877,"comment_status":"open","ping_status":"closed","template":"","meta":[],"product_cat":[89],"product_tag":[],"yith_product_brand":[195],"class_list":{"0":"post-14878","1":"product","2":"type-product","3":"status-publish","4":"has-post-thumbnail","6":"product_cat-k-beauty","7":"yith_product_brand-anua","9":"first","10":"instock","11":"sale","12":"shipping-taxable","13":"purchasable","14":"product-type-simple"},"_links":{"self":[{"href":"https:\/\/parapharmacieenligne.ma\/en\/wp-json\/wp\/v2\/product\/14878","targetHints":{"allow":["GET"]}}],"collection":[{"href":"https:\/\/parapharmacieenligne.ma\/en\/wp-json\/wp\/v2\/product"}],"about":[{"href":"https:\/\/parapharmacieenligne.ma\/en\/wp-json\/wp\/v2\/types\/product"}],"replies":[{"embeddable":true,"href":"https:\/\/parapharmacieenligne.ma\/en\/wp-json\/wp\/v2\/comments?post=14878"}],"version-history":[{"count":1,"href":"https:\/\/parapharmacieenligne.ma\/en\/wp-json\/wp\/v2\/product\/14878\/revisions"}],"predecessor-version":[{"id":14879,"href":"https:\/\/parapharmacieenligne.ma\/en\/wp-json\/wp\/v2\/product\/14878\/revisions\/14879"}],"wp:featuredmedia":[{"embeddable":true,"href":"https:\/\/parapharmacieenligne.ma\/en\/wp-json\/wp\/v2\/media\/14877"}],"wp:attachment":[{"href":"https:\/\/parapharmacieenligne.ma\/en\/wp-json\/wp\/v2\/media?parent=14878"}],"wp:term":[{"taxonomy":"product_cat","embeddable":true,"href":"https:\/\/parapharmacieenligne.ma\/en\/wp-json\/wp\/v2\/product_cat?post=14878"},{"taxonomy":"product_tag","embeddable":true,"href":"https:\/\/parapharmacieenligne.ma\/en\/wp-json\/wp\/v2\/product_tag?post=14878"},{"taxonomy":"yith_product_brand","embeddable":true,"href":"https:\/\/parapharmacieenligne.ma\/en\/wp-json\/wp\/v2\/yith_product_brand?post=14878"}],"curies":[{"name":"wp","href":"https:\/\/api.w.org\/{rel}","templated":true}]}}