{"id":14880,"date":"2026-02-17T18:07:25","date_gmt":"2026-02-17T17:07:25","guid":{"rendered":"https:\/\/parapharmacieenligne.ma\/?post_type=product&#038;p=14880"},"modified":"2026-02-17T18:07:33","modified_gmt":"2026-02-17T17:07:33","slug":"anua-riceceramide-poudre-enzyme-nettoyante-40-g","status":"publish","type":"product","link":"https:\/\/parapharmacieenligne.ma\/en\/product\/anua-riceceramide-poudre-enzyme-nettoyante-40-g\/","title":{"rendered":"ANUA RICE+CERAMIDE POUDRE ENZYME NETTOYANTE 40 G"},"content":{"rendered":"<p>ANUA RICE + CERAMIDE POUDRE ENZYME : Le Secret d\u2019un Teint Radieux<\/p>\n<p>D\u00e9couvrez la Rice Enzyme Brightening Cleansing Powder d\u2019Anua, un soin polyvalent con\u00e7u pour illuminer votre peau. Cette poudre nettoyante et exfoliante, enrichie en extrait de riz et c\u00e9ramides, agit tout en douceur pour offrir un teint \u00e9clatant et uniforme.<\/p>\n<p>Sa formule unique combine les bienfaits exfoliants des enzymes et les propri\u00e9t\u00e9s nourrissantes du riz pour \u00e9liminer efficacement les cellules mortes, purifier les pores et r\u00e9duire l\u2019exc\u00e8s de s\u00e9bum. R\u00e9sultat : une peau visiblement plus lisse, lumineuse et revitalis\u00e9e d\u00e8s les premi\u00e8res utilisations.<\/p>\n<p>Cette poudre fine se transforme en mousse l\u00e9g\u00e8re au contact de l\u2019eau, procurant une exp\u00e9rience sensorielle agr\u00e9able et adapt\u00e9e m\u00eame aux peaux les plus sensibles. Elle aide \u00e0 restaurer la barri\u00e8re cutan\u00e9e gr\u00e2ce aux c\u00e9ramides, tout en laissant la peau douce et hydrat\u00e9e.<\/p>\n<p>Adoptez la poudre nettoyante Anua pour un rituel de beaut\u00e9 quotidien ou une exfoliation douce selon vos besoins. Un incontournable pour un teint frais et \u00e9clatant.<\/p>\n<p>Conseils d\u2019utilisation<\/p>\n<p>Versez une petite quantit\u00e9 de poudre dans la paume de votre main.<br \/>\nAjoutez un peu d\u2019eau pour faire mousser.<br \/>\nAppliquez sur le visage en mouvements circulaires, en \u00e9vitant le contour des yeux.<br \/>\nRincez abondamment \u00e0 l\u2019eau ti\u00e8de.<br \/>\nUtilisez quotidiennement pour nettoyer ou 2 \u00e0 3 fois par semaine pour exfolier.<br \/>\nComposition :<\/p>\n<p>Le complexe de riz compos\u00e9 d\u2019extraits de prot\u00e9ines, d\u2019hydrolat et de poudre a un effet nourrissant en profondeur, aidant \u00e0 unifier le teint et \u00e0 lui donner une apparence saine.<br \/>\nL\u2019enzyme de papaye exfolie les cellules k\u00e9ratinis\u00e9es de la peau, lisse le grain de peau, nettoie et stimule la r\u00e9g\u00e9n\u00e9ration.<br \/>\nLe Kaolin contribue \u00e0 une r\u00e9gulation efficace du s\u00e9bum, en absorbant l\u2019exc\u00e8s de s\u00e9bum et en matifiant la peau.<\/p>","protected":false},"excerpt":{"rendered":"<p>ANUA RICE + CERAMIDE POUDRE ENZYME : Le Secret d\u2019un Teint Radieux D\u00e9couvrez la Rice Enzyme Brightening Cleansing Powder d\u2019Anua, un soin&hellip;<\/p>","protected":false},"featured_media":0,"comment_status":"open","ping_status":"closed","template":"","meta":[],"product_cat":[89],"product_tag":[],"yith_product_brand":[195],"class_list":{"0":"post-14880","1":"product","2":"type-product","3":"status-publish","5":"product_cat-k-beauty","6":"yith_product_brand-anua","8":"first","9":"instock","10":"sale","11":"shipping-taxable","12":"purchasable","13":"product-type-simple"},"_links":{"self":[{"href":"https:\/\/parapharmacieenligne.ma\/en\/wp-json\/wp\/v2\/product\/14880","targetHints":{"allow":["GET"]}}],"collection":[{"href":"https:\/\/parapharmacieenligne.ma\/en\/wp-json\/wp\/v2\/product"}],"about":[{"href":"https:\/\/parapharmacieenligne.ma\/en\/wp-json\/wp\/v2\/types\/product"}],"replies":[{"embeddable":true,"href":"https:\/\/parapharmacieenligne.ma\/en\/wp-json\/wp\/v2\/comments?post=14880"}],"version-history":[{"count":1,"href":"https:\/\/parapharmacieenligne.ma\/en\/wp-json\/wp\/v2\/product\/14880\/revisions"}],"predecessor-version":[{"id":14881,"href":"https:\/\/parapharmacieenligne.ma\/en\/wp-json\/wp\/v2\/product\/14880\/revisions\/14881"}],"wp:attachment":[{"href":"https:\/\/parapharmacieenligne.ma\/en\/wp-json\/wp\/v2\/media?parent=14880"}],"wp:term":[{"taxonomy":"product_cat","embeddable":true,"href":"https:\/\/parapharmacieenligne.ma\/en\/wp-json\/wp\/v2\/product_cat?post=14880"},{"taxonomy":"product_tag","embeddable":true,"href":"https:\/\/parapharmacieenligne.ma\/en\/wp-json\/wp\/v2\/product_tag?post=14880"},{"taxonomy":"yith_product_brand","embeddable":true,"href":"https:\/\/parapharmacieenligne.ma\/en\/wp-json\/wp\/v2\/yith_product_brand?post=14880"}],"curies":[{"name":"wp","href":"https:\/\/api.w.org\/{rel}","templated":true}]}}