{"id":14901,"date":"2026-02-17T18:12:00","date_gmt":"2026-02-17T17:12:00","guid":{"rendered":"https:\/\/parapharmacieenligne.ma\/?post_type=product&#038;p=14901"},"modified":"2026-02-17T18:12:16","modified_gmt":"2026-02-17T17:12:16","slug":"anua-glow-pad-pdrn-hyaluron-60-pads","status":"publish","type":"product","link":"https:\/\/parapharmacieenligne.ma\/en\/product\/anua-glow-pad-pdrn-hyaluron-60-pads\/","title":{"rendered":"ANUA GLOW PAD PDRN + HYALURON 60 PADS"},"content":{"rendered":"<p>Notre peau est constamment soumise \u00e0 des agressions qui peuvent la rendre terne, d\u00e9shydrat\u00e9e et fatigu\u00e9e. Les ANUA Glow Pad PDRN + Hyaluron sont con\u00e7us pour revitaliser votre \u00e9piderme en profondeur et lui redonner tout son \u00e9clat. Ce disque \u00e9clat \u00e0 double texture est une innovation dans votre routine de soins, offrant une approche compl\u00e8te pour une peau visiblement transform\u00e9e.<\/p>\n<p>Ce qui rend ces pads si uniques et efficaces, c&rsquo;est leur conception intelligente et leur formule enrichie :<\/p>\n<p>Double Texture pour Double B\u00e9n\u00e9fice : Chaque disque, d&rsquo;une taille g\u00e9n\u00e9reuse de 7 cm, est pens\u00e9 pour optimiser votre routine.<\/p>\n<p>La face lisse est parfaite pour un soin tout en douceur, id\u00e9ale pour appliquer le tonique hydratant sur l&rsquo;ensemble du visage, uniformiser le teint et pr\u00e9parer la peau aux \u00e9tapes suivantes. Elle convient m\u00eame aux peaux les plus sensibles pour une application d\u00e9licate.<\/p>\n<p>La face gel douce est con\u00e7ue pour une hydratation intense et cibl\u00e9e. Sa texture unique permet au s\u00e9rum d&rsquo;\u00eatre d\u00e9livr\u00e9 en profondeur, agissant comme un mini-masque pour infuser la peau d&rsquo;actifs hydratants et repulpants. C&rsquo;est l&rsquo;id\u00e9al pour les zones n\u00e9cessitant un boost d&rsquo;hydratation ou pour apaiser la peau apr\u00e8s une longue journ\u00e9e.<\/p>\n<p>Actifs de Pointe : Au c\u0153ur de la formule, le PDRN (polydeoxyribonucl\u00e9otide) est un ingr\u00e9dient de pointe, reconnu pour ses propri\u00e9t\u00e9s r\u00e9g\u00e9n\u00e9ratrices et r\u00e9paratrices exceptionnelles. Il aide \u00e0 am\u00e9liorer l&rsquo;\u00e9lasticit\u00e9 de la peau, \u00e0 stimuler le renouvellement cellulaire et \u00e0 favoriser un teint plus sain. L&rsquo;Acide Hyaluronique, quant \u00e0 lui, est l&rsquo;hydratant ultime, capable de retenir une quantit\u00e9 ph\u00e9nom\u00e9nale d&rsquo;eau. Il hydrate la peau en profondeur, la repulpe et lisse l&rsquo;apparence des ridules de d\u00e9shydratation, conf\u00e9rant \u00e0 votre visage un aspect plus jeune et rebondi.<\/p>\n<p>En combinant ces deux actifs puissants avec le design innovant \u00e0 double texture, les ANUA Glow Pad offrent une synergie parfaite pour hydrater en profondeur et obtenir un teint \u00e9clatant. Chaque pad vous procure deux fois plus de bienfaits en un seul passage, rendant votre routine de soin plus efficace et plus agr\u00e9able.<\/p>\n<p>Composition :<\/p>\n<p>Water, Butylene Glycol, Glycereth-26, Niacinamide, Glycerin, Hydroxyethyl Urea, 1,2-Hexanediol, Hydrolyzed Collagen, Terminalia Ferdinandiana Fruit Extract, Diethoxyethyl Succinate, Hydroxyacetophenone, Glycosyl Trehalose, Hydrogenated Starch Hydrolysate, Melia Azadirachta Leaf Extract, Melia Azadirachta Flower Extract, Coccinia Indica Fruit Extract, Aloe Barbadensis Flower Extract, Solanum Melongena (Eggplant) Fruit Extract, Ocimum Sanctum Leaf Extract, Corallina Officinalis Extract, Curcuma Longa (Turmeric) Root Extract, Glycereth-25 PCA Isostearate<\/p>\n<p>Conseils d&rsquo;utilisation :<\/p>\n<p>Apr\u00e8s avoir nettoy\u00e9 votre peau, appliquez la face gel peptidique et laissez agir cinq minutes, comme un mini masque en tissu. Utilisez ensuite la face lisse pour essuyer d\u00e9licatement le grain de peau et faire p\u00e9n\u00e9trer l&rsquo;essence restante en tapotant l\u00e9g\u00e8rement. Convient pour un usage quotidien, matin et soir. Pour un coup de boost rapide, utilisez-le en masque matinal pendant que vous vous s\u00e9chez les cheveux.<\/p>","protected":false},"excerpt":{"rendered":"<p>Notre peau est constamment soumise \u00e0 des agressions qui peuvent la rendre terne, d\u00e9shydrat\u00e9e et fatigu\u00e9e. Les ANUA Glow Pad PDRN +&hellip;<\/p>","protected":false},"featured_media":14900,"comment_status":"open","ping_status":"closed","template":"","meta":[],"product_cat":[89],"product_tag":[],"yith_product_brand":[195],"class_list":{"0":"post-14901","1":"product","2":"type-product","3":"status-publish","4":"has-post-thumbnail","6":"product_cat-k-beauty","7":"yith_product_brand-anua","9":"first","10":"instock","11":"sale","12":"shipping-taxable","13":"purchasable","14":"product-type-simple"},"_links":{"self":[{"href":"https:\/\/parapharmacieenligne.ma\/en\/wp-json\/wp\/v2\/product\/14901","targetHints":{"allow":["GET"]}}],"collection":[{"href":"https:\/\/parapharmacieenligne.ma\/en\/wp-json\/wp\/v2\/product"}],"about":[{"href":"https:\/\/parapharmacieenligne.ma\/en\/wp-json\/wp\/v2\/types\/product"}],"replies":[{"embeddable":true,"href":"https:\/\/parapharmacieenligne.ma\/en\/wp-json\/wp\/v2\/comments?post=14901"}],"version-history":[{"count":1,"href":"https:\/\/parapharmacieenligne.ma\/en\/wp-json\/wp\/v2\/product\/14901\/revisions"}],"predecessor-version":[{"id":14902,"href":"https:\/\/parapharmacieenligne.ma\/en\/wp-json\/wp\/v2\/product\/14901\/revisions\/14902"}],"wp:featuredmedia":[{"embeddable":true,"href":"https:\/\/parapharmacieenligne.ma\/en\/wp-json\/wp\/v2\/media\/14900"}],"wp:attachment":[{"href":"https:\/\/parapharmacieenligne.ma\/en\/wp-json\/wp\/v2\/media?parent=14901"}],"wp:term":[{"taxonomy":"product_cat","embeddable":true,"href":"https:\/\/parapharmacieenligne.ma\/en\/wp-json\/wp\/v2\/product_cat?post=14901"},{"taxonomy":"product_tag","embeddable":true,"href":"https:\/\/parapharmacieenligne.ma\/en\/wp-json\/wp\/v2\/product_tag?post=14901"},{"taxonomy":"yith_product_brand","embeddable":true,"href":"https:\/\/parapharmacieenligne.ma\/en\/wp-json\/wp\/v2\/yith_product_brand?post=14901"}],"curies":[{"name":"wp","href":"https:\/\/api.w.org\/{rel}","templated":true}]}}