{"id":14907,"date":"2026-02-17T18:12:48","date_gmt":"2026-02-17T17:12:48","guid":{"rendered":"https:\/\/parapharmacieenligne.ma\/?post_type=product&#038;p=14907"},"modified":"2026-02-17T18:12:56","modified_gmt":"2026-02-17T17:12:56","slug":"anua-zero-cast-moisturizing-finish-sunscreen-spf50-pa50ml","status":"publish","type":"product","link":"https:\/\/parapharmacieenligne.ma\/en\/product\/anua-zero-cast-moisturizing-finish-sunscreen-spf50-pa50ml\/","title":{"rendered":"ANUA ZERO CAST MOISTURIZING FINISH SUNSCREEN SPF50+ PA+50ML"},"content":{"rendered":"<p>D\u00e9couvrez le Sunscreen ANUA Zero Cast Moisturizing Finish SPF 50+ PA+, la protection solaire qui va r\u00e9volutionner votre routine beaut\u00e9. Ce n&rsquo;est pas un simple \u00e9cran solaire, c&rsquo;est une formule de soin de haute technologie, con\u00e7ue pour vous offrir une d\u00e9fense optimale avec une transparence totale, pour une peau qui respire.<\/p>\n<p>Un Bouclier Invisible et Puissant : La force de ce solaire r\u00e9side dans sa formule qui ne laisse aucun r\u00e9sidu blanc ni gras. Il offre une protection \u00e0 large spectre SPF 50+ PA+, ce qui signifie qu&rsquo;il d\u00e9fend votre peau contre les deux types de rayons UV : les UVA, responsables du vieillissement cutan\u00e9, et les UVB, qui causent les coups de soleil. Sa texture l\u00e9g\u00e8re et quotidienne p\u00e9n\u00e8tre rapidement dans la peau, vous offrant une sensation de l\u00e9g\u00e8ret\u00e9 et de confort, parfaite pour un usage quotidien, m\u00eame sous le maquillage. C&rsquo;est l&rsquo;assurance d&rsquo;une protection optimale qui ne se voit pas et ne se sent pas.<\/p>\n<p>Une Action Compl\u00e8te pour une Peau Saine : Ce solaire ne se contente pas de prot\u00e9ger des rayons. Il est formul\u00e9 pour \u00eatre \u00e0 la fois un soin protecteur et un soin hydratant. Son fini hydratant laisse la peau douce et souple, sans l&rsquo;effet dess\u00e9chant que certains \u00e9crans solaires peuvent avoir. Il agit en synergie avec votre routine de soin, sans l&rsquo;alourdir, pour une peau qui reste saine et radieuse tout au long de la journ\u00e9e.<\/p>\n<p>Conseils d&rsquo;utilisation :<\/p>\n<p>Appliquez l&rsquo;\u00e9cran solaire quotidiennement, quelle que soit la m\u00e9t\u00e9o, 20 minutes avant toute exposition au soleil.<\/p>\n<p>Composition :<\/p>\n<p>Avobenzone, Homosalate, Octisalate, Octocrylene, Water (Aqua), Butyloctyl Salicylate, Glycerin, Dimethicone, Poly C10-30 Alkyl Acrylate, VP\/Eicosene Copolymer, Cetearyl Alcohol, Niacinamide, Sodium Stearoyl Glutamate, Ammonium Polyacryloyldimethyl Taurate, Hydroxyacetophenone, Phenoxyethanol, Tocopheryl Acetate, Panthenol, Pentaerythritiyl Tetra-Di-T-Butyl Hydroxyhydrocinnamate, Xanthan Gum, 1,2-Hexanediol, Sodium Hyaluronate<\/p>","protected":false},"excerpt":{"rendered":"<p>D\u00e9couvrez le Sunscreen ANUA Zero Cast Moisturizing Finish SPF 50+ PA+, la protection solaire qui va r\u00e9volutionner votre routine beaut\u00e9. Ce n&rsquo;est&hellip;<\/p>","protected":false},"featured_media":14906,"comment_status":"open","ping_status":"closed","template":"","meta":[],"product_cat":[89],"product_tag":[],"yith_product_brand":[195],"class_list":{"0":"post-14907","1":"product","2":"type-product","3":"status-publish","4":"has-post-thumbnail","6":"product_cat-k-beauty","7":"yith_product_brand-anua","9":"first","10":"instock","11":"sale","12":"shipping-taxable","13":"purchasable","14":"product-type-simple"},"_links":{"self":[{"href":"https:\/\/parapharmacieenligne.ma\/en\/wp-json\/wp\/v2\/product\/14907","targetHints":{"allow":["GET"]}}],"collection":[{"href":"https:\/\/parapharmacieenligne.ma\/en\/wp-json\/wp\/v2\/product"}],"about":[{"href":"https:\/\/parapharmacieenligne.ma\/en\/wp-json\/wp\/v2\/types\/product"}],"replies":[{"embeddable":true,"href":"https:\/\/parapharmacieenligne.ma\/en\/wp-json\/wp\/v2\/comments?post=14907"}],"version-history":[{"count":1,"href":"https:\/\/parapharmacieenligne.ma\/en\/wp-json\/wp\/v2\/product\/14907\/revisions"}],"predecessor-version":[{"id":14908,"href":"https:\/\/parapharmacieenligne.ma\/en\/wp-json\/wp\/v2\/product\/14907\/revisions\/14908"}],"wp:featuredmedia":[{"embeddable":true,"href":"https:\/\/parapharmacieenligne.ma\/en\/wp-json\/wp\/v2\/media\/14906"}],"wp:attachment":[{"href":"https:\/\/parapharmacieenligne.ma\/en\/wp-json\/wp\/v2\/media?parent=14907"}],"wp:term":[{"taxonomy":"product_cat","embeddable":true,"href":"https:\/\/parapharmacieenligne.ma\/en\/wp-json\/wp\/v2\/product_cat?post=14907"},{"taxonomy":"product_tag","embeddable":true,"href":"https:\/\/parapharmacieenligne.ma\/en\/wp-json\/wp\/v2\/product_tag?post=14907"},{"taxonomy":"yith_product_brand","embeddable":true,"href":"https:\/\/parapharmacieenligne.ma\/en\/wp-json\/wp\/v2\/yith_product_brand?post=14907"}],"curies":[{"name":"wp","href":"https:\/\/api.w.org\/{rel}","templated":true}]}}