{"id":14913,"date":"2026-02-17T18:13:37","date_gmt":"2026-02-17T17:13:37","guid":{"rendered":"https:\/\/parapharmacieenligne.ma\/?post_type=product&#038;p=14913"},"modified":"2026-02-17T18:13:46","modified_gmt":"2026-02-17T17:13:46","slug":"anua-azelaic-acid-3-cica-tonique-clarifiant-250ml","status":"publish","type":"product","link":"https:\/\/parapharmacieenligne.ma\/en\/product\/anua-azelaic-acid-3-cica-tonique-clarifiant-250ml\/","title":{"rendered":"ANUA AZELAIC ACID 3+ CICA TONIQUE CLARIFIANT 250ML"},"content":{"rendered":"<p>La Lotion Tonique Clarifiante ANUA \u00e0 l&rsquo;Acide Az\u00e9la\u00efque 3% et Centella Asiatica (250 ml) est la solution id\u00e9ale pour r\u00e9tablir l&rsquo;harmonie de votre peau. Con\u00e7ue pour les peaux d\u00e9licates et facilement irrit\u00e9es, elle offre une approche douce et multifonctionnelle : elle clarifie et \u00e9quilibre la peau en douceur, tout en la laissant apais\u00e9e et rafra\u00eechie.<\/p>\n<p>Acide Az\u00e9la\u00efque &amp; Cica : Le Duo Anti-Sensibilit\u00e9 et Anti-Imperfections<br \/>\nCe tonique concentre des actifs puissants pour un soin cibl\u00e9 :<\/p>\n<p>Action Anti-Rougeurs et Anti-Sensibilit\u00e9 : La pr\u00e9sence de Centella Asiatica (Cica) est essentielle pour les peaux r\u00e9actives, car elle offre un puissant effet apaisant. Ce tonique est sp\u00e9cifiquement recommand\u00e9 aux personnes souffrant de sensibilit\u00e9 cutan\u00e9e r\u00e9currente ou d&rsquo;irritations li\u00e9es aux changements environnementaux ou saisonniers.<\/p>\n<p>Clarification du Grain de Peau : L&rsquo;Acide Az\u00e9la\u00efque \u00e0 3% est un actif cl\u00e9, connu pour ses propri\u00e9t\u00e9s antibact\u00e9riennes et sa capacit\u00e9 \u00e0 am\u00e9liorer le grain de peau. Il agit efficacement lorsque le grain de peau est irr\u00e9gulier en raison des cellules mortes, favorisant une exfoliation tr\u00e8s douce qui r\u00e9v\u00e8le un teint plus lisse et uniforme.<\/p>\n<p>Contr\u00f4le du S\u00e9bum et Pores : Cette lotion cible les peaux pr\u00e9sentant des pores visibles et une brillance excessive. Elle r\u00e9gule l&rsquo;exc\u00e8s de s\u00e9bum, aidant \u00e0 \u00e9quilibrer la peau sans la dess\u00e9cher. La peau est imm\u00e9diatement rafra\u00eechie, et l&rsquo;apparence des pores est visiblement r\u00e9duite.<\/p>\n<p>Pr\u00e9paration et \u00c9quilibre : En clarifiant l&rsquo;\u00e9piderme et en maintenant son \u00e9quilibre, ce tonique pr\u00e9pare id\u00e9alement la peau \u00e0 recevoir les s\u00e9rums et cr\u00e8mes hydratantes suivants. Il est l&rsquo;\u00e9tape essentielle pour une base saine et sereine.<\/p>\n<p>Conseils d&rsquo;utilisation :<br \/>\nFr\u00e9quence : Utiliser quotidiennement, matin et\/ou soir, apr\u00e8s le nettoyage du visage.<\/p>\n<p>Application Coton : Imbibez g\u00e9n\u00e9reusement un coton de tonique. Passez-le doucement sur l&rsquo;ensemble du visage et du cou.<\/p>","protected":false},"excerpt":{"rendered":"<p>La Lotion Tonique Clarifiante ANUA \u00e0 l&rsquo;Acide Az\u00e9la\u00efque 3% et Centella Asiatica (250 ml) est la solution id\u00e9ale pour r\u00e9tablir l&rsquo;harmonie de&hellip;<\/p>","protected":false},"featured_media":14912,"comment_status":"open","ping_status":"closed","template":"","meta":[],"product_cat":[89],"product_tag":[],"yith_product_brand":[195],"class_list":{"0":"post-14913","1":"product","2":"type-product","3":"status-publish","4":"has-post-thumbnail","6":"product_cat-k-beauty","7":"yith_product_brand-anua","9":"first","10":"instock","11":"sale","12":"shipping-taxable","13":"purchasable","14":"product-type-simple"},"_links":{"self":[{"href":"https:\/\/parapharmacieenligne.ma\/en\/wp-json\/wp\/v2\/product\/14913","targetHints":{"allow":["GET"]}}],"collection":[{"href":"https:\/\/parapharmacieenligne.ma\/en\/wp-json\/wp\/v2\/product"}],"about":[{"href":"https:\/\/parapharmacieenligne.ma\/en\/wp-json\/wp\/v2\/types\/product"}],"replies":[{"embeddable":true,"href":"https:\/\/parapharmacieenligne.ma\/en\/wp-json\/wp\/v2\/comments?post=14913"}],"version-history":[{"count":1,"href":"https:\/\/parapharmacieenligne.ma\/en\/wp-json\/wp\/v2\/product\/14913\/revisions"}],"predecessor-version":[{"id":14914,"href":"https:\/\/parapharmacieenligne.ma\/en\/wp-json\/wp\/v2\/product\/14913\/revisions\/14914"}],"wp:featuredmedia":[{"embeddable":true,"href":"https:\/\/parapharmacieenligne.ma\/en\/wp-json\/wp\/v2\/media\/14912"}],"wp:attachment":[{"href":"https:\/\/parapharmacieenligne.ma\/en\/wp-json\/wp\/v2\/media?parent=14913"}],"wp:term":[{"taxonomy":"product_cat","embeddable":true,"href":"https:\/\/parapharmacieenligne.ma\/en\/wp-json\/wp\/v2\/product_cat?post=14913"},{"taxonomy":"product_tag","embeddable":true,"href":"https:\/\/parapharmacieenligne.ma\/en\/wp-json\/wp\/v2\/product_tag?post=14913"},{"taxonomy":"yith_product_brand","embeddable":true,"href":"https:\/\/parapharmacieenligne.ma\/en\/wp-json\/wp\/v2\/yith_product_brand?post=14913"}],"curies":[{"name":"wp","href":"https:\/\/api.w.org\/{rel}","templated":true}]}}