{"id":14916,"date":"2026-02-17T18:13:57","date_gmt":"2026-02-17T17:13:57","guid":{"rendered":"https:\/\/parapharmacieenligne.ma\/?post_type=product&#038;p=14916"},"modified":"2026-02-17T18:14:16","modified_gmt":"2026-02-17T17:14:16","slug":"anua-heartleaf-creme-masque-nuit","status":"publish","type":"product","link":"https:\/\/parapharmacieenligne.ma\/en\/product\/anua-heartleaf-creme-masque-nuit\/","title":{"rendered":"ANUA HEARTLEAF CREME MASQUE NUIT"},"content":{"rendered":"<p>Offrez \u00e0 votre peau une sensation apaisante et nourrissante avec le masque en feuille Anua Heartleaf Cream Mask Night Solution.<\/p>\n<p>Formul\u00e9 avec de l\u2019extrait de feuille de c\u0153ur, ce masque est id\u00e9al pour les peaux s\u00e8ches et sensibles, et parfait pour une routine de soins de la peau en soir\u00e9e.<\/p>\n<p>Ce masque en feuille infus\u00e9 d\u2019essence aide \u00e0 \u00e9liminer les impuret\u00e9s tout en apaisant et en hydratant votre peau.<\/p>\n<p>Ingr\u00e9dients cl\u00e9s :<\/p>\n<p>Extrait de Heartleaf (1 000 ppm) : Apaise la peau sensible tout en aidant \u00e0 \u00e9liminer les impuret\u00e9s.<br \/>\nPanth\u00e9nol : Restaure la barri\u00e8re naturelle de l\u2019humidit\u00e9 de la peau, emp\u00eachant la d\u00e9shydratation.<br \/>\nBeurre de Karit\u00e9 et C\u00e9ramide NP : Nourrissent en profondeur la peau s\u00e8che tout en renfor\u00e7ant la barri\u00e8re cutan\u00e9e.<br \/>\nAvantages :<\/p>\n<p>Le masque apporte une hydratation intense, contribuant \u00e0 reconstituer l\u2019humidit\u00e9 de la peau.<br \/>\nLa combinaison de beurre de karit\u00e9, de c\u00e9ramide et de panth\u00e9nol aide \u00e0 renforcer la barri\u00e8re cutan\u00e9e.<br \/>\nLa feuille de microfibre naturelle certifi\u00e9e v\u00e9g\u00e9talienne favorise une absorption maximale de l\u2019essence, sans irritation.<br \/>\nLe masque est facile \u00e0 appliquer, offrant une sensation de d\u00e9tente et de confort pendant l\u2019utilisation.<br \/>\nCONSEILS D&rsquo;UTILISATION:<\/p>\n<p>Apr\u00e8s le nettoyage, pr\u00e9parez votre peau avec un toner.<br \/>\nOuvrez l\u2019emballage du masque en feuille et placez-le sur votre visage, en \u00e9vitant les l\u00e8vres et les yeux.<br \/>\nLaissez agir pendant 15 \u00e0 20 minutes. Ensuite, retirez doucement le masque et tapotez l\u00e9g\u00e8rement pour une meilleure absorption de l\u2019essence restante.<br \/>\nSolutions pour la peau :<\/p>\n<p>Apaise et hydrate les peaux sensibles ou irrit\u00e9es.<br \/>\nR\u00e9duit l\u2019apparence des rougeurs et aide \u00e0 \u00e9quilibrer le teint.<br \/>\nNourrit en profondeur les peaux s\u00e8ches et pr\u00e9vient la perte d\u2019humidit\u00e9.<\/p>","protected":false},"excerpt":{"rendered":"<p>Offrez \u00e0 votre peau une sensation apaisante et nourrissante avec le masque en feuille Anua Heartleaf Cream Mask Night Solution. Formul\u00e9 avec&hellip;<\/p>","protected":false},"featured_media":14915,"comment_status":"open","ping_status":"closed","template":"","meta":[],"product_cat":[89],"product_tag":[],"yith_product_brand":[195],"class_list":{"0":"post-14916","1":"product","2":"type-product","3":"status-publish","4":"has-post-thumbnail","6":"product_cat-k-beauty","7":"yith_product_brand-anua","9":"first","10":"instock","11":"sale","12":"shipping-taxable","13":"purchasable","14":"product-type-simple"},"_links":{"self":[{"href":"https:\/\/parapharmacieenligne.ma\/en\/wp-json\/wp\/v2\/product\/14916","targetHints":{"allow":["GET"]}}],"collection":[{"href":"https:\/\/parapharmacieenligne.ma\/en\/wp-json\/wp\/v2\/product"}],"about":[{"href":"https:\/\/parapharmacieenligne.ma\/en\/wp-json\/wp\/v2\/types\/product"}],"replies":[{"embeddable":true,"href":"https:\/\/parapharmacieenligne.ma\/en\/wp-json\/wp\/v2\/comments?post=14916"}],"version-history":[{"count":1,"href":"https:\/\/parapharmacieenligne.ma\/en\/wp-json\/wp\/v2\/product\/14916\/revisions"}],"predecessor-version":[{"id":14917,"href":"https:\/\/parapharmacieenligne.ma\/en\/wp-json\/wp\/v2\/product\/14916\/revisions\/14917"}],"wp:featuredmedia":[{"embeddable":true,"href":"https:\/\/parapharmacieenligne.ma\/en\/wp-json\/wp\/v2\/media\/14915"}],"wp:attachment":[{"href":"https:\/\/parapharmacieenligne.ma\/en\/wp-json\/wp\/v2\/media?parent=14916"}],"wp:term":[{"taxonomy":"product_cat","embeddable":true,"href":"https:\/\/parapharmacieenligne.ma\/en\/wp-json\/wp\/v2\/product_cat?post=14916"},{"taxonomy":"product_tag","embeddable":true,"href":"https:\/\/parapharmacieenligne.ma\/en\/wp-json\/wp\/v2\/product_tag?post=14916"},{"taxonomy":"yith_product_brand","embeddable":true,"href":"https:\/\/parapharmacieenligne.ma\/en\/wp-json\/wp\/v2\/yith_product_brand?post=14916"}],"curies":[{"name":"wp","href":"https:\/\/api.w.org\/{rel}","templated":true}]}}