{"id":14956,"date":"2026-02-17T18:21:45","date_gmt":"2026-02-17T17:21:45","guid":{"rendered":"https:\/\/parapharmacieenligne.ma\/?post_type=product&#038;p=14956"},"modified":"2026-02-17T18:21:52","modified_gmt":"2026-02-17T17:21:52","slug":"anua-birch-70-toner-hydratant-pour-peau-apaisee","status":"publish","type":"product","link":"https:\/\/parapharmacieenligne.ma\/en\/product\/anua-birch-70-toner-hydratant-pour-peau-apaisee\/","title":{"rendered":"ANUA Birch 70 : toner hydratant pour peau apais\u00e9e"},"content":{"rendered":"<p>Ce tonique agit comme un booster d\u2019hydratation intensif gr\u00e2ce \u00e0 10 types d&rsquo;acides hyaluroniques, associ\u00e9s au panth\u00e9nol pour cr\u00e9er une barri\u00e8re hydratante puissante et maintenir la souplesse naturelle de la peau. Il renforce \u00e9galement la fonction barri\u00e8re gr\u00e2ce au complexe ABC \u2013 allanto\u00efne, b\u00e9ta\u00efne et extrait de concombre \u2013 qui apaise imm\u00e9diatement les rougeurs et \u00e9quilibre les niveaux d\u2019hydratation cutan\u00e9e.<\/p>\n<p>Adapt\u00e9 \u00e0 tous les types de peau, m\u00eame les plus sensibles, ce toner est sans parfum artificiel, sans alcool dess\u00e9chant, sans huiles essentielles et cruelty-free. Son pH l\u00e9g\u00e8rement acide respecte l\u2019\u00e9quilibre naturel de la peau pour une hydratation durable avec un minimum d&rsquo;irritations.<\/p>\n<p>Id\u00e9al en premi\u00e8re \u00e9tape de soin apr\u00e8s le nettoyage, ce tonique cor\u00e9en pr\u00e9pare la peau \u00e0 recevoir les actifs des s\u00e9rums et cr\u00e8mes, tout en la gorgeant d\u2019eau et de nutriments essentiels. Il r\u00e9v\u00e8le jour apr\u00e8s jour une peau plus douce, \u00e9clatante et visiblement plus saine.<\/p>\n<p>Conseils d&rsquo;utilisation<br \/>\nApr\u00e8s le nettoyage, versez une quantit\u00e9 ad\u00e9quate de toner dans les paumes ou sur un coton.<br \/>\nAppliquez uniform\u00e9ment sur le visage en tapotant doucement jusqu\u2019\u00e0 absorption compl\u00e8te.<br \/>\n\u00c0 utiliser matin et soir pour un effet hydratant optimal.<br \/>\nComposition<br \/>\nBetula Platyphylla Japonica Juice, Dipropylene Glycol, Glycerin, 1,2-Hexanediol, Methylpropanediol, Betaine, Allantoin, Cucumis Sativus (Cucumber) Fruit Extract, Gluconic Acid, Hydrolyzed Hyaluronic Acid, Hyaluronic Acid, Sodium Hyaluronate, Sodium Hyaluronate Crosspolymer, Hydrolyzed Glycosaminoglycans, Butylene Glycol, Gardenia Florida Fruit Extract, Isopentyldiol, Acrylates\/C10-30 Alkyl Acrylate Crosspolymer, Tromethamine, Citric Acid, Propanediol, Benzyl Glycol, Ethylhexylglycerin, Raspberry Ketone<\/p>","protected":false},"excerpt":{"rendered":"<p>Ce tonique agit comme un booster d\u2019hydratation intensif gr\u00e2ce \u00e0 10 types d&rsquo;acides hyaluroniques, associ\u00e9s au panth\u00e9nol pour cr\u00e9er une barri\u00e8re hydratante&hellip;<\/p>","protected":false},"featured_media":14955,"comment_status":"open","ping_status":"closed","template":"","meta":[],"product_cat":[89],"product_tag":[],"yith_product_brand":[195],"class_list":{"0":"post-14956","1":"product","2":"type-product","3":"status-publish","4":"has-post-thumbnail","6":"product_cat-k-beauty","7":"yith_product_brand-anua","9":"first","10":"instock","11":"sale","12":"shipping-taxable","13":"purchasable","14":"product-type-simple"},"_links":{"self":[{"href":"https:\/\/parapharmacieenligne.ma\/en\/wp-json\/wp\/v2\/product\/14956","targetHints":{"allow":["GET"]}}],"collection":[{"href":"https:\/\/parapharmacieenligne.ma\/en\/wp-json\/wp\/v2\/product"}],"about":[{"href":"https:\/\/parapharmacieenligne.ma\/en\/wp-json\/wp\/v2\/types\/product"}],"replies":[{"embeddable":true,"href":"https:\/\/parapharmacieenligne.ma\/en\/wp-json\/wp\/v2\/comments?post=14956"}],"version-history":[{"count":1,"href":"https:\/\/parapharmacieenligne.ma\/en\/wp-json\/wp\/v2\/product\/14956\/revisions"}],"predecessor-version":[{"id":14957,"href":"https:\/\/parapharmacieenligne.ma\/en\/wp-json\/wp\/v2\/product\/14956\/revisions\/14957"}],"wp:featuredmedia":[{"embeddable":true,"href":"https:\/\/parapharmacieenligne.ma\/en\/wp-json\/wp\/v2\/media\/14955"}],"wp:attachment":[{"href":"https:\/\/parapharmacieenligne.ma\/en\/wp-json\/wp\/v2\/media?parent=14956"}],"wp:term":[{"taxonomy":"product_cat","embeddable":true,"href":"https:\/\/parapharmacieenligne.ma\/en\/wp-json\/wp\/v2\/product_cat?post=14956"},{"taxonomy":"product_tag","embeddable":true,"href":"https:\/\/parapharmacieenligne.ma\/en\/wp-json\/wp\/v2\/product_tag?post=14956"},{"taxonomy":"yith_product_brand","embeddable":true,"href":"https:\/\/parapharmacieenligne.ma\/en\/wp-json\/wp\/v2\/yith_product_brand?post=14956"}],"curies":[{"name":"wp","href":"https:\/\/api.w.org\/{rel}","templated":true}]}}