{"id":14959,"date":"2026-02-17T18:21:59","date_gmt":"2026-02-17T17:21:59","guid":{"rendered":"https:\/\/parapharmacieenligne.ma\/?post_type=product&#038;p=14959"},"modified":"2026-02-17T18:22:14","modified_gmt":"2026-02-17T17:22:14","slug":"anua-heartleaf-70-soothing-cream-100ml","status":"publish","type":"product","link":"https:\/\/parapharmacieenligne.ma\/en\/product\/anua-heartleaf-70-soothing-cream-100ml\/","title":{"rendered":"ANUA HEARTLEAF 70 SOOTHING CREAM 100ML"},"content":{"rendered":"<p>Sa texture douce et non grasse p\u00e9n\u00e8tre rapidement, laissant votre peau souple, douce et profond\u00e9ment hydrat\u00e9e tout au long de la journ\u00e9e. Offrez \u00e0 votre peau le soin d\u00e9licat qu&rsquo;elle m\u00e9rite et retrouvez un teint apais\u00e9, confortable et \u00e9clatant de sant\u00e9.<\/p>\n<p>La ANUA HEARTLEAF 70 SOOTHING CREAM est bien plus qu&rsquo;une simple cr\u00e8me hydratante. Sa formule minimaliste et efficace se concentre sur l&rsquo;essentiel : l&rsquo;hydratation et l&rsquo;apaisement. L&rsquo;extrait d&rsquo;Houttuynia Cordata, ingr\u00e9dient star de cette cr\u00e8me, est riche en querc\u00e9tine et autres compos\u00e9s b\u00e9n\u00e9fiques qui aident \u00e0 calmer les irritations, \u00e0 renforcer la barri\u00e8re cutan\u00e9e et \u00e0 maintenir un niveau d&rsquo;hydratation optimal. Cette cr\u00e8me est id\u00e9ale pour les peaux sensibles, sujettes aux rougeurs ou d\u00e9shydrat\u00e9es. Elle apporte un soulagement imm\u00e9diat et une hydratation durable sans obstruer les pores ni laisser de film gras. Votre peau retrouve son confort, sa souplesse et un aspect visiblement plus sain et \u00e9quilibr\u00e9.<\/p>\n<p>Dites adieu aux sensations de tiraillement et aux rougeurs avec la ANUA HEARTLEAF 70 SOOTHING CREAM. Sa formule enrichie \u00e0 70% en extrait d&rsquo;Houttuynia Cordata offre \u00e0 votre peau un bain d&rsquo;hydratation apaisant et durable. L\u00e9g\u00e8re, non grasse et rapidement absorb\u00e9e, cette cr\u00e8me est le secret d&rsquo;une peau calme, confortable et \u00e9clatante de sant\u00e9. Int\u00e9grez-la \u00e0 votre routine quotidienne pour une peau visiblement plus \u00e9quilibr\u00e9e et apais\u00e9e.<\/p>\n<p>Conseils d&rsquo;utilisation :<\/p>\n<p>Nettoyer la peau : Apr\u00e8s avoir nettoy\u00e9 et tonifi\u00e9 votre visage.<br \/>\nMasser d\u00e9licatement : Appliquez la cr\u00e8me uniform\u00e9ment sur l&rsquo;ensemble du visage et du cou en effectuant de l\u00e9gers mouvements circulaires jusqu&rsquo;\u00e0 absorption compl\u00e8te.<br \/>\nComposition :<\/p>\n<p>Eau de fleur\/feuille\/tige d&rsquo;Houttuynia Cordata, butyl\u00e8ne glycol, glyc\u00e9rine, laurate d&rsquo;isoamyle, eau, 1,2-hexanediol, pentyl\u00e8ne glycol, extrait de Chlorella Vulgaris, extrait de Centella Asiatica, polyd\u00e9c\u00e8ne hydrog\u00e9n\u00e9, niacinamide, copolym\u00e8re d&rsquo;acrylate d&rsquo;hydroxy\u00e9thyle\/acryloyldim\u00e9thyl taurate de sodium, vinyl dim\u00e9thicone, caprylyl m\u00e9thicone, panth\u00e9nol, glucose, acrylates\/polym\u00e8re crois\u00e9 d&rsquo;acrylate d&rsquo;alkyle en C10-30, polym\u00e9thylsilsesquioxane, copolym\u00e8re d&rsquo;acrylate de glyc\u00e9ryle\/acide acrylique, dim\u00e9thiconol, trom\u00e9thamine, copolym\u00e8re d&rsquo;acryloyldim\u00e9thyltaurate d&rsquo;ammonium\/VP, fructo-oligosaccharides, fructose, glycyrrhizate dipotassique, \u00e9thylhexylglyc\u00e9rine, phytate de sodium, dipropyl\u00e8ne Glycol, tocoph\u00e9rol, acide mad\u00e9cassique, acide asiatique, asiaticoside, gomme xanthane<\/p>","protected":false},"excerpt":{"rendered":"<p>Sa texture douce et non grasse p\u00e9n\u00e8tre rapidement, laissant votre peau souple, douce et profond\u00e9ment hydrat\u00e9e tout au long de la journ\u00e9e.&hellip;<\/p>","protected":false},"featured_media":14958,"comment_status":"open","ping_status":"closed","template":"","meta":[],"product_cat":[89],"product_tag":[],"yith_product_brand":[195],"class_list":{"0":"post-14959","1":"product","2":"type-product","3":"status-publish","4":"has-post-thumbnail","6":"product_cat-k-beauty","7":"yith_product_brand-anua","9":"first","10":"instock","11":"sale","12":"shipping-taxable","13":"purchasable","14":"product-type-simple"},"_links":{"self":[{"href":"https:\/\/parapharmacieenligne.ma\/en\/wp-json\/wp\/v2\/product\/14959","targetHints":{"allow":["GET"]}}],"collection":[{"href":"https:\/\/parapharmacieenligne.ma\/en\/wp-json\/wp\/v2\/product"}],"about":[{"href":"https:\/\/parapharmacieenligne.ma\/en\/wp-json\/wp\/v2\/types\/product"}],"replies":[{"embeddable":true,"href":"https:\/\/parapharmacieenligne.ma\/en\/wp-json\/wp\/v2\/comments?post=14959"}],"version-history":[{"count":1,"href":"https:\/\/parapharmacieenligne.ma\/en\/wp-json\/wp\/v2\/product\/14959\/revisions"}],"predecessor-version":[{"id":14960,"href":"https:\/\/parapharmacieenligne.ma\/en\/wp-json\/wp\/v2\/product\/14959\/revisions\/14960"}],"wp:featuredmedia":[{"embeddable":true,"href":"https:\/\/parapharmacieenligne.ma\/en\/wp-json\/wp\/v2\/media\/14958"}],"wp:attachment":[{"href":"https:\/\/parapharmacieenligne.ma\/en\/wp-json\/wp\/v2\/media?parent=14959"}],"wp:term":[{"taxonomy":"product_cat","embeddable":true,"href":"https:\/\/parapharmacieenligne.ma\/en\/wp-json\/wp\/v2\/product_cat?post=14959"},{"taxonomy":"product_tag","embeddable":true,"href":"https:\/\/parapharmacieenligne.ma\/en\/wp-json\/wp\/v2\/product_tag?post=14959"},{"taxonomy":"yith_product_brand","embeddable":true,"href":"https:\/\/parapharmacieenligne.ma\/en\/wp-json\/wp\/v2\/yith_product_brand?post=14959"}],"curies":[{"name":"wp","href":"https:\/\/api.w.org\/{rel}","templated":true}]}}