{"id":14971,"date":"2026-02-17T18:23:13","date_gmt":"2026-02-17T17:23:13","guid":{"rendered":"https:\/\/parapharmacieenligne.ma\/?post_type=product&#038;p=14971"},"modified":"2026-02-17T18:23:26","modified_gmt":"2026-02-17T17:23:26","slug":"anua-100-pdrn-acide-hyaluronique-creme-hydratante-60ml","status":"publish","type":"product","link":"https:\/\/parapharmacieenligne.ma\/en\/product\/anua-100-pdrn-acide-hyaluronique-creme-hydratante-60ml\/","title":{"rendered":"ANUA 100+ PDRN ACIDE HYALURONIQUE CREME HYDRATANTE 60ML"},"content":{"rendered":"<p>Plongez dans l&rsquo;innovation biotechnologique cor\u00e9enne avec la Cr\u00e8me Hydratante ANUA PDRN Acide Hyaluronique 100. Ce n&rsquo;est pas une simple cr\u00e8me, c&rsquo;est une formule experte, une v\u00e9ritable solution d&rsquo;hydratation et de r\u00e9paration cellulaire con\u00e7ue pour am\u00e9liorer l&rsquo;\u00e9lasticit\u00e9 de la peau et lui donner une apparence visiblement plus jeune et plus saine.<\/p>\n<p>ANUA a con\u00e7u cette cr\u00e8me pour une triple action r\u00e9volutionnaire :<\/p>\n<p>Un Actif de Puissance pour une R\u00e9g\u00e9n\u00e9ration Intense : La force de cette cr\u00e8me r\u00e9side dans son inclusion du PDRN (PolyD\u00e9soxyRiboNucl\u00e9otide), un ingr\u00e9dient de pointe de la bio-cosm\u00e9tique, reconnu pour ses propri\u00e9t\u00e9s r\u00e9g\u00e9n\u00e9rantes et r\u00e9paratrices. Le PDRN travaille en synergie avec l&rsquo;Acide Hyaluronique, champion de l&rsquo;hydratation, pour non seulement apporter une hydratation intense, mais aussi pour stimuler la r\u00e9paration des tissus. Cette action combin\u00e9e assure une hydratation qui dure et une capacit\u00e9 de la peau \u00e0 se r\u00e9parer plus efficacement.<\/p>\n<p>Une Solution Compl\u00e8te pour un Teint Fortifi\u00e9 : Cette cr\u00e8me va au-del\u00e0 de l&rsquo;hydratation. Elle est sp\u00e9cialement formul\u00e9e pour renforcer la barri\u00e8re cutan\u00e9e, le bouclier essentiel qui prot\u00e8ge la peau contre les agressions ext\u00e9rieures et la perte en eau. Lorsque la barri\u00e8re est renforc\u00e9e, la peau est moins sensible, plus r\u00e9sistante et mieux capable de conserver son hydratation. De plus, elle contribue activement \u00e0 am\u00e9liorer l\u2019\u00e9lasticit\u00e9 de la peau, ce qui se traduit par une r\u00e9duction de l&rsquo;apparence des ridules et une peau plus ferme. Le r\u00e9sultat visible est une peau douce, lisse et \u00e9clatante de vitalit\u00e9.<\/p>\n<p>Conseils d&rsquo;utilisation :<\/p>\n<p>Apr\u00e8s avoir nettoy\u00e9 et appliqu\u00e9 votre s\u00e9rum, pr\u00e9levez une quantit\u00e9 appropri\u00e9e de cr\u00e8me sur le bout de vos doigts.<\/p>\n<p>Appliquez en massant d\u00e9licatement l&rsquo;ensemble du visage et du cou matin et soir<\/p>","protected":false},"excerpt":{"rendered":"<p>Plongez dans l&rsquo;innovation biotechnologique cor\u00e9enne avec la Cr\u00e8me Hydratante ANUA PDRN Acide Hyaluronique 100. Ce n&rsquo;est pas une simple cr\u00e8me, c&rsquo;est une&hellip;<\/p>","protected":false},"featured_media":14970,"comment_status":"open","ping_status":"closed","template":"","meta":[],"product_cat":[89],"product_tag":[],"yith_product_brand":[195],"class_list":{"0":"post-14971","1":"product","2":"type-product","3":"status-publish","4":"has-post-thumbnail","6":"product_cat-k-beauty","7":"yith_product_brand-anua","9":"first","10":"instock","11":"sale","12":"shipping-taxable","13":"purchasable","14":"product-type-simple"},"_links":{"self":[{"href":"https:\/\/parapharmacieenligne.ma\/en\/wp-json\/wp\/v2\/product\/14971","targetHints":{"allow":["GET"]}}],"collection":[{"href":"https:\/\/parapharmacieenligne.ma\/en\/wp-json\/wp\/v2\/product"}],"about":[{"href":"https:\/\/parapharmacieenligne.ma\/en\/wp-json\/wp\/v2\/types\/product"}],"replies":[{"embeddable":true,"href":"https:\/\/parapharmacieenligne.ma\/en\/wp-json\/wp\/v2\/comments?post=14971"}],"version-history":[{"count":1,"href":"https:\/\/parapharmacieenligne.ma\/en\/wp-json\/wp\/v2\/product\/14971\/revisions"}],"predecessor-version":[{"id":14972,"href":"https:\/\/parapharmacieenligne.ma\/en\/wp-json\/wp\/v2\/product\/14971\/revisions\/14972"}],"wp:featuredmedia":[{"embeddable":true,"href":"https:\/\/parapharmacieenligne.ma\/en\/wp-json\/wp\/v2\/media\/14970"}],"wp:attachment":[{"href":"https:\/\/parapharmacieenligne.ma\/en\/wp-json\/wp\/v2\/media?parent=14971"}],"wp:term":[{"taxonomy":"product_cat","embeddable":true,"href":"https:\/\/parapharmacieenligne.ma\/en\/wp-json\/wp\/v2\/product_cat?post=14971"},{"taxonomy":"product_tag","embeddable":true,"href":"https:\/\/parapharmacieenligne.ma\/en\/wp-json\/wp\/v2\/product_tag?post=14971"},{"taxonomy":"yith_product_brand","embeddable":true,"href":"https:\/\/parapharmacieenligne.ma\/en\/wp-json\/wp\/v2\/yith_product_brand?post=14971"}],"curies":[{"name":"wp","href":"https:\/\/api.w.org\/{rel}","templated":true}]}}