{"id":14974,"date":"2026-02-17T18:23:36","date_gmt":"2026-02-17T17:23:36","guid":{"rendered":"https:\/\/parapharmacieenligne.ma\/?post_type=product&#038;p=14974"},"modified":"2026-02-17T18:23:46","modified_gmt":"2026-02-17T17:23:46","slug":"anua-brightening-pad-niacinamide-5-txa-60-pads","status":"publish","type":"product","link":"https:\/\/parapharmacieenligne.ma\/en\/product\/anua-brightening-pad-niacinamide-5-txa-60-pads\/","title":{"rendered":"ANUA BRIGHTENING PAD NIACINAMIDE 5+ TXA 60 PADS"},"content":{"rendered":"<p>Notre mode de vie moderne, le stress et la fatigue se refl\u00e8tent souvent sur notre peau, en particulier autour des yeux, o\u00f9 la peau est la plus fine et la plus fragile. Les ANUA Brightening Pad Niacinamide 5% + TXA sont sp\u00e9cifiquement con\u00e7us pour r\u00e9pondre \u00e0 ces pr\u00e9occupations. Ce disque tonique innovant est une solution tout-en-un pour am\u00e9liorer visiblement l&rsquo;apparence des peaux ternes et fatigu\u00e9es.<\/p>\n<p>Ce qui rend ces pads si efficaces, c&rsquo;est leur formule riche et leur design intelligent :<\/p>\n<p>Actifs \u00c9claircissants Puissants : Au c\u0153ur de la formule, le Niacinamide (vitamine B3) \u00e0 5% est un ingr\u00e9dient multi-b\u00e9n\u00e9fices. Il aide \u00e0 r\u00e9duire l&rsquo;apparence des taches pigmentaires, \u00e0 unifier le teint, \u00e0 renforcer la barri\u00e8re cutan\u00e9e et \u00e0 minimiser les pores. Le TXA (Acide Tranexamique) est un autre actif \u00e9claircissant de pointe qui cible les hyperpigmentations et les rougeurs, travaillant en synergie avec la Niacinamide pour un teint plus homog\u00e8ne et lumineux.<\/p>\n<p>Forme Ergonomique : La forme en croissant de ces disques est un atout majeur. Elle \u00e9pouse parfaitement les contours des yeux, permettant une application cibl\u00e9e et efficace sur cette zone d\u00e9licate, souvent sujette aux cernes et \u00e0 la fatigue.<\/p>\n<p>Hydratation L\u00e9g\u00e8re et Apaisante : Les pads sont imbib\u00e9s d&rsquo;une solution qui offre une hydratation l\u00e9g\u00e8re et apaisante. Cette hydratation cibl\u00e9e est essentielle pour le contour des yeux, qui a tendance \u00e0 se d\u00e9shydrater rapidement, accentuant l&rsquo;aspect fatigu\u00e9. L&rsquo;effet apaisant contribue \u00e0 r\u00e9duire les sensations d&rsquo;irritation ou de tiraillement.<\/p>\n<p>L&rsquo;utilisation r\u00e9guli\u00e8re de ces pads est la cl\u00e9 pour obtenir des r\u00e9sultats transformateurs. Ils sont id\u00e9aux pour rafra\u00eechir le contour des yeux, r\u00e9duisant l&rsquo;apparence des poches et des cernes, et pour favoriser un teint plus \u00e9clatant sur l&rsquo;ensemble du visage.<\/p>\n<p>Conseils d&rsquo;utilisation :<\/p>\n<p>Utilisez les pads apr\u00e8s avoir nettoy\u00e9 et tonifi\u00e9 votre visage, matin et\/ou soir. Ils peuvent remplacer votre \u00e9tape de tonique ou \u00eatre utilis\u00e9s comme un traitement cibl\u00e9.<\/p>\n<p>Composition :<\/p>\n<p>Water, Butylene Glycol, Glycereth-26, Niacinamide, Glycerin, Hydroxyethyl Urea, 1,2-Hexanediol, Hydrolyzed Collagen, Terminalia Ferdinandiana Fruit Extract, Diethoxyethyl Succinate, Hydroxyacetophenone, Glycosyl Trehalose, Hydrogenated Starch Hydrolysate, Melia Azadirachta Leaf Extract, Melia Azadirachta Flower Extract, Coccinia Indica Fruit Extract, Aloe Barbadensis Flower Extract, Solanum Melongena (Eggplant) Fruit Extract, Ocimum Sanctum Leaf Extract, Corallina Officinalis Extract, Curcuma Longa (Turmeric) Root Extract, Glycereth-25 PCA Isostearate, Propanediol, Hyaluronic Acid, Hydrolyzed Hyaluronic Acid<\/p>","protected":false},"excerpt":{"rendered":"<p>Notre mode de vie moderne, le stress et la fatigue se refl\u00e8tent souvent sur notre peau, en particulier autour des yeux, o\u00f9&hellip;<\/p>","protected":false},"featured_media":14973,"comment_status":"open","ping_status":"closed","template":"","meta":[],"product_cat":[89],"product_tag":[],"yith_product_brand":[195],"class_list":{"0":"post-14974","1":"product","2":"type-product","3":"status-publish","4":"has-post-thumbnail","6":"product_cat-k-beauty","7":"yith_product_brand-anua","9":"first","10":"instock","11":"sale","12":"shipping-taxable","13":"purchasable","14":"product-type-simple"},"_links":{"self":[{"href":"https:\/\/parapharmacieenligne.ma\/en\/wp-json\/wp\/v2\/product\/14974","targetHints":{"allow":["GET"]}}],"collection":[{"href":"https:\/\/parapharmacieenligne.ma\/en\/wp-json\/wp\/v2\/product"}],"about":[{"href":"https:\/\/parapharmacieenligne.ma\/en\/wp-json\/wp\/v2\/types\/product"}],"replies":[{"embeddable":true,"href":"https:\/\/parapharmacieenligne.ma\/en\/wp-json\/wp\/v2\/comments?post=14974"}],"version-history":[{"count":1,"href":"https:\/\/parapharmacieenligne.ma\/en\/wp-json\/wp\/v2\/product\/14974\/revisions"}],"predecessor-version":[{"id":14975,"href":"https:\/\/parapharmacieenligne.ma\/en\/wp-json\/wp\/v2\/product\/14974\/revisions\/14975"}],"wp:featuredmedia":[{"embeddable":true,"href":"https:\/\/parapharmacieenligne.ma\/en\/wp-json\/wp\/v2\/media\/14973"}],"wp:attachment":[{"href":"https:\/\/parapharmacieenligne.ma\/en\/wp-json\/wp\/v2\/media?parent=14974"}],"wp:term":[{"taxonomy":"product_cat","embeddable":true,"href":"https:\/\/parapharmacieenligne.ma\/en\/wp-json\/wp\/v2\/product_cat?post=14974"},{"taxonomy":"product_tag","embeddable":true,"href":"https:\/\/parapharmacieenligne.ma\/en\/wp-json\/wp\/v2\/product_tag?post=14974"},{"taxonomy":"yith_product_brand","embeddable":true,"href":"https:\/\/parapharmacieenligne.ma\/en\/wp-json\/wp\/v2\/yith_product_brand?post=14974"}],"curies":[{"name":"wp","href":"https:\/\/api.w.org\/{rel}","templated":true}]}}