{"id":15040,"date":"2026-02-17T18:49:49","date_gmt":"2026-02-17T17:49:49","guid":{"rendered":"https:\/\/parapharmacieenligne.ma\/?post_type=product&#038;p=15040"},"modified":"2026-02-17T18:49:57","modified_gmt":"2026-02-17T17:49:57","slug":"botanika-shampooing-cheveux-colores-shines-250-ml","status":"publish","type":"product","link":"https:\/\/parapharmacieenligne.ma\/en\/product\/botanika-shampooing-cheveux-colores-shines-250-ml\/","title":{"rendered":"BOTANIKA SHAMPOOING CHEVEUX COLORES SHINES 250 ML"},"content":{"rendered":"<p>Le shampoing Shiness pour les cheveux color\u00e9s ou m\u00e9ch\u00e9s de la gamme BOTANIKA MARRAKECH, pr\u00e9serve la couleur et sublime son \u00e9clat. Un mariage d&rsquo;actifs naturels \u00e0 effet gainant et fortifiant (Proteine de Soie, Extrait de feuilles d&rsquo;arganier, huile d&rsquo;olive, miel et karit\u00e9) pour prot\u00e8ger les cheveux contre les agressions ext\u00e9rieures (soleil, chlore, sel\u2026). Sans sulfate, ce shampoing nourrit durablement le cheveu sensible et favorise son d\u00e9m\u00ealage.<\/p>\n<p>Conseils d\u2019utilisation :<br \/>\nBrosser vos cheveux puis mouiller votre chevelure et r\u00e9partisser le shampoing. Frictionner. Rincer.<\/p>","protected":false},"excerpt":{"rendered":"<p>Le shampoing Shiness pour les cheveux color\u00e9s ou m\u00e9ch\u00e9s de la gamme BOTANIKA MARRAKECH, pr\u00e9serve la couleur et sublime son \u00e9clat. Un&hellip;<\/p>","protected":false},"featured_media":15039,"comment_status":"open","ping_status":"closed","template":"","meta":[],"product_cat":[84],"product_tag":[],"yith_product_brand":[196],"class_list":{"0":"post-15040","1":"product","2":"type-product","3":"status-publish","4":"has-post-thumbnail","6":"product_cat-soins-cheveux","7":"yith_product_brand-botanika","9":"first","10":"instock","11":"sale","12":"shipping-taxable","13":"purchasable","14":"product-type-simple"},"_links":{"self":[{"href":"https:\/\/parapharmacieenligne.ma\/en\/wp-json\/wp\/v2\/product\/15040","targetHints":{"allow":["GET"]}}],"collection":[{"href":"https:\/\/parapharmacieenligne.ma\/en\/wp-json\/wp\/v2\/product"}],"about":[{"href":"https:\/\/parapharmacieenligne.ma\/en\/wp-json\/wp\/v2\/types\/product"}],"replies":[{"embeddable":true,"href":"https:\/\/parapharmacieenligne.ma\/en\/wp-json\/wp\/v2\/comments?post=15040"}],"version-history":[{"count":1,"href":"https:\/\/parapharmacieenligne.ma\/en\/wp-json\/wp\/v2\/product\/15040\/revisions"}],"predecessor-version":[{"id":15041,"href":"https:\/\/parapharmacieenligne.ma\/en\/wp-json\/wp\/v2\/product\/15040\/revisions\/15041"}],"wp:featuredmedia":[{"embeddable":true,"href":"https:\/\/parapharmacieenligne.ma\/en\/wp-json\/wp\/v2\/media\/15039"}],"wp:attachment":[{"href":"https:\/\/parapharmacieenligne.ma\/en\/wp-json\/wp\/v2\/media?parent=15040"}],"wp:term":[{"taxonomy":"product_cat","embeddable":true,"href":"https:\/\/parapharmacieenligne.ma\/en\/wp-json\/wp\/v2\/product_cat?post=15040"},{"taxonomy":"product_tag","embeddable":true,"href":"https:\/\/parapharmacieenligne.ma\/en\/wp-json\/wp\/v2\/product_tag?post=15040"},{"taxonomy":"yith_product_brand","embeddable":true,"href":"https:\/\/parapharmacieenligne.ma\/en\/wp-json\/wp\/v2\/yith_product_brand?post=15040"}],"curies":[{"name":"wp","href":"https:\/\/api.w.org\/{rel}","templated":true}]}}