{"id":15043,"date":"2026-02-17T18:50:08","date_gmt":"2026-02-17T17:50:08","guid":{"rendered":"https:\/\/parapharmacieenligne.ma\/?post_type=product&#038;p=15043"},"modified":"2026-02-17T18:50:17","modified_gmt":"2026-02-17T17:50:17","slug":"botanika-serum-cheveux-de-nuit-150-ml","status":"publish","type":"product","link":"https:\/\/parapharmacieenligne.ma\/en\/product\/botanika-serum-cheveux-de-nuit-150-ml\/","title":{"rendered":"BOTANIKA SERUM CHEVEUX DE NUIT 150 ML"},"content":{"rendered":"<p>Le s\u00e9rum cheveux nuit de la gamme BOTANIKA MARRAKECH est utilis\u00e9 pendant la nuit, le moment privil\u00e9gi\u00e9 o\u00f9 le cuir chevelu est plus que jamais r\u00e9ceptif au soin pour se ressourcer et reconstituer ses d\u00e9fenses naturelles. Rapidement absorb\u00e9e sans laisser de r\u00e9sidu sur votre oreiller, riche en extrait de feuilles d&rsquo;arganier, de prot\u00e9ines de bl\u00e9 et de soja, cette lotion permet de nourrir, r\u00e9g\u00e9n\u00e9rer et prot\u00e9ger vos cheveux. La fibre capillaire est renforc\u00e9e.<\/p>\n<p>100% Naturel<\/p>\n<p>Conseils d&rsquo;utilisation:<\/p>\n<p>Bien agiter, vaporiser puis laisser agir pendant la nuit. Rincer le matin.<\/p>","protected":false},"excerpt":{"rendered":"<p>Le s\u00e9rum cheveux nuit de la gamme BOTANIKA MARRAKECH est utilis\u00e9 pendant la nuit, le moment privil\u00e9gi\u00e9 o\u00f9 le cuir chevelu est&hellip;<\/p>","protected":false},"featured_media":15042,"comment_status":"open","ping_status":"closed","template":"","meta":[],"product_cat":[84],"product_tag":[],"yith_product_brand":[196],"class_list":{"0":"post-15043","1":"product","2":"type-product","3":"status-publish","4":"has-post-thumbnail","6":"product_cat-soins-cheveux","7":"yith_product_brand-botanika","9":"first","10":"instock","11":"sale","12":"shipping-taxable","13":"purchasable","14":"product-type-simple"},"_links":{"self":[{"href":"https:\/\/parapharmacieenligne.ma\/en\/wp-json\/wp\/v2\/product\/15043","targetHints":{"allow":["GET"]}}],"collection":[{"href":"https:\/\/parapharmacieenligne.ma\/en\/wp-json\/wp\/v2\/product"}],"about":[{"href":"https:\/\/parapharmacieenligne.ma\/en\/wp-json\/wp\/v2\/types\/product"}],"replies":[{"embeddable":true,"href":"https:\/\/parapharmacieenligne.ma\/en\/wp-json\/wp\/v2\/comments?post=15043"}],"version-history":[{"count":1,"href":"https:\/\/parapharmacieenligne.ma\/en\/wp-json\/wp\/v2\/product\/15043\/revisions"}],"predecessor-version":[{"id":15044,"href":"https:\/\/parapharmacieenligne.ma\/en\/wp-json\/wp\/v2\/product\/15043\/revisions\/15044"}],"wp:featuredmedia":[{"embeddable":true,"href":"https:\/\/parapharmacieenligne.ma\/en\/wp-json\/wp\/v2\/media\/15042"}],"wp:attachment":[{"href":"https:\/\/parapharmacieenligne.ma\/en\/wp-json\/wp\/v2\/media?parent=15043"}],"wp:term":[{"taxonomy":"product_cat","embeddable":true,"href":"https:\/\/parapharmacieenligne.ma\/en\/wp-json\/wp\/v2\/product_cat?post=15043"},{"taxonomy":"product_tag","embeddable":true,"href":"https:\/\/parapharmacieenligne.ma\/en\/wp-json\/wp\/v2\/product_tag?post=15043"},{"taxonomy":"yith_product_brand","embeddable":true,"href":"https:\/\/parapharmacieenligne.ma\/en\/wp-json\/wp\/v2\/yith_product_brand?post=15043"}],"curies":[{"name":"wp","href":"https:\/\/api.w.org\/{rel}","templated":true}]}}